{"id":836,"date":"2016-01-16T13:54:51","date_gmt":"2016-01-16T18:54:51","guid":{"rendered":"https:\/\/techdesign.com.ec\/techw\/?page_id=836"},"modified":"2021-08-05T11:51:07","modified_gmt":"2021-08-05T16:51:07","slug":"porque-techdesign","status":"publish","type":"page","link":"https:\/\/techdesign.com.ec\/techw\/porque-techdesign\/","title":{"rendered":"\u00bfPor qu\u00e9 elegir a TechDesign?"},"content":{"rendered":"<p><a href=\"https:\/\/techdesign.com.ec\/techw\/wp-content\/uploads\/2021\/08\/Carta-de-Presentaci\u00f3n-TechDesign-2020-A.pdf\">Carta de presentaci\u00f2n:<\/a> <a href=\"https:\/\/techdesign.com.ec\/techw\/wp-content\/uploads\/2021\/08\/Carta-de-Presentaci\u00f3n-TechDesign-2020-A.pdf\">https:\/\/techdesign.com.ec\/techw\/wp-content\/uploads\/2021\/08\/Carta-de-Presentaci\u00f3n-TechDesign-2020-A.pdf<\/a><\/p>\n<p>Porque:<\/p>\n<ul>\n<li>Tenemos 17 a\u00f1os de experiencia en el campo mecatr\u00f3nico.<\/li>\n<li>Somos una empresa seria que cumple con los requerimientos de nuestros <a href=\"https:\/\/techdesign.com.ec\/techw\/clientes\/\">clientes<\/a>.<\/li>\n<li>Contamos con profesionales altamente calificados para desarrollar <a href=\"https:\/\/techdesign.com.ec\/techw\/proyectos-de-automatizacion\/\">proyectos<\/a>.<\/li>\n<li>El 100% de nuestros <a href=\"https:\/\/techdesign.com.ec\/techw\/clientes\/\">clientes<\/a> satisfechos confian en nosotros.<\/li>\n<li>Disponemos de los mejores <a href=\"https:\/\/techdesign.com.ec\/techw\/\">productos <\/a>y servicios a los mejores precios.<\/li>\n<li>Resolvemos los problemas m\u00e1s complejos en el menor tiempo.<\/li>\n<\/ul>\n","protected":false},"excerpt":{"rendered":"<p>Carta de presentaci\u00f2n: https:\/\/techdesign.com.ec\/techw\/wp-content\/uploads\/2021\/08\/Carta-de-Presentaci\u00f3n-TechDesign-2020-A.pdf Porque: Tenemos 17 a\u00f1os de experiencia en el campo mecatr\u00f3nico. Somos una empresa seria que cumple con los requerimientos de nuestros clientes. Contamos con profesionales altamente calificados para desarrollar proyectos. El 100% de nuestros clientes satisfechos confian en nosotros. Disponemos de los mejores productos y servicios a los mejores precios. Resolvemos [&hellip;]<\/p>\n","protected":false},"author":1,"featured_media":0,"parent":0,"menu_order":0,"comment_status":"open","ping_status":"open","template":"","meta":{"footnotes":""},"class_list":["post-836","page","type-page","status-publish","hentry"],"yoast_head":"<!-- This site is optimized with the Yoast SEO plugin v27.4 - https:\/\/yoast.com\/product\/yoast-seo-wordpress\/ -->\n<title>\u00bfPor qu\u00e9 elegir a TechDesign? - TechDesign - Automatizaci&oacute;n, PLCs CAD CAM CNC servomotores robots Cursos<\/title>\n<meta name=\"robots\" content=\"index, follow, max-snippet:-1, max-image-preview:large, max-video-preview:-1\" \/>\n<link rel=\"canonical\" href=\"https:\/\/techdesign.com.ec\/techw\/porque-techdesign\/\" \/>\n<meta property=\"og:locale\" content=\"es_ES\" \/>\n<meta property=\"og:type\" content=\"article\" \/>\n<meta property=\"og:title\" content=\"\u00bfPor qu\u00e9 elegir a TechDesign? - TechDesign - Automatizaci&oacute;n, PLCs CAD CAM CNC servomotores robots Cursos\" \/>\n<meta property=\"og:description\" content=\"Carta de presentaci\u00f2n: https:\/\/techdesign.com.ec\/techw\/wp-content\/uploads\/2021\/08\/Carta-de-Presentaci\u00f3n-TechDesign-2020-A.pdf Porque: Tenemos 17 a\u00f1os de experiencia en el campo mecatr\u00f3nico. Somos una empresa seria que cumple con los requerimientos de nuestros clientes. Contamos con profesionales altamente calificados para desarrollar proyectos. El 100% de nuestros clientes satisfechos confian en nosotros. Disponemos de los mejores productos y servicios a los mejores precios. Resolvemos [&hellip;]\" \/>\n<meta property=\"og:url\" content=\"https:\/\/techdesign.com.ec\/techw\/porque-techdesign\/\" \/>\n<meta property=\"og:site_name\" content=\"TechDesign - Automatizaci&oacute;n, PLCs CAD CAM CNC servomotores robots Cursos\" \/>\n<meta property=\"article:modified_time\" content=\"2021-08-05T16:51:07+00:00\" \/>\n<meta name=\"twitter:card\" content=\"summary_large_image\" \/>\n<script type=\"application\/ld+json\" class=\"yoast-schema-graph\">{\"@context\":\"https:\\\/\\\/schema.org\",\"@graph\":[{\"@type\":\"WebPage\",\"@id\":\"https:\\\/\\\/techdesign.com.ec\\\/techw\\\/porque-techdesign\\\/\",\"url\":\"https:\\\/\\\/techdesign.com.ec\\\/techw\\\/porque-techdesign\\\/\",\"name\":\"\u00bfPor qu\u00e9 elegir a TechDesign? - TechDesign - Automatizaci&oacute;n, PLCs CAD CAM CNC servomotores robots Cursos\",\"isPartOf\":{\"@id\":\"https:\\\/\\\/techdesign.com.ec\\\/techw\\\/#website\"},\"datePublished\":\"2016-01-16T18:54:51+00:00\",\"dateModified\":\"2021-08-05T16:51:07+00:00\",\"breadcrumb\":{\"@id\":\"https:\\\/\\\/techdesign.com.ec\\\/techw\\\/porque-techdesign\\\/#breadcrumb\"},\"inLanguage\":\"es\",\"potentialAction\":[{\"@type\":\"ReadAction\",\"target\":[\"https:\\\/\\\/techdesign.com.ec\\\/techw\\\/porque-techdesign\\\/\"]}]},{\"@type\":\"BreadcrumbList\",\"@id\":\"https:\\\/\\\/techdesign.com.ec\\\/techw\\\/porque-techdesign\\\/#breadcrumb\",\"itemListElement\":[{\"@type\":\"ListItem\",\"position\":1,\"name\":\"Portada\",\"item\":\"https:\\\/\\\/techdesign.com.ec\\\/techw\\\/\"},{\"@type\":\"ListItem\",\"position\":2,\"name\":\"\u00bfPor qu\u00e9 elegir a TechDesign?\"}]},{\"@type\":\"WebSite\",\"@id\":\"https:\\\/\\\/techdesign.com.ec\\\/techw\\\/#website\",\"url\":\"https:\\\/\\\/techdesign.com.ec\\\/techw\\\/\",\"name\":\"TechDesign - Automatizaci&oacute;n, PLCs CAD CAM CNC servomotores robots Cursos\",\"description\":\"Automatizaci&oacute;n y Optimizaci&oacute;n de Procesos Industriales, ingenier&iacute;a mecatr&oacute;nica, cad cam cae cnc\",\"publisher\":{\"@id\":\"https:\\\/\\\/techdesign.com.ec\\\/techw\\\/#organization\"},\"potentialAction\":[{\"@type\":\"SearchAction\",\"target\":{\"@type\":\"EntryPoint\",\"urlTemplate\":\"https:\\\/\\\/techdesign.com.ec\\\/techw\\\/?s={search_term_string}\"},\"query-input\":{\"@type\":\"PropertyValueSpecification\",\"valueRequired\":true,\"valueName\":\"search_term_string\"}}],\"inLanguage\":\"es\"},{\"@type\":\"Organization\",\"@id\":\"https:\\\/\\\/techdesign.com.ec\\\/techw\\\/#organization\",\"name\":\"TechDesign - Automatizaci&oacute;n, PLCs CAD CAM CNC servomotores robots Cursos\",\"url\":\"https:\\\/\\\/techdesign.com.ec\\\/techw\\\/\",\"logo\":{\"@type\":\"ImageObject\",\"inLanguage\":\"es\",\"@id\":\"https:\\\/\\\/techdesign.com.ec\\\/techw\\\/#\\\/schema\\\/logo\\\/image\\\/\",\"url\":\"https:\\\/\\\/techdesign.com.ec\\\/techw\\\/wp-content\\\/uploads\\\/2020\\\/01\\\/Logo-TechDesign_new500.png\",\"contentUrl\":\"https:\\\/\\\/techdesign.com.ec\\\/techw\\\/wp-content\\\/uploads\\\/2020\\\/01\\\/Logo-TechDesign_new500.png\",\"width\":515,\"height\":237,\"caption\":\"TechDesign - Automatizaci&oacute;n, PLCs CAD CAM CNC servomotores robots Cursos\"},\"image\":{\"@id\":\"https:\\\/\\\/techdesign.com.ec\\\/techw\\\/#\\\/schema\\\/logo\\\/image\\\/\"}}]}<\/script>\n<!-- \/ Yoast SEO plugin. -->","yoast_head_json":{"title":"\u00bfPor qu\u00e9 elegir a TechDesign? - TechDesign - Automatizaci&oacute;n, PLCs CAD CAM CNC servomotores robots Cursos","robots":{"index":"index","follow":"follow","max-snippet":"max-snippet:-1","max-image-preview":"max-image-preview:large","max-video-preview":"max-video-preview:-1"},"canonical":"https:\/\/techdesign.com.ec\/techw\/porque-techdesign\/","og_locale":"es_ES","og_type":"article","og_title":"\u00bfPor qu\u00e9 elegir a TechDesign? - TechDesign - Automatizaci&oacute;n, PLCs CAD CAM CNC servomotores robots Cursos","og_description":"Carta de presentaci\u00f2n: https:\/\/techdesign.com.ec\/techw\/wp-content\/uploads\/2021\/08\/Carta-de-Presentaci\u00f3n-TechDesign-2020-A.pdf Porque: Tenemos 17 a\u00f1os de experiencia en el campo mecatr\u00f3nico. Somos una empresa seria que cumple con los requerimientos de nuestros clientes. Contamos con profesionales altamente calificados para desarrollar proyectos. El 100% de nuestros clientes satisfechos confian en nosotros. Disponemos de los mejores productos y servicios a los mejores precios. Resolvemos [&hellip;]","og_url":"https:\/\/techdesign.com.ec\/techw\/porque-techdesign\/","og_site_name":"TechDesign - Automatizaci&oacute;n, PLCs CAD CAM CNC servomotores robots Cursos","article_modified_time":"2021-08-05T16:51:07+00:00","twitter_card":"summary_large_image","schema":{"@context":"https:\/\/schema.org","@graph":[{"@type":"WebPage","@id":"https:\/\/techdesign.com.ec\/techw\/porque-techdesign\/","url":"https:\/\/techdesign.com.ec\/techw\/porque-techdesign\/","name":"\u00bfPor qu\u00e9 elegir a TechDesign? - TechDesign - Automatizaci&oacute;n, PLCs CAD CAM CNC servomotores robots Cursos","isPartOf":{"@id":"https:\/\/techdesign.com.ec\/techw\/#website"},"datePublished":"2016-01-16T18:54:51+00:00","dateModified":"2021-08-05T16:51:07+00:00","breadcrumb":{"@id":"https:\/\/techdesign.com.ec\/techw\/porque-techdesign\/#breadcrumb"},"inLanguage":"es","potentialAction":[{"@type":"ReadAction","target":["https:\/\/techdesign.com.ec\/techw\/porque-techdesign\/"]}]},{"@type":"BreadcrumbList","@id":"https:\/\/techdesign.com.ec\/techw\/porque-techdesign\/#breadcrumb","itemListElement":[{"@type":"ListItem","position":1,"name":"Portada","item":"https:\/\/techdesign.com.ec\/techw\/"},{"@type":"ListItem","position":2,"name":"\u00bfPor qu\u00e9 elegir a TechDesign?"}]},{"@type":"WebSite","@id":"https:\/\/techdesign.com.ec\/techw\/#website","url":"https:\/\/techdesign.com.ec\/techw\/","name":"TechDesign - Automatizaci&oacute;n, PLCs CAD CAM CNC servomotores robots Cursos","description":"Automatizaci&oacute;n y Optimizaci&oacute;n de Procesos Industriales, ingenier&iacute;a mecatr&oacute;nica, cad cam cae cnc","publisher":{"@id":"https:\/\/techdesign.com.ec\/techw\/#organization"},"potentialAction":[{"@type":"SearchAction","target":{"@type":"EntryPoint","urlTemplate":"https:\/\/techdesign.com.ec\/techw\/?s={search_term_string}"},"query-input":{"@type":"PropertyValueSpecification","valueRequired":true,"valueName":"search_term_string"}}],"inLanguage":"es"},{"@type":"Organization","@id":"https:\/\/techdesign.com.ec\/techw\/#organization","name":"TechDesign - Automatizaci&oacute;n, PLCs CAD CAM CNC servomotores robots Cursos","url":"https:\/\/techdesign.com.ec\/techw\/","logo":{"@type":"ImageObject","inLanguage":"es","@id":"https:\/\/techdesign.com.ec\/techw\/#\/schema\/logo\/image\/","url":"https:\/\/techdesign.com.ec\/techw\/wp-content\/uploads\/2020\/01\/Logo-TechDesign_new500.png","contentUrl":"https:\/\/techdesign.com.ec\/techw\/wp-content\/uploads\/2020\/01\/Logo-TechDesign_new500.png","width":515,"height":237,"caption":"TechDesign - Automatizaci&oacute;n, PLCs CAD CAM CNC servomotores robots Cursos"},"image":{"@id":"https:\/\/techdesign.com.ec\/techw\/#\/schema\/logo\/image\/"}}]}},"_links":{"self":[{"href":"https:\/\/techdesign.com.ec\/techw\/wp-json\/wp\/v2\/pages\/836","targetHints":{"allow":["GET"]}}],"collection":[{"href":"https:\/\/techdesign.com.ec\/techw\/wp-json\/wp\/v2\/pages"}],"about":[{"href":"https:\/\/techdesign.com.ec\/techw\/wp-json\/wp\/v2\/types\/page"}],"author":[{"embeddable":true,"href":"https:\/\/techdesign.com.ec\/techw\/wp-json\/wp\/v2\/users\/1"}],"replies":[{"embeddable":true,"href":"https:\/\/techdesign.com.ec\/techw\/wp-json\/wp\/v2\/comments?post=836"}],"version-history":[{"count":4,"href":"https:\/\/techdesign.com.ec\/techw\/wp-json\/wp\/v2\/pages\/836\/revisions"}],"predecessor-version":[{"id":7239,"href":"https:\/\/techdesign.com.ec\/techw\/wp-json\/wp\/v2\/pages\/836\/revisions\/7239"}],"wp:attachment":[{"href":"https:\/\/techdesign.com.ec\/techw\/wp-json\/wp\/v2\/media?parent=836"}],"curies":[{"name":"wp","href":"https:\/\/api.w.org\/{rel}","templated":true}]}}