{"id":7869,"date":"2023-02-24T16:24:25","date_gmt":"2023-02-24T21:24:25","guid":{"rendered":"https:\/\/techdesign.com.ec\/techw\/software-bobcadcam\/"},"modified":"2023-04-05T20:12:22","modified_gmt":"2023-04-06T01:12:22","slug":"software-bobcadcam","status":"publish","type":"page","link":"https:\/\/techdesign.com.ec\/techw\/software-bobcadcam\/","title":{"rendered":"Software BobCADCAM"},"content":{"rendered":"<div data-colibri-id=\"7869-c1\" class=\"style-3342 style-local-7869-c1 position-relative\">\n  <!---->\n  <div data-colibri-component=\"section\" data-colibri-id=\"7869-c2\" id=\"about\" class=\"h-section h-section-global-spacing d-flex align-items-lg-center align-items-md-center align-items-center style-3343 style-local-7869-c2 position-relative\">\n    <!---->\n    <!---->\n    <div class=\"h-section-grid-container h-section-boxed-container\">\n      <!---->\n      <div data-colibri-id=\"7869-c3\" class=\"h-row-container gutters-row-lg-2 gutters-row-md-2 gutters-row-2 gutters-row-v-lg-2 gutters-row-v-md-2 gutters-row-v-2 style-3344 style-local-7869-c3 position-relative\">\n        <!---->\n        <div class=\"h-row justify-content-lg-center justify-content-md-center justify-content-center align-items-lg-stretch align-items-md-stretch align-items-stretch gutters-col-lg-2 gutters-col-md-2 gutters-col-2 gutters-col-v-lg-2 gutters-col-v-md-2 gutters-col-v-2\">\n          <!---->\n          <div class=\"h-column h-column-container d-flex h-col-lg-auto h-col-md-auto h-col-auto style-3345-outer style-local-7869-c4-outer\">\n            <div data-colibri-id=\"7869-c4\" class=\"d-flex h-flex-basis h-column__inner h-px-lg-2 h-px-md-2 h-px-2 v-inner-lg-2 v-inner-md-2 v-inner-2 style-3345 style-local-7869-c4 position-relative\">\n              <!---->\n              <!---->\n              <div class=\"w-100 h-y-container h-column__content h-column__v-align flex-basis-100 align-self-lg-center align-self-md-center align-self-center\">\n                <!---->\n                <div data-colibri-id=\"7869-c5\" class=\"h-global-transition-all h-heading style-3346 style-local-7869-c5 position-relative h-element\">\n                  <!---->\n                  <!---->\n                  <h5 class=\"\">SOFTWARE BOB CAD CAM<\/h5>\n                <\/div>\n                <div data-colibri-id=\"7869-c6\" class=\"h-global-transition-all h-heading style-3347 style-local-7869-c6 position-relative h-element\">\n                  <!---->\n                  <!---->\n                  <h2 class=\"\">Desarrolle el mejor&nbsp;<em style=\"color: rgb(247, 144, 7); font-family: &quot;Playfair Display&quot;;\">dise\u00f1o<\/em>&nbsp;y&nbsp;<em style=\"color: rgb(247, 144, 7); font-family: &quot;Playfair Display&quot;;\">funcionalidad<\/em> combinando\n                    BobCAM y <span style=\"font-weight: 600;\">SolidWorks<\/span><\/h2>\n                <\/div>\n                <div data-colibri-id=\"7869-c7\" class=\"h-text h-text-component style-3348 style-local-7869-c7 position-relative h-element\">\n                  <!---->\n                  <!---->\n                  <div class=\"\">\n                    <p>Por la compra de una Paquet de m\u00f3dulos de BobCad CAM puedes comprar SolidWorks Para dise\u00f1o integrado CAD CAM<\/p>\n                  <\/div>\n                <\/div>\n                <div data-colibri-id=\"7869-c8\" class=\"h-x-container style-3349 style-local-7869-c8 position-relative h-element\">\n                  <!---->\n                  <div class=\"h-x-container-inner style-dynamic-7869-c8-group style-3349-spacing style-local-7869-c8-spacing\"><span class=\"h-button__outer style-3350-outer style-local-7869-c9-outer d-inline-flex h-element\"><a h-use-smooth-scroll=\"true\" href=\"http:\/\/api.whatsapp.com\/send?phone=593998327707&amp;text=Hola, Deseo m\u00e1s Informaci\u00f3n de BOBCADCAM\"  data-colibri-id=\"7869-c9\" class=\"d-flex w-100 align-items-center h-button justify-content-lg-center justify-content-md-center justify-content-center style-3350 style-local-7869-c9 position-relative\"><!----><!----> <span>M\u00e1s Informaci\u00f3n<\/span><\/a>\n                    <\/span>\n                  <\/div>\n                <\/div>\n              <\/div>\n            <\/div>\n          <\/div>\n          <div class=\"h-column h-column-container d-flex h-col-lg-auto h-col-md-auto h-col-auto style-3351-outer style-local-7869-c10-outer\">\n            <div data-colibri-id=\"7869-c10\" class=\"d-flex h-flex-basis h-column__inner h-px-lg-2 h-px-md-2 h-px-2 v-inner-lg-2 v-inner-md-2 v-inner-2 style-3351 style-local-7869-c10 position-relative\">\n              <!---->\n              <!---->\n              <div class=\"w-100 h-y-container h-column__content h-column__v-align flex-basis-100 align-self-lg-center align-self-md-center align-self-center\">\n                <!---->\n                <div data-colibri-id=\"7869-c11\" class=\"d-block style-3352 style-local-7869-c11 position-relative h-element\">\n                  <!---->\n                  <div class=\"h-image__frame-container-outer\">\n                    <div class=\"h-image__frame-container\">\n                      <!---->\n                      <!---->\n                      <img loading=\"lazy\" decoding=\"async\" width=\"500\" height=\"289\" src=\"https:\/\/techdesign.com.ec\/techw\/wp-content\/uploads\/2023\/02\/unnamed.jpg\" class=\"wp-image-7871 style-3352-image style-local-7869-c11-image\" alt=\"\" srcset=\"https:\/\/techdesign.com.ec\/techw\/wp-content\/uploads\/2023\/02\/unnamed.jpg 500w, https:\/\/techdesign.com.ec\/techw\/wp-content\/uploads\/2023\/02\/unnamed-300x173.jpg 300w\" sizes=\"auto, (max-width: 500px) 100vw, 500px\" \/>\n                      <div class=\"h-image__frame h-hide-sm style-3352-frameImage style-local-7869-c11-frameImage\"><\/div>\n                    <\/div>\n                  <\/div>\n                <\/div>\n              <\/div>\n            <\/div>\n          <\/div>\n        <\/div>\n      <\/div>\n      <div data-colibri-id=\"7869-c22\" class=\"h-row-container gutters-row-lg-2 gutters-row-md-2 gutters-row-0 gutters-row-v-lg-2 gutters-row-v-md-2 gutters-row-v-2 style-3377 style-local-7869-c22 position-relative\">\n        <!---->\n        <div class=\"h-row justify-content-lg-center justify-content-md-center justify-content-center align-items-lg-stretch align-items-md-stretch align-items-stretch gutters-col-lg-2 gutters-col-md-2 gutters-col-0 gutters-col-v-lg-2 gutters-col-v-md-2 gutters-col-v-2\">\n          <!---->\n          <div class=\"h-column h-column-container d-flex h-col-lg-auto h-col-md-auto h-col-auto style-3378-outer style-local-7869-c23-outer\">\n            <div data-colibri-id=\"7869-c23\" class=\"d-flex h-flex-basis h-column__inner h-px-lg-2 h-px-md-2 h-px-2 v-inner-lg-2 v-inner-md-2 v-inner-2 style-3378 style-local-7869-c23 position-relative\">\n              <!---->\n              <!---->\n              <div class=\"w-100 h-y-container h-column__content h-column__v-align flex-basis-100 align-self-lg-start align-self-md-start align-self-start\">\n                <!---->\n                <div data-colibri-id=\"7869-c24\" class=\"h-x-container style-3379 style-local-7869-c24 position-relative h-element\">\n                  <!---->\n                  <div class=\"h-x-container-inner style-dynamic-7869-c24-group style-3379-spacing style-local-7869-c24-spacing\"><span class=\"h-button__outer style-3380-outer style-local-7869-c25-outer d-inline-flex h-element\"><a h-use-smooth-scroll=\"true\" href=\"https:\/\/drive.google.com\/file\/d\/1Xi5D7cuZ3XyYxgF5AbwADEojWXkrzFVG\/view?usp=share_link\"  data-colibri-id=\"7869-c25\" class=\"d-flex w-100 align-items-center h-button justify-content-lg-center justify-content-md-center justify-content-center style-3380 style-local-7869-c25 position-relative\"><!----><!----> <span>descargar Hoja t\u00e9cnica<\/span><\/a>\n                    <\/span>\n                  <\/div>\n                <\/div>\n              <\/div>\n            <\/div>\n          <\/div>\n        <\/div>\n      <\/div>\n    <\/div>\n  <\/div>\n  <div data-colibri-component=\"section\" data-colibri-id=\"7869-c12\" id=\"custom\" class=\"h-section h-section-global-spacing d-flex align-items-lg-center align-items-md-center align-items-center style-3353 style-local-7869-c12 position-relative\">\n    <!---->\n    <!---->\n    <div class=\"h-section-grid-container h-section-boxed-container\">\n      <!---->\n      <div data-colibri-id=\"7869-c13\" class=\"h-row-container gutters-row-lg-2 gutters-row-md-2 gutters-row-0 gutters-row-v-lg-2 gutters-row-v-md-2 gutters-row-v-2 style-3357 style-local-7869-c13 position-relative\">\n        <!---->\n        <div class=\"h-row justify-content-lg-center justify-content-md-center justify-content-center align-items-lg-stretch align-items-md-stretch align-items-stretch gutters-col-lg-2 gutters-col-md-2 gutters-col-0 gutters-col-v-lg-2 gutters-col-v-md-2 gutters-col-v-2\">\n          <!---->\n          <div class=\"h-column h-column-container d-flex h-col-lg-auto h-col-md-auto h-col-auto style-3358-outer style-local-7869-c14-outer\">\n            <div data-colibri-id=\"7869-c14\" class=\"d-flex h-flex-basis h-column__inner h-px-lg-2 h-px-md-2 h-px-2 v-inner-lg-2 v-inner-md-2 v-inner-2 style-3358 style-local-7869-c14 position-relative\">\n              <!---->\n              <!---->\n              <div class=\"w-100 h-y-container h-column__content h-column__v-align flex-basis-100 align-self-lg-start align-self-md-start align-self-start\">\n                <!---->\n                <div data-colibri-id=\"7869-c15\" class=\"d-block style-3356 style-local-7869-c15 position-relative h-element\">\n                  <!---->\n                  <div class=\"h-image__frame-container-outer\">\n                    <div class=\"h-image__frame-container\">\n                      <!---->\n                      <!---->\n                      <img loading=\"lazy\" decoding=\"async\" width=\"333\" height=\"289\" src=\"https:\/\/techdesign.com.ec\/techw\/wp-content\/uploads\/2023\/02\/Bobcadcam-2021.png\" class=\"wp-image-7880 style-3356-image style-local-7869-c15-image\" alt=\"\" srcset=\"https:\/\/techdesign.com.ec\/techw\/wp-content\/uploads\/2023\/02\/Bobcadcam-2021.png 333w, https:\/\/techdesign.com.ec\/techw\/wp-content\/uploads\/2023\/02\/Bobcadcam-2021-300x260.png 300w\" sizes=\"auto, (max-width: 333px) 100vw, 333px\" \/>\n                      <div class=\"h-image__frame h-hide-lg h-hide-md h-hide-sm style-3356-frameImage style-local-7869-c15-frameImage\"><\/div>\n                    <\/div>\n                  <\/div>\n                <\/div>\n                <div data-colibri-id=\"7869-c16\" class=\"h-text h-text-component style-3359 style-local-7869-c16 position-relative h-element\">\n                  <!---->\n                  <!---->\n                  <div class=\"\">\n                    <p><span style=\"font-weight: 700; font-size: 183%;\">TechDesign<\/span><span style=\"font-weight: 400; font-size: 183%;\">, Distribuidor autorizado de <\/span><span style=\"font-weight: 700; font-size: 183%;\">BobCAD CAM<\/span><span style=\"font-weight: 400; font-size: 183%;\"> para el Ecuador<\/span><\/p>\n                  <\/div>\n                <\/div>\n              <\/div>\n            <\/div>\n          <\/div>\n        <\/div>\n      <\/div>\n    <\/div>\n  <\/div>\n  <div data-colibri-component=\"section\" data-colibri-id=\"7869-c17\" id=\"custom\" class=\"h-section h-section-global-spacing d-flex align-items-lg-center align-items-md-center align-items-center style-3353 style-local-7869-c17 position-relative\">\n    <!---->\n    <!---->\n    <div class=\"h-section-grid-container h-section-boxed-container\">\n      <!---->\n      <div data-colibri-id=\"7869-c18\" class=\"h-row-container gutters-row-lg-2 gutters-row-md-2 gutters-row-0 gutters-row-v-lg-2 gutters-row-v-md-2 gutters-row-v-2 style-3357 style-local-7869-c18 position-relative\">\n        <!---->\n        <div class=\"h-row justify-content-lg-center justify-content-md-center justify-content-center align-items-lg-stretch align-items-md-stretch align-items-stretch gutters-col-lg-2 gutters-col-md-2 gutters-col-0 gutters-col-v-lg-2 gutters-col-v-md-2 gutters-col-v-2\">\n          <!---->\n          <div class=\"h-column h-column-container d-flex h-col-lg-auto h-col-md-auto h-col-auto style-3358-outer style-local-7869-c19-outer\">\n            <div data-colibri-id=\"7869-c19\" class=\"d-flex h-flex-basis h-column__inner h-px-lg-2 h-px-md-2 h-px-2 v-inner-lg-2 v-inner-md-2 v-inner-2 style-3358 style-local-7869-c19 position-relative\">\n              <!---->\n              <!---->\n              <div class=\"w-100 h-y-container h-column__content h-column__v-align flex-basis-100 align-self-lg-start align-self-md-start align-self-start\">\n                <!---->\n                <div data-colibri-id=\"7869-c20\" class=\"d-block style-3356 style-local-7869-c20 position-relative h-element\">\n                  <!---->\n                  <div class=\"h-image__frame-container-outer\">\n                    <div class=\"h-image__frame-container\">\n                      <!---->\n                      <!---->\n                      <img loading=\"lazy\" decoding=\"async\" width=\"611\" height=\"790\" src=\"https:\/\/techdesign.com.ec\/techw\/wp-content\/uploads\/2023\/03\/CERTIFICADO-DE-distribuidor-BobCADCAM.png\" class=\"wp-image-7911 style-3356-image style-local-7869-c20-image\" alt=\"\" srcset=\"https:\/\/techdesign.com.ec\/techw\/wp-content\/uploads\/2023\/03\/CERTIFICADO-DE-distribuidor-BobCADCAM.png 611w, https:\/\/techdesign.com.ec\/techw\/wp-content\/uploads\/2023\/03\/CERTIFICADO-DE-distribuidor-BobCADCAM-232x300.png 232w\" sizes=\"auto, (max-width: 611px) 100vw, 611px\" \/>\n                      <div class=\"h-image__frame h-hide-lg h-hide-md h-hide-sm style-3356-frameImage style-local-7869-c20-frameImage\"><\/div>\n                    <\/div>\n                  <\/div>\n                <\/div>\n                <div data-colibri-id=\"7869-c21\" class=\"h-text h-text-component style-3359 style-local-7869-c21 position-relative h-element\">\n                  <!---->\n                  <!---->\n                  <div class=\"\">\n                    <p><strong style=\"font-size: 183%; font-weight: 700;\">Certificado de <\/strong><span style=\"font-size: 183%; font-weight: 400;\"> Distribuidor autorizado de <\/span><strong style=\"font-size: 183%; font-weight: 700;\">BobCAD CAM<\/strong>\n                      <span\n                        style=\"font-size: 183%; font-weight: 400;\"> para el Ecuador<\/span>\n                    <\/p>\n                  <\/div>\n                <\/div>\n              <\/div>\n            <\/div>\n          <\/div>\n        <\/div>\n      <\/div>\n    <\/div>\n  <\/div>\n<\/div>","protected":false},"excerpt":{"rendered":"<p>SOFTWARE BOB CAD CAM Desarrolle el mejor&nbsp;dise\u00f1o&nbsp;y&nbsp;funcionalidad combinando BobCAM y SolidWorks Por la compra de una Paquet de m\u00f3dulos de BobCad CAM puedes comprar SolidWorks Para dise\u00f1o integrado CAD CAM M\u00e1s Informaci\u00f3n descargar Hoja t\u00e9cnica TechDesign, Distribuidor autorizado de BobCAD CAM para el Ecuador Certificado de Distribuidor autorizado de BobCAD CAM para el Ecuador<\/p>\n","protected":false},"author":1,"featured_media":0,"parent":0,"menu_order":0,"comment_status":"closed","ping_status":"closed","template":"page-templates\/full-width-page.php","meta":{"footnotes":""},"class_list":["post-7869","page","type-page","status-publish","hentry"],"yoast_head":"<!-- This site is optimized with the Yoast SEO plugin v27.4 - https:\/\/yoast.com\/product\/yoast-seo-wordpress\/ -->\n<title>Software BobCADCAM - TechDesign - Automatizaci&oacute;n, PLCs CAD CAM CNC servomotores robots Cursos<\/title>\n<meta name=\"robots\" content=\"index, follow, max-snippet:-1, max-image-preview:large, max-video-preview:-1\" \/>\n<link rel=\"canonical\" href=\"https:\/\/techdesign.com.ec\/techw\/software-bobcadcam\/\" \/>\n<meta property=\"og:locale\" content=\"es_ES\" \/>\n<meta property=\"og:type\" content=\"article\" \/>\n<meta property=\"og:title\" content=\"Software BobCADCAM - TechDesign - Automatizaci&oacute;n, PLCs CAD CAM CNC servomotores robots Cursos\" \/>\n<meta property=\"og:description\" content=\"SOFTWARE BOB CAD CAM Desarrolle el mejor&nbsp;dise\u00f1o&nbsp;y&nbsp;funcionalidad combinando BobCAM y SolidWorks Por la compra de una Paquet de m\u00f3dulos de BobCad CAM puedes comprar SolidWorks Para dise\u00f1o integrado CAD CAM M\u00e1s Informaci\u00f3n descargar Hoja t\u00e9cnica TechDesign, Distribuidor autorizado de BobCAD CAM para el Ecuador Certificado de Distribuidor autorizado de BobCAD CAM para el Ecuador\" \/>\n<meta property=\"og:url\" content=\"https:\/\/techdesign.com.ec\/techw\/software-bobcadcam\/\" \/>\n<meta property=\"og:site_name\" content=\"TechDesign - Automatizaci&oacute;n, PLCs CAD CAM CNC servomotores robots Cursos\" \/>\n<meta property=\"article:modified_time\" content=\"2023-04-06T01:12:22+00:00\" \/>\n<meta property=\"og:image\" content=\"https:\/\/techdesign.com.ec\/techw\/wp-content\/uploads\/2023\/02\/unnamed.jpg\" \/>\n\t<meta property=\"og:image:width\" content=\"500\" \/>\n\t<meta property=\"og:image:height\" content=\"289\" \/>\n\t<meta property=\"og:image:type\" content=\"image\/jpeg\" \/>\n<meta name=\"twitter:card\" content=\"summary_large_image\" \/>\n<script type=\"application\/ld+json\" class=\"yoast-schema-graph\">{\"@context\":\"https:\\\/\\\/schema.org\",\"@graph\":[{\"@type\":\"WebPage\",\"@id\":\"https:\\\/\\\/techdesign.com.ec\\\/techw\\\/software-bobcadcam\\\/\",\"url\":\"https:\\\/\\\/techdesign.com.ec\\\/techw\\\/software-bobcadcam\\\/\",\"name\":\"Software BobCADCAM - TechDesign - Automatizaci&oacute;n, PLCs CAD CAM CNC servomotores robots Cursos\",\"isPartOf\":{\"@id\":\"https:\\\/\\\/techdesign.com.ec\\\/techw\\\/#website\"},\"primaryImageOfPage\":{\"@id\":\"https:\\\/\\\/techdesign.com.ec\\\/techw\\\/software-bobcadcam\\\/#primaryimage\"},\"image\":{\"@id\":\"https:\\\/\\\/techdesign.com.ec\\\/techw\\\/software-bobcadcam\\\/#primaryimage\"},\"thumbnailUrl\":\"https:\\\/\\\/techdesign.com.ec\\\/techw\\\/wp-content\\\/uploads\\\/2023\\\/02\\\/unnamed.jpg\",\"datePublished\":\"2023-02-24T21:24:25+00:00\",\"dateModified\":\"2023-04-06T01:12:22+00:00\",\"breadcrumb\":{\"@id\":\"https:\\\/\\\/techdesign.com.ec\\\/techw\\\/software-bobcadcam\\\/#breadcrumb\"},\"inLanguage\":\"es\",\"potentialAction\":[{\"@type\":\"ReadAction\",\"target\":[\"https:\\\/\\\/techdesign.com.ec\\\/techw\\\/software-bobcadcam\\\/\"]}]},{\"@type\":\"ImageObject\",\"inLanguage\":\"es\",\"@id\":\"https:\\\/\\\/techdesign.com.ec\\\/techw\\\/software-bobcadcam\\\/#primaryimage\",\"url\":\"https:\\\/\\\/techdesign.com.ec\\\/techw\\\/wp-content\\\/uploads\\\/2023\\\/02\\\/unnamed.jpg\",\"contentUrl\":\"https:\\\/\\\/techdesign.com.ec\\\/techw\\\/wp-content\\\/uploads\\\/2023\\\/02\\\/unnamed.jpg\",\"width\":500,\"height\":289},{\"@type\":\"BreadcrumbList\",\"@id\":\"https:\\\/\\\/techdesign.com.ec\\\/techw\\\/software-bobcadcam\\\/#breadcrumb\",\"itemListElement\":[{\"@type\":\"ListItem\",\"position\":1,\"name\":\"Portada\",\"item\":\"https:\\\/\\\/techdesign.com.ec\\\/techw\\\/\"},{\"@type\":\"ListItem\",\"position\":2,\"name\":\"Software BobCADCAM\"}]},{\"@type\":\"WebSite\",\"@id\":\"https:\\\/\\\/techdesign.com.ec\\\/techw\\\/#website\",\"url\":\"https:\\\/\\\/techdesign.com.ec\\\/techw\\\/\",\"name\":\"TechDesign - Automatizaci&oacute;n, PLCs CAD CAM CNC servomotores robots Cursos\",\"description\":\"Automatizaci&oacute;n y Optimizaci&oacute;n de Procesos Industriales, ingenier&iacute;a mecatr&oacute;nica, cad cam cae cnc\",\"publisher\":{\"@id\":\"https:\\\/\\\/techdesign.com.ec\\\/techw\\\/#organization\"},\"potentialAction\":[{\"@type\":\"SearchAction\",\"target\":{\"@type\":\"EntryPoint\",\"urlTemplate\":\"https:\\\/\\\/techdesign.com.ec\\\/techw\\\/?s={search_term_string}\"},\"query-input\":{\"@type\":\"PropertyValueSpecification\",\"valueRequired\":true,\"valueName\":\"search_term_string\"}}],\"inLanguage\":\"es\"},{\"@type\":\"Organization\",\"@id\":\"https:\\\/\\\/techdesign.com.ec\\\/techw\\\/#organization\",\"name\":\"TechDesign - Automatizaci&oacute;n, PLCs CAD CAM CNC servomotores robots Cursos\",\"url\":\"https:\\\/\\\/techdesign.com.ec\\\/techw\\\/\",\"logo\":{\"@type\":\"ImageObject\",\"inLanguage\":\"es\",\"@id\":\"https:\\\/\\\/techdesign.com.ec\\\/techw\\\/#\\\/schema\\\/logo\\\/image\\\/\",\"url\":\"https:\\\/\\\/techdesign.com.ec\\\/techw\\\/wp-content\\\/uploads\\\/2020\\\/01\\\/Logo-TechDesign_new500.png\",\"contentUrl\":\"https:\\\/\\\/techdesign.com.ec\\\/techw\\\/wp-content\\\/uploads\\\/2020\\\/01\\\/Logo-TechDesign_new500.png\",\"width\":515,\"height\":237,\"caption\":\"TechDesign - Automatizaci&oacute;n, PLCs CAD CAM CNC servomotores robots Cursos\"},\"image\":{\"@id\":\"https:\\\/\\\/techdesign.com.ec\\\/techw\\\/#\\\/schema\\\/logo\\\/image\\\/\"}}]}<\/script>\n<!-- \/ Yoast SEO plugin. -->","yoast_head_json":{"title":"Software BobCADCAM - TechDesign - Automatizaci&oacute;n, PLCs CAD CAM CNC servomotores robots Cursos","robots":{"index":"index","follow":"follow","max-snippet":"max-snippet:-1","max-image-preview":"max-image-preview:large","max-video-preview":"max-video-preview:-1"},"canonical":"https:\/\/techdesign.com.ec\/techw\/software-bobcadcam\/","og_locale":"es_ES","og_type":"article","og_title":"Software BobCADCAM - TechDesign - Automatizaci&oacute;n, PLCs CAD CAM CNC servomotores robots Cursos","og_description":"SOFTWARE BOB CAD CAM Desarrolle el mejor&nbsp;dise\u00f1o&nbsp;y&nbsp;funcionalidad combinando BobCAM y SolidWorks Por la compra de una Paquet de m\u00f3dulos de BobCad CAM puedes comprar SolidWorks Para dise\u00f1o integrado CAD CAM M\u00e1s Informaci\u00f3n descargar Hoja t\u00e9cnica TechDesign, Distribuidor autorizado de BobCAD CAM para el Ecuador Certificado de Distribuidor autorizado de BobCAD CAM para el Ecuador","og_url":"https:\/\/techdesign.com.ec\/techw\/software-bobcadcam\/","og_site_name":"TechDesign - Automatizaci&oacute;n, PLCs CAD CAM CNC servomotores robots Cursos","article_modified_time":"2023-04-06T01:12:22+00:00","og_image":[{"width":500,"height":289,"url":"https:\/\/techdesign.com.ec\/techw\/wp-content\/uploads\/2023\/02\/unnamed.jpg","type":"image\/jpeg"}],"twitter_card":"summary_large_image","schema":{"@context":"https:\/\/schema.org","@graph":[{"@type":"WebPage","@id":"https:\/\/techdesign.com.ec\/techw\/software-bobcadcam\/","url":"https:\/\/techdesign.com.ec\/techw\/software-bobcadcam\/","name":"Software BobCADCAM - TechDesign - Automatizaci&oacute;n, PLCs CAD CAM CNC servomotores robots Cursos","isPartOf":{"@id":"https:\/\/techdesign.com.ec\/techw\/#website"},"primaryImageOfPage":{"@id":"https:\/\/techdesign.com.ec\/techw\/software-bobcadcam\/#primaryimage"},"image":{"@id":"https:\/\/techdesign.com.ec\/techw\/software-bobcadcam\/#primaryimage"},"thumbnailUrl":"https:\/\/techdesign.com.ec\/techw\/wp-content\/uploads\/2023\/02\/unnamed.jpg","datePublished":"2023-02-24T21:24:25+00:00","dateModified":"2023-04-06T01:12:22+00:00","breadcrumb":{"@id":"https:\/\/techdesign.com.ec\/techw\/software-bobcadcam\/#breadcrumb"},"inLanguage":"es","potentialAction":[{"@type":"ReadAction","target":["https:\/\/techdesign.com.ec\/techw\/software-bobcadcam\/"]}]},{"@type":"ImageObject","inLanguage":"es","@id":"https:\/\/techdesign.com.ec\/techw\/software-bobcadcam\/#primaryimage","url":"https:\/\/techdesign.com.ec\/techw\/wp-content\/uploads\/2023\/02\/unnamed.jpg","contentUrl":"https:\/\/techdesign.com.ec\/techw\/wp-content\/uploads\/2023\/02\/unnamed.jpg","width":500,"height":289},{"@type":"BreadcrumbList","@id":"https:\/\/techdesign.com.ec\/techw\/software-bobcadcam\/#breadcrumb","itemListElement":[{"@type":"ListItem","position":1,"name":"Portada","item":"https:\/\/techdesign.com.ec\/techw\/"},{"@type":"ListItem","position":2,"name":"Software BobCADCAM"}]},{"@type":"WebSite","@id":"https:\/\/techdesign.com.ec\/techw\/#website","url":"https:\/\/techdesign.com.ec\/techw\/","name":"TechDesign - Automatizaci&oacute;n, PLCs CAD CAM CNC servomotores robots Cursos","description":"Automatizaci&oacute;n y Optimizaci&oacute;n de Procesos Industriales, ingenier&iacute;a mecatr&oacute;nica, cad cam cae cnc","publisher":{"@id":"https:\/\/techdesign.com.ec\/techw\/#organization"},"potentialAction":[{"@type":"SearchAction","target":{"@type":"EntryPoint","urlTemplate":"https:\/\/techdesign.com.ec\/techw\/?s={search_term_string}"},"query-input":{"@type":"PropertyValueSpecification","valueRequired":true,"valueName":"search_term_string"}}],"inLanguage":"es"},{"@type":"Organization","@id":"https:\/\/techdesign.com.ec\/techw\/#organization","name":"TechDesign - Automatizaci&oacute;n, PLCs CAD CAM CNC servomotores robots Cursos","url":"https:\/\/techdesign.com.ec\/techw\/","logo":{"@type":"ImageObject","inLanguage":"es","@id":"https:\/\/techdesign.com.ec\/techw\/#\/schema\/logo\/image\/","url":"https:\/\/techdesign.com.ec\/techw\/wp-content\/uploads\/2020\/01\/Logo-TechDesign_new500.png","contentUrl":"https:\/\/techdesign.com.ec\/techw\/wp-content\/uploads\/2020\/01\/Logo-TechDesign_new500.png","width":515,"height":237,"caption":"TechDesign - Automatizaci&oacute;n, PLCs CAD CAM CNC servomotores robots Cursos"},"image":{"@id":"https:\/\/techdesign.com.ec\/techw\/#\/schema\/logo\/image\/"}}]}},"_links":{"self":[{"href":"https:\/\/techdesign.com.ec\/techw\/wp-json\/wp\/v2\/pages\/7869","targetHints":{"allow":["GET"]}}],"collection":[{"href":"https:\/\/techdesign.com.ec\/techw\/wp-json\/wp\/v2\/pages"}],"about":[{"href":"https:\/\/techdesign.com.ec\/techw\/wp-json\/wp\/v2\/types\/page"}],"author":[{"embeddable":true,"href":"https:\/\/techdesign.com.ec\/techw\/wp-json\/wp\/v2\/users\/1"}],"replies":[{"embeddable":true,"href":"https:\/\/techdesign.com.ec\/techw\/wp-json\/wp\/v2\/comments?post=7869"}],"version-history":[{"count":6,"href":"https:\/\/techdesign.com.ec\/techw\/wp-json\/wp\/v2\/pages\/7869\/revisions"}],"predecessor-version":[{"id":7963,"href":"https:\/\/techdesign.com.ec\/techw\/wp-json\/wp\/v2\/pages\/7869\/revisions\/7963"}],"wp:attachment":[{"href":"https:\/\/techdesign.com.ec\/techw\/wp-json\/wp\/v2\/media?parent=7869"}],"curies":[{"name":"wp","href":"https:\/\/api.w.org\/{rel}","templated":true}]}}