{"id":561,"date":"2016-01-08T16:00:22","date_gmt":"2016-01-08T21:00:22","guid":{"rendered":"https:\/\/techdesign.com.ec\/techw\/?page_id=561"},"modified":"2021-03-10T23:13:53","modified_gmt":"2021-03-11T04:13:53","slug":"asesoramiento-en-tesis","status":"publish","type":"page","link":"https:\/\/techdesign.com.ec\/techw\/asesoramiento-en-tesis\/","title":{"rendered":"Asesoramiento en Tesis mecatr\u00f3nica"},"content":{"rendered":"<h2 style=\"text-align: justify;\">Asesor\u00eda en desarrollo de tesis mecatr\u00f3nica, electr\u00f3nica, mec\u00e1nica<\/h2>\n<p style=\"text-align: justify;\">Te ayudamos con el desarrollo de tu tesis de grado en ingenier\u00eda mecatr\u00f3nica, electr\u00f3nica, mec\u00e1nica, te damos soporte, <a href=\"https:\/\/techdesign.com.ec\/techw\/listado-de-productos\/\" target=\"_blank\" rel=\"noopener noreferrer\">equipos<\/a>, <a href=\"https:\/\/techdesign.com.ec\/techw\/cursos\/\" target=\"_blank\" rel=\"noopener noreferrer\">capacitaci\u00f3n<\/a>, asesor\u00eda en temas como <a href=\"https:\/\/techdesign.com.ec\/techw\/controles-numericos\/\" target=\"_blank\" rel=\"noopener noreferrer\">Controles num\u00e9ricos<\/a>, <a href=\"https:\/\/techdesign.com.ec\/techw\/470-2\/\" target=\"_blank\" rel=\"noopener noreferrer\">m\u00e1quinas cnc<\/a>, m\u00e1quinas llenadoras, mesa posicionadora para <a href=\"https:\/\/techdesign.com.ec\/techw\/brazos-robot\/\" target=\"_blank\" rel=\"noopener noreferrer\">brazos robot industriales<\/a>, control de temperatura en combustible, adquisici\u00f3n de datos, cortadora y remachadora de de cintas, <a href=\"https:\/\/techdesign.com.ec\/techw\/470-2\/\" target=\"_blank\" rel=\"noopener noreferrer\">torno cnc<\/a>, control de embrague autom\u00e1tico en un automovil, control de bombas y nivel para reservorio de agua, control de presi\u00f3n neum\u00e1tica, ensayo de pruebas para resistencia de materiales con celda de carga, etc.<\/p>\n<p><a href=\"https:\/\/techdesign.com.ec\/techw\/wp-content\/uploads\/2016\/01\/IMG_1603.jpg\"><img loading=\"lazy\" decoding=\"async\" class=\"alignnone wp-image-562 size-large\" src=\"https:\/\/techdesign.com.ec\/techw\/wp-content\/uploads\/2016\/01\/IMG_1603-1024x768.jpg\" alt=\"IMG_1603\" width=\"1024\" height=\"768\" srcset=\"https:\/\/techdesign.com.ec\/techw\/wp-content\/uploads\/2016\/01\/IMG_1603-1024x768.jpg 1024w, https:\/\/techdesign.com.ec\/techw\/wp-content\/uploads\/2016\/01\/IMG_1603-300x225.jpg 300w\" sizes=\"auto, (max-width: 1024px) 100vw, 1024px\" \/><\/a><\/p>\n<iframe loading=\"lazy\"  id=\"_ytid_63110\"  width=\"480\" height=\"270\"  data-origwidth=\"480\" data-origheight=\"270\" src=\"https:\/\/www.youtube.com\/embed\/nVcy_62B0Ms?enablejsapi=1&origin=https:\/\/techdesign.com.ec&autoplay=0&cc_load_policy=0&cc_lang_pref=&iv_load_policy=1&loop=0&rel=1&fs=1&playsinline=0&autohide=2&theme=dark&color=red&controls=1&disablekb=0&\" class=\"__youtube_prefs__  no-lazyload\" title=\"YouTube player\"  allow=\"fullscreen; accelerometer; autoplay; clipboard-write; encrypted-media; gyroscope; picture-in-picture; web-share\" referrerpolicy=\"strict-origin-when-cross-origin\" allowfullscreen data-no-lazy=\"1\" data-skipgform_ajax_framebjll=\"\"><\/iframe>\n<p>Dise\u00f1o estructural de m\u00e1quinas cnc router para madera<\/p>\n<p><a href=\"https:\/\/techdesign.com.ec\/techw\/wp-content\/uploads\/2016\/01\/torch-cutter1.bmp\"><img loading=\"lazy\" decoding=\"async\" class=\"alignnone size-full wp-image-563\" src=\"https:\/\/techdesign.com.ec\/techw\/wp-content\/uploads\/2016\/01\/torch-cutter1.bmp\" alt=\"torch cutter1\" width=\"1052\" height=\"640\" \/><\/a><\/p>\n<iframe loading=\"lazy\"  id=\"_ytid_89524\"  width=\"480\" height=\"360\"  data-origwidth=\"480\" data-origheight=\"360\" src=\"https:\/\/www.youtube.com\/embed\/rpoLqJoqiaI?enablejsapi=1&origin=https:\/\/techdesign.com.ec&autoplay=0&cc_load_policy=0&cc_lang_pref=&iv_load_policy=1&loop=0&rel=1&fs=1&playsinline=0&autohide=2&theme=dark&color=red&controls=1&disablekb=0&\" class=\"__youtube_prefs__  no-lazyload\" title=\"YouTube player\"  allow=\"fullscreen; accelerometer; autoplay; clipboard-write; encrypted-media; gyroscope; picture-in-picture; web-share\" referrerpolicy=\"strict-origin-when-cross-origin\" allowfullscreen data-no-lazy=\"1\" data-skipgform_ajax_framebjll=\"\"><\/iframe>\n<p>Dise\u00f1o y construcci\u00f3n de bandas transportadoras en acero inoxidable con servomotor GSK, plc XINJE, \u00a0HMI XINJE y reductor para el laboratorio de rob\u00f3tica de la Espe Latacunga<\/p>\n<p><a href=\"https:\/\/techdesign.com.ec\/techw\/wp-content\/uploads\/2016\/01\/DSC01829.jpg\"><img loading=\"lazy\" decoding=\"async\" class=\"aligncenter wp-image-592 size-large\" src=\"https:\/\/techdesign.com.ec\/techw\/wp-content\/uploads\/2016\/01\/DSC01829-1024x768.jpg\" alt=\"DSC01829\" width=\"1024\" height=\"768\" srcset=\"https:\/\/techdesign.com.ec\/techw\/wp-content\/uploads\/2016\/01\/DSC01829-1024x768.jpg 1024w, https:\/\/techdesign.com.ec\/techw\/wp-content\/uploads\/2016\/01\/DSC01829-300x225.jpg 300w\" sizes=\"auto, (max-width: 1024px) 100vw, 1024px\" \/><\/a><\/p>\n<p>Sistemas de posicionamiento rob\u00f3tico<\/p>\n<p><a href=\"https:\/\/techdesign.com.ec\/techw\/wp-content\/uploads\/2016\/01\/tesis_mesa_robot.png\"><img loading=\"lazy\" decoding=\"async\" class=\"aligncenter wp-image-647 size-large\" src=\"https:\/\/techdesign.com.ec\/techw\/wp-content\/uploads\/2016\/01\/tesis_mesa_robot-1024x631.png\" alt=\"tesis_mesa_robot\" width=\"1024\" height=\"631\" srcset=\"https:\/\/techdesign.com.ec\/techw\/wp-content\/uploads\/2016\/01\/tesis_mesa_robot-1024x631.png 1024w, https:\/\/techdesign.com.ec\/techw\/wp-content\/uploads\/2016\/01\/tesis_mesa_robot-300x185.png 300w, https:\/\/techdesign.com.ec\/techw\/wp-content\/uploads\/2016\/01\/tesis_mesa_robot.png 1308w\" sizes=\"auto, (max-width: 1024px) 100vw, 1024px\" \/><\/a><\/p>\n<p><a href=\"http:\/\/repositorio.espe.edu.ec\/bitstream\/21000\/6611\/2\/T-ESPEL-EMI-0241-P.pdf\" target=\"_blank\" rel=\"noopener noreferrer\">Selladoras de fundas pl\u00e1sticas con servomotor y plc xinje<\/a><\/p>\n<p>Tel\u00e9fonos: +593 998019575 \/ +593 \u2013 2 \u2013 2920-462<\/p>\n","protected":false},"excerpt":{"rendered":"<p>Asesor\u00eda en desarrollo de tesis mecatr\u00f3nica, electr\u00f3nica, mec\u00e1nica Te ayudamos con el desarrollo de tu tesis de grado en ingenier\u00eda mecatr\u00f3nica, electr\u00f3nica, mec\u00e1nica, te damos soporte, equipos, capacitaci\u00f3n, asesor\u00eda en temas como Controles num\u00e9ricos, m\u00e1quinas cnc, m\u00e1quinas llenadoras, mesa posicionadora para brazos robot industriales, control de temperatura en combustible, adquisici\u00f3n de datos, cortadora y remachadora [&hellip;]<\/p>\n","protected":false},"author":1,"featured_media":0,"parent":0,"menu_order":0,"comment_status":"open","ping_status":"open","template":"","meta":{"footnotes":""},"class_list":["post-561","page","type-page","status-publish","hentry"],"yoast_head":"<!-- This site is optimized with the Yoast SEO plugin v27.4 - https:\/\/yoast.com\/product\/yoast-seo-wordpress\/ -->\n<title>Asesoramiento en Tesis mecatr\u00f3nica - TechDesign - Automatizaci&oacute;n, PLCs CAD CAM CNC servomotores robots Cursos<\/title>\n<meta name=\"robots\" content=\"index, follow, max-snippet:-1, max-image-preview:large, max-video-preview:-1\" \/>\n<link rel=\"canonical\" href=\"https:\/\/techdesign.com.ec\/techw\/asesoramiento-en-tesis\/\" \/>\n<meta property=\"og:locale\" content=\"es_ES\" \/>\n<meta property=\"og:type\" content=\"article\" \/>\n<meta property=\"og:title\" content=\"Asesoramiento en Tesis mecatr\u00f3nica - TechDesign - Automatizaci&oacute;n, PLCs CAD CAM CNC servomotores robots Cursos\" \/>\n<meta property=\"og:description\" content=\"Asesor\u00eda en desarrollo de tesis mecatr\u00f3nica, electr\u00f3nica, mec\u00e1nica Te ayudamos con el desarrollo de tu tesis de grado en ingenier\u00eda mecatr\u00f3nica, electr\u00f3nica, mec\u00e1nica, te damos soporte, equipos, capacitaci\u00f3n, asesor\u00eda en temas como Controles num\u00e9ricos, m\u00e1quinas cnc, m\u00e1quinas llenadoras, mesa posicionadora para brazos robot industriales, control de temperatura en combustible, adquisici\u00f3n de datos, cortadora y remachadora [&hellip;]\" \/>\n<meta property=\"og:url\" content=\"https:\/\/techdesign.com.ec\/techw\/asesoramiento-en-tesis\/\" \/>\n<meta property=\"og:site_name\" content=\"TechDesign - Automatizaci&oacute;n, PLCs CAD CAM CNC servomotores robots Cursos\" \/>\n<meta property=\"article:modified_time\" content=\"2021-03-11T04:13:53+00:00\" \/>\n<meta property=\"og:image\" content=\"https:\/\/techdesign.com.ec\/techw\/wp-content\/uploads\/2016\/01\/IMG_1603-1024x768.jpg\" \/>\n\t<meta property=\"og:image:width\" content=\"1024\" \/>\n\t<meta property=\"og:image:height\" content=\"768\" \/>\n\t<meta property=\"og:image:type\" content=\"image\/jpeg\" \/>\n<meta name=\"twitter:card\" content=\"summary_large_image\" \/>\n<meta name=\"twitter:label1\" content=\"Tiempo de lectura\" \/>\n\t<meta name=\"twitter:data1\" content=\"1 minuto\" \/>\n<script type=\"application\/ld+json\" class=\"yoast-schema-graph\">{\"@context\":\"https:\\\/\\\/schema.org\",\"@graph\":[{\"@type\":\"WebPage\",\"@id\":\"https:\\\/\\\/techdesign.com.ec\\\/techw\\\/asesoramiento-en-tesis\\\/\",\"url\":\"https:\\\/\\\/techdesign.com.ec\\\/techw\\\/asesoramiento-en-tesis\\\/\",\"name\":\"Asesoramiento en Tesis mecatr\u00f3nica - TechDesign - Automatizaci&oacute;n, PLCs CAD CAM CNC servomotores robots Cursos\",\"isPartOf\":{\"@id\":\"https:\\\/\\\/techdesign.com.ec\\\/techw\\\/#website\"},\"primaryImageOfPage\":{\"@id\":\"https:\\\/\\\/techdesign.com.ec\\\/techw\\\/asesoramiento-en-tesis\\\/#primaryimage\"},\"image\":{\"@id\":\"https:\\\/\\\/techdesign.com.ec\\\/techw\\\/asesoramiento-en-tesis\\\/#primaryimage\"},\"thumbnailUrl\":\"https:\\\/\\\/techdesign.com.ec\\\/techw\\\/wp-content\\\/uploads\\\/2016\\\/01\\\/IMG_1603-1024x768.jpg\",\"datePublished\":\"2016-01-08T21:00:22+00:00\",\"dateModified\":\"2021-03-11T04:13:53+00:00\",\"breadcrumb\":{\"@id\":\"https:\\\/\\\/techdesign.com.ec\\\/techw\\\/asesoramiento-en-tesis\\\/#breadcrumb\"},\"inLanguage\":\"es\",\"potentialAction\":[{\"@type\":\"ReadAction\",\"target\":[\"https:\\\/\\\/techdesign.com.ec\\\/techw\\\/asesoramiento-en-tesis\\\/\"]}]},{\"@type\":\"ImageObject\",\"inLanguage\":\"es\",\"@id\":\"https:\\\/\\\/techdesign.com.ec\\\/techw\\\/asesoramiento-en-tesis\\\/#primaryimage\",\"url\":\"https:\\\/\\\/techdesign.com.ec\\\/techw\\\/wp-content\\\/uploads\\\/2016\\\/01\\\/IMG_1603.jpg\",\"contentUrl\":\"https:\\\/\\\/techdesign.com.ec\\\/techw\\\/wp-content\\\/uploads\\\/2016\\\/01\\\/IMG_1603.jpg\",\"width\":3264,\"height\":2448},{\"@type\":\"BreadcrumbList\",\"@id\":\"https:\\\/\\\/techdesign.com.ec\\\/techw\\\/asesoramiento-en-tesis\\\/#breadcrumb\",\"itemListElement\":[{\"@type\":\"ListItem\",\"position\":1,\"name\":\"Portada\",\"item\":\"https:\\\/\\\/techdesign.com.ec\\\/techw\\\/\"},{\"@type\":\"ListItem\",\"position\":2,\"name\":\"Asesoramiento en Tesis mecatr\u00f3nica\"}]},{\"@type\":\"WebSite\",\"@id\":\"https:\\\/\\\/techdesign.com.ec\\\/techw\\\/#website\",\"url\":\"https:\\\/\\\/techdesign.com.ec\\\/techw\\\/\",\"name\":\"TechDesign - Automatizaci&oacute;n, PLCs CAD CAM CNC servomotores robots Cursos\",\"description\":\"Automatizaci&oacute;n y Optimizaci&oacute;n de Procesos Industriales, ingenier&iacute;a mecatr&oacute;nica, cad cam cae cnc\",\"publisher\":{\"@id\":\"https:\\\/\\\/techdesign.com.ec\\\/techw\\\/#organization\"},\"potentialAction\":[{\"@type\":\"SearchAction\",\"target\":{\"@type\":\"EntryPoint\",\"urlTemplate\":\"https:\\\/\\\/techdesign.com.ec\\\/techw\\\/?s={search_term_string}\"},\"query-input\":{\"@type\":\"PropertyValueSpecification\",\"valueRequired\":true,\"valueName\":\"search_term_string\"}}],\"inLanguage\":\"es\"},{\"@type\":\"Organization\",\"@id\":\"https:\\\/\\\/techdesign.com.ec\\\/techw\\\/#organization\",\"name\":\"TechDesign - Automatizaci&oacute;n, PLCs CAD CAM CNC servomotores robots Cursos\",\"url\":\"https:\\\/\\\/techdesign.com.ec\\\/techw\\\/\",\"logo\":{\"@type\":\"ImageObject\",\"inLanguage\":\"es\",\"@id\":\"https:\\\/\\\/techdesign.com.ec\\\/techw\\\/#\\\/schema\\\/logo\\\/image\\\/\",\"url\":\"https:\\\/\\\/techdesign.com.ec\\\/techw\\\/wp-content\\\/uploads\\\/2020\\\/01\\\/Logo-TechDesign_new500.png\",\"contentUrl\":\"https:\\\/\\\/techdesign.com.ec\\\/techw\\\/wp-content\\\/uploads\\\/2020\\\/01\\\/Logo-TechDesign_new500.png\",\"width\":515,\"height\":237,\"caption\":\"TechDesign - Automatizaci&oacute;n, PLCs CAD CAM CNC servomotores robots Cursos\"},\"image\":{\"@id\":\"https:\\\/\\\/techdesign.com.ec\\\/techw\\\/#\\\/schema\\\/logo\\\/image\\\/\"}}]}<\/script>\n<!-- \/ Yoast SEO plugin. -->","yoast_head_json":{"title":"Asesoramiento en Tesis mecatr\u00f3nica - TechDesign - Automatizaci&oacute;n, PLCs CAD CAM CNC servomotores robots Cursos","robots":{"index":"index","follow":"follow","max-snippet":"max-snippet:-1","max-image-preview":"max-image-preview:large","max-video-preview":"max-video-preview:-1"},"canonical":"https:\/\/techdesign.com.ec\/techw\/asesoramiento-en-tesis\/","og_locale":"es_ES","og_type":"article","og_title":"Asesoramiento en Tesis mecatr\u00f3nica - TechDesign - Automatizaci&oacute;n, PLCs CAD CAM CNC servomotores robots Cursos","og_description":"Asesor\u00eda en desarrollo de tesis mecatr\u00f3nica, electr\u00f3nica, mec\u00e1nica Te ayudamos con el desarrollo de tu tesis de grado en ingenier\u00eda mecatr\u00f3nica, electr\u00f3nica, mec\u00e1nica, te damos soporte, equipos, capacitaci\u00f3n, asesor\u00eda en temas como Controles num\u00e9ricos, m\u00e1quinas cnc, m\u00e1quinas llenadoras, mesa posicionadora para brazos robot industriales, control de temperatura en combustible, adquisici\u00f3n de datos, cortadora y remachadora [&hellip;]","og_url":"https:\/\/techdesign.com.ec\/techw\/asesoramiento-en-tesis\/","og_site_name":"TechDesign - Automatizaci&oacute;n, PLCs CAD CAM CNC servomotores robots Cursos","article_modified_time":"2021-03-11T04:13:53+00:00","og_image":[{"width":1024,"height":768,"url":"https:\/\/techdesign.com.ec\/techw\/wp-content\/uploads\/2016\/01\/IMG_1603-1024x768.jpg","type":"image\/jpeg"}],"twitter_card":"summary_large_image","twitter_misc":{"Tiempo de lectura":"1 minuto"},"schema":{"@context":"https:\/\/schema.org","@graph":[{"@type":"WebPage","@id":"https:\/\/techdesign.com.ec\/techw\/asesoramiento-en-tesis\/","url":"https:\/\/techdesign.com.ec\/techw\/asesoramiento-en-tesis\/","name":"Asesoramiento en Tesis mecatr\u00f3nica - TechDesign - Automatizaci&oacute;n, PLCs CAD CAM CNC servomotores robots Cursos","isPartOf":{"@id":"https:\/\/techdesign.com.ec\/techw\/#website"},"primaryImageOfPage":{"@id":"https:\/\/techdesign.com.ec\/techw\/asesoramiento-en-tesis\/#primaryimage"},"image":{"@id":"https:\/\/techdesign.com.ec\/techw\/asesoramiento-en-tesis\/#primaryimage"},"thumbnailUrl":"https:\/\/techdesign.com.ec\/techw\/wp-content\/uploads\/2016\/01\/IMG_1603-1024x768.jpg","datePublished":"2016-01-08T21:00:22+00:00","dateModified":"2021-03-11T04:13:53+00:00","breadcrumb":{"@id":"https:\/\/techdesign.com.ec\/techw\/asesoramiento-en-tesis\/#breadcrumb"},"inLanguage":"es","potentialAction":[{"@type":"ReadAction","target":["https:\/\/techdesign.com.ec\/techw\/asesoramiento-en-tesis\/"]}]},{"@type":"ImageObject","inLanguage":"es","@id":"https:\/\/techdesign.com.ec\/techw\/asesoramiento-en-tesis\/#primaryimage","url":"https:\/\/techdesign.com.ec\/techw\/wp-content\/uploads\/2016\/01\/IMG_1603.jpg","contentUrl":"https:\/\/techdesign.com.ec\/techw\/wp-content\/uploads\/2016\/01\/IMG_1603.jpg","width":3264,"height":2448},{"@type":"BreadcrumbList","@id":"https:\/\/techdesign.com.ec\/techw\/asesoramiento-en-tesis\/#breadcrumb","itemListElement":[{"@type":"ListItem","position":1,"name":"Portada","item":"https:\/\/techdesign.com.ec\/techw\/"},{"@type":"ListItem","position":2,"name":"Asesoramiento en Tesis mecatr\u00f3nica"}]},{"@type":"WebSite","@id":"https:\/\/techdesign.com.ec\/techw\/#website","url":"https:\/\/techdesign.com.ec\/techw\/","name":"TechDesign - Automatizaci&oacute;n, PLCs CAD CAM CNC servomotores robots Cursos","description":"Automatizaci&oacute;n y Optimizaci&oacute;n de Procesos Industriales, ingenier&iacute;a mecatr&oacute;nica, cad cam cae cnc","publisher":{"@id":"https:\/\/techdesign.com.ec\/techw\/#organization"},"potentialAction":[{"@type":"SearchAction","target":{"@type":"EntryPoint","urlTemplate":"https:\/\/techdesign.com.ec\/techw\/?s={search_term_string}"},"query-input":{"@type":"PropertyValueSpecification","valueRequired":true,"valueName":"search_term_string"}}],"inLanguage":"es"},{"@type":"Organization","@id":"https:\/\/techdesign.com.ec\/techw\/#organization","name":"TechDesign - Automatizaci&oacute;n, PLCs CAD CAM CNC servomotores robots Cursos","url":"https:\/\/techdesign.com.ec\/techw\/","logo":{"@type":"ImageObject","inLanguage":"es","@id":"https:\/\/techdesign.com.ec\/techw\/#\/schema\/logo\/image\/","url":"https:\/\/techdesign.com.ec\/techw\/wp-content\/uploads\/2020\/01\/Logo-TechDesign_new500.png","contentUrl":"https:\/\/techdesign.com.ec\/techw\/wp-content\/uploads\/2020\/01\/Logo-TechDesign_new500.png","width":515,"height":237,"caption":"TechDesign - Automatizaci&oacute;n, PLCs CAD CAM CNC servomotores robots Cursos"},"image":{"@id":"https:\/\/techdesign.com.ec\/techw\/#\/schema\/logo\/image\/"}}]}},"_links":{"self":[{"href":"https:\/\/techdesign.com.ec\/techw\/wp-json\/wp\/v2\/pages\/561","targetHints":{"allow":["GET"]}}],"collection":[{"href":"https:\/\/techdesign.com.ec\/techw\/wp-json\/wp\/v2\/pages"}],"about":[{"href":"https:\/\/techdesign.com.ec\/techw\/wp-json\/wp\/v2\/types\/page"}],"author":[{"embeddable":true,"href":"https:\/\/techdesign.com.ec\/techw\/wp-json\/wp\/v2\/users\/1"}],"replies":[{"embeddable":true,"href":"https:\/\/techdesign.com.ec\/techw\/wp-json\/wp\/v2\/comments?post=561"}],"version-history":[{"count":2,"href":"https:\/\/techdesign.com.ec\/techw\/wp-json\/wp\/v2\/pages\/561\/revisions"}],"predecessor-version":[{"id":5520,"href":"https:\/\/techdesign.com.ec\/techw\/wp-json\/wp\/v2\/pages\/561\/revisions\/5520"}],"wp:attachment":[{"href":"https:\/\/techdesign.com.ec\/techw\/wp-json\/wp\/v2\/media?parent=561"}],"curies":[{"name":"wp","href":"https:\/\/api.w.org\/{rel}","templated":true}]}}