{"id":4638,"date":"2020-07-01T23:21:56","date_gmt":"2020-07-02T04:21:56","guid":{"rendered":"https:\/\/techdesign.com.ec\/techw\/?page_id=4638"},"modified":"2021-05-18T18:55:26","modified_gmt":"2021-05-18T23:55:26","slug":"webinar-tornos-fresadores-romi-1","status":"publish","type":"page","link":"https:\/\/techdesign.com.ec\/techw\/webinar-tornos-fresadores-romi-1\/","title":{"rendered":"Webinar Tornos Fresadores ROMI-1"},"content":{"rendered":"<div data-colibri-id=\"4638-c1\" class=\"style-1793 style-local-4638-c1 position-relative\">\n  <!---->\n  <div data-colibri-component=\"section\" data-colibri-id=\"4638-c2\" id=\"custom\" class=\"h-section h-section-global-spacing d-flex align-items-lg-center align-items-md-center align-items-center style-1798 style-local-4638-c2 position-relative\">\n    <!---->\n    <!---->\n    <div class=\"h-section-grid-container h-section-boxed-container\">\n      <!---->\n      <div data-colibri-id=\"4638-c3\" class=\"h-row-container gutters-row-lg-2 gutters-row-md-2 gutters-row-0 gutters-row-v-lg-2 gutters-row-v-md-2 gutters-row-v-2 style-1801 style-local-4638-c3 position-relative\">\n        <!---->\n        <div class=\"h-row justify-content-lg-center justify-content-md-center justify-content-center align-items-lg-stretch align-items-md-stretch align-items-stretch gutters-col-lg-2 gutters-col-md-2 gutters-col-0 gutters-col-v-lg-2 gutters-col-v-md-2 gutters-col-v-2\">\n          <!---->\n          <div class=\"h-column h-column-container d-flex h-col-lg-auto h-col-md-auto h-col-auto style-1802-outer style-local-4638-c4-outer\">\n            <div data-colibri-id=\"4638-c4\" class=\"d-flex h-flex-basis h-column__inner h-px-lg-2 h-px-md-2 h-px-2 v-inner-lg-2 v-inner-md-2 v-inner-2 style-1802 style-local-4638-c4 position-relative\">\n              <!---->\n              <!---->\n              <div class=\"w-100 h-y-container h-column__content h-column__v-align flex-basis-100 align-self-lg-start align-self-md-start align-self-start\">\n                <!---->\n                <div data-colibri-id=\"4638-c5\" class=\"d-block style-1803 style-local-4638-c5 position-relative h-element\">\n                  <!---->\n                  <div class=\"h-image__frame-container-outer\">\n                    <div class=\"h-image__frame-container\">\n                      <!---->\n                      <!---->\n                      <img loading=\"lazy\" decoding=\"async\" width=\"800\" height=\"800\" src=\"https:\/\/techdesign.com.ec\/techw\/wp-content\/uploads\/2020\/07\/Webinar-Tornos-Fresadores-Romi-GL-replay.jpg\" class=\"wp-image-4662 style-1803-image style-local-4638-c5-image\" alt=\"\" srcset=\"https:\/\/techdesign.com.ec\/techw\/wp-content\/uploads\/2020\/07\/Webinar-Tornos-Fresadores-Romi-GL-replay.jpg 800w, https:\/\/techdesign.com.ec\/techw\/wp-content\/uploads\/2020\/07\/Webinar-Tornos-Fresadores-Romi-GL-replay-300x300.jpg 300w, https:\/\/techdesign.com.ec\/techw\/wp-content\/uploads\/2020\/07\/Webinar-Tornos-Fresadores-Romi-GL-replay-150x150.jpg 150w, https:\/\/techdesign.com.ec\/techw\/wp-content\/uploads\/2020\/07\/Webinar-Tornos-Fresadores-Romi-GL-replay-768x768.jpg 768w\" sizes=\"auto, (max-width: 800px) 100vw, 800px\" \/>\n                      <div class=\"h-image__frame h-hide-lg h-hide-md h-hide-sm style-1803-frameImage style-local-4638-c5-frameImage\"><\/div>\n                    <\/div>\n                  <\/div>\n                <\/div>\n              <\/div>\n            <\/div>\n          <\/div>\n        <\/div>\n      <\/div>\n      <div data-colibri-id=\"4638-c6\" class=\"h-row-container gutters-row-lg-2 gutters-row-md-2 gutters-row-0 gutters-row-v-lg-2 gutters-row-v-md-2 gutters-row-v-2 style-1799 style-local-4638-c6 position-relative\">\n        <!---->\n        <div class=\"h-row justify-content-lg-center justify-content-md-center justify-content-center align-items-lg-stretch align-items-md-stretch align-items-stretch gutters-col-lg-2 gutters-col-md-2 gutters-col-0 gutters-col-v-lg-2 gutters-col-v-md-2 gutters-col-v-2\">\n          <!---->\n          <div class=\"h-column h-column-container d-flex h-col-lg-auto h-col-md-auto h-col-auto style-1800-outer style-local-4638-c7-outer\">\n            <div data-colibri-id=\"4638-c7\" class=\"d-flex h-flex-basis h-column__inner h-px-lg-2 h-px-md-2 h-px-2 v-inner-lg-2 v-inner-md-2 v-inner-2 style-1800 style-local-4638-c7 position-relative\">\n              <!---->\n              <!---->\n              <div class=\"w-100 h-y-container h-column__content h-column__v-align flex-basis-100 align-self-lg-start align-self-md-start align-self-start\">\n                <!---->\n                <div data-colibri-id=\"4638-c8\" class=\"h-text h-text-component style-1804 style-local-4638-c8 position-relative h-element\">\n                  <!---->\n                  <!---->\n                  <div class=\"\">\n                    <h2>Seminario de Tornos Fresadores ROMI<\/h2>\n                    <h4>Presentado por:<\/h4>\n                    <h3><span style=\"font-weight: 400;\">F\u00e1bio Almeida<\/span><span style=\"font-weight: 400; font-size: 1.8rem; color: rgba(0, 0, 0, 0.9);\">&nbsp;<\/span><\/h3>\n                    <p>\n                      <br>\n                    <\/p>\n                    <h4>Gerente de Ventas Am\u00e9rica Latina de Ind\u00fastrias Romi\n                      <br>\n                      <br>\n                    <\/h4>\n                    <h4>Santa B\u00e1rbara D&#8217;Oeste, S\u00e3o Paulo, Brasil\n                      <br>\n                    <\/h4>\n                    <p>\n                      <br>\n                    <\/p>\n                    <h2>Fernando Carvalho<\/h2>\n                    <h3>Ingeniero de ventas &#8211; Mercado Externo de Ind\u00fastrias Romi.<\/h3>\n                    <h4>Americana, S\u00e3o Paulo, Brasil<\/h4>\n                    <p>\n                      <br>\n                    <\/p>\n                  <\/div>\n                <\/div>\n              <\/div>\n            <\/div>\n          <\/div>\n        <\/div>\n      <\/div>\n    <\/div>\n  <\/div>\n  <div data-colibri-component=\"section\" data-colibri-id=\"4638-c9\" id=\"custom-2\" class=\"h-section h-section-global-spacing d-flex align-items-lg-center align-items-md-center align-items-center style-1822 style-local-4638-c9 position-relative\">\n    <!---->\n    <!---->\n    <div class=\"h-section-grid-container h-section-boxed-container\">\n      <!---->\n      <div data-colibri-id=\"4638-c10\" class=\"h-row-container gutters-row-lg-2 gutters-row-md-2 gutters-row-0 gutters-row-v-lg-2 gutters-row-v-md-2 gutters-row-v-2 style-1825 style-local-4638-c10 position-relative\">\n        <!---->\n        <div class=\"h-row justify-content-lg-center justify-content-md-center justify-content-center align-items-lg-stretch align-items-md-stretch align-items-stretch gutters-col-lg-2 gutters-col-md-2 gutters-col-0 gutters-col-v-lg-2 gutters-col-v-md-2 gutters-col-v-2\">\n          <!---->\n          <div class=\"h-column h-column-container d-flex h-col-lg-auto h-col-md-auto h-col-auto style-1826-outer style-local-4638-c11-outer\">\n            <div data-colibri-id=\"4638-c11\" class=\"d-flex h-flex-basis h-column__inner h-px-lg-2 h-px-md-2 h-px-2 v-inner-lg-2 v-inner-md-2 v-inner-2 style-1826 style-local-4638-c11 position-relative\">\n              <!---->\n              <!---->\n              <div class=\"w-100 h-y-container h-column__content h-column__v-align flex-basis-100 align-self-lg-start align-self-md-start align-self-start\">\n                <!---->\n                <div data-colibri-id=\"4638-c12\" class=\"h-text h-text-component style-1827 style-local-4638-c12 position-relative h-element\">\n                  <!---->\n                  <!---->\n                  <div class=\"\">\n                    <h2>Ingrese sus datos para acceder al Webinar de tornos Fresadores ROMI con informaci\u00f3n de valor<\/h2>\n                    <p>\n                      <br>\n                    <\/p>\n                  <\/div>\n                <\/div>\n              <\/div>\n            <\/div>\n          <\/div>\n        <\/div>\n      <\/div>\n    <\/div>\n  <\/div>\n  <div data-colibri-component=\"section\" data-colibri-id=\"4638-c13\" id=\"custom-3\" class=\"h-section h-section-global-spacing d-flex align-items-lg-center align-items-md-center align-items-center style-1835 style-local-4638-c13 position-relative\">\n    <!---->\n    <!---->\n    <div class=\"h-section-grid-container h-section-boxed-container\">\n      <!---->\n      <div data-colibri-id=\"4638-c14\" class=\"h-row-container gutters-row-lg-2 gutters-row-md-2 gutters-row-0 gutters-row-v-lg-2 gutters-row-v-md-2 gutters-row-v-2 style-1836 style-local-4638-c14 position-relative\">\n        <!---->\n        <div class=\"h-row justify-content-lg-center justify-content-md-center justify-content-center align-items-lg-stretch align-items-md-stretch align-items-stretch gutters-col-lg-2 gutters-col-md-2 gutters-col-0 gutters-col-v-lg-2 gutters-col-v-md-2 gutters-col-v-2\">\n          <!---->\n          <div class=\"h-column h-column-container d-flex h-col-lg-auto h-col-md-auto h-col-auto style-1837-outer style-local-4638-c15-outer\">\n            <div data-colibri-id=\"4638-c15\" class=\"d-flex h-flex-basis h-column__inner h-px-lg-2 h-px-md-2 h-px-2 v-inner-lg-2 v-inner-md-2 v-inner-2 style-1837 style-local-4638-c15 position-relative\">\n              <!---->\n              <!---->\n              <div class=\"w-100 h-y-container h-column__content h-column__v-align flex-basis-100 align-self-lg-start align-self-md-start align-self-start\">\n                <!---->\n                <div data-colibri-id=\"4638-c16\" class=\"style-1838 style-local-4638-c16 position-relative h-element\">\n                  <!---->\n                  <div class=\"h-global-transition-all\">\n                    <script src=\"https:\/\/crm.zoho.com\/crm\/WebFormServeServlet?rid=40cff4173ed304f9a210c88e014cbca21ff7e8e053f18a776544c7b1688469b3gidfd8c817be875d6455fe3433f65ff11f2e7d4b2783f1e3a758913b776da634fb3&amp;script=$sYG\"><\/script>\n                  <\/div>\n                <\/div>\n              <\/div>\n            <\/div>\n          <\/div>\n        <\/div>\n      <\/div>\n    <\/div>\n  <\/div>\n<\/div>","protected":false},"excerpt":{"rendered":"<p>Seminario de Tornos Fresadores ROMI Presentado por: F\u00e1bio Almeida&nbsp; Gerente de Ventas Am\u00e9rica Latina de Ind\u00fastrias Romi Santa B\u00e1rbara D&#8217;Oeste, S\u00e3o Paulo, Brasil Fernando Carvalho Ingeniero de ventas &#8211; Mercado Externo de Ind\u00fastrias Romi. Americana, S\u00e3o Paulo, Brasil Ingrese sus datos para acceder al Webinar de tornos Fresadores ROMI con informaci\u00f3n de valor<\/p>\n","protected":false},"author":1,"featured_media":0,"parent":0,"menu_order":0,"comment_status":"closed","ping_status":"closed","template":"page-templates\/full-width-page.php","meta":{"footnotes":""},"class_list":["post-4638","page","type-page","status-publish","hentry"],"yoast_head":"<!-- This site is optimized with the Yoast SEO plugin v27.4 - https:\/\/yoast.com\/product\/yoast-seo-wordpress\/ -->\n<title>Webinar Tornos Fresadores ROMI-1 - TechDesign - Automatizaci&oacute;n, PLCs CAD CAM CNC servomotores robots Cursos<\/title>\n<meta name=\"robots\" content=\"index, follow, max-snippet:-1, max-image-preview:large, max-video-preview:-1\" \/>\n<link rel=\"canonical\" href=\"https:\/\/techdesign.com.ec\/techw\/webinar-tornos-fresadores-romi-1\/\" \/>\n<meta property=\"og:locale\" content=\"es_ES\" \/>\n<meta property=\"og:type\" content=\"article\" \/>\n<meta property=\"og:title\" content=\"Webinar Tornos Fresadores ROMI-1 - TechDesign - Automatizaci&oacute;n, PLCs CAD CAM CNC servomotores robots Cursos\" \/>\n<meta property=\"og:description\" content=\"Seminario de Tornos Fresadores ROMI Presentado por: F\u00e1bio Almeida&nbsp; Gerente de Ventas Am\u00e9rica Latina de Ind\u00fastrias Romi Santa B\u00e1rbara D&#8217;Oeste, S\u00e3o Paulo, Brasil Fernando Carvalho Ingeniero de ventas &#8211; Mercado Externo de Ind\u00fastrias Romi. Americana, S\u00e3o Paulo, Brasil Ingrese sus datos para acceder al Webinar de tornos Fresadores ROMI con informaci\u00f3n de valor\" \/>\n<meta property=\"og:url\" content=\"https:\/\/techdesign.com.ec\/techw\/webinar-tornos-fresadores-romi-1\/\" \/>\n<meta property=\"og:site_name\" content=\"TechDesign - Automatizaci&oacute;n, PLCs CAD CAM CNC servomotores robots Cursos\" \/>\n<meta property=\"article:modified_time\" content=\"2021-05-18T23:55:26+00:00\" \/>\n<meta property=\"og:image\" content=\"https:\/\/techdesign.com.ec\/techw\/wp-content\/uploads\/2020\/07\/Webinar-Tornos-Fresadores-Romi-GL-replay.jpg\" \/>\n\t<meta property=\"og:image:width\" content=\"800\" \/>\n\t<meta property=\"og:image:height\" content=\"800\" \/>\n\t<meta property=\"og:image:type\" content=\"image\/jpeg\" \/>\n<meta name=\"twitter:card\" content=\"summary_large_image\" \/>\n<script type=\"application\/ld+json\" class=\"yoast-schema-graph\">{\"@context\":\"https:\\\/\\\/schema.org\",\"@graph\":[{\"@type\":\"WebPage\",\"@id\":\"https:\\\/\\\/techdesign.com.ec\\\/techw\\\/webinar-tornos-fresadores-romi-1\\\/\",\"url\":\"https:\\\/\\\/techdesign.com.ec\\\/techw\\\/webinar-tornos-fresadores-romi-1\\\/\",\"name\":\"Webinar Tornos Fresadores ROMI-1 - TechDesign - Automatizaci&oacute;n, PLCs CAD CAM CNC servomotores robots Cursos\",\"isPartOf\":{\"@id\":\"https:\\\/\\\/techdesign.com.ec\\\/techw\\\/#website\"},\"primaryImageOfPage\":{\"@id\":\"https:\\\/\\\/techdesign.com.ec\\\/techw\\\/webinar-tornos-fresadores-romi-1\\\/#primaryimage\"},\"image\":{\"@id\":\"https:\\\/\\\/techdesign.com.ec\\\/techw\\\/webinar-tornos-fresadores-romi-1\\\/#primaryimage\"},\"thumbnailUrl\":\"https:\\\/\\\/techdesign.com.ec\\\/techw\\\/wp-content\\\/uploads\\\/2020\\\/07\\\/Webinar-Tornos-Fresadores-Romi-GL-replay.jpg\",\"datePublished\":\"2020-07-02T04:21:56+00:00\",\"dateModified\":\"2021-05-18T23:55:26+00:00\",\"breadcrumb\":{\"@id\":\"https:\\\/\\\/techdesign.com.ec\\\/techw\\\/webinar-tornos-fresadores-romi-1\\\/#breadcrumb\"},\"inLanguage\":\"es\",\"potentialAction\":[{\"@type\":\"ReadAction\",\"target\":[\"https:\\\/\\\/techdesign.com.ec\\\/techw\\\/webinar-tornos-fresadores-romi-1\\\/\"]}]},{\"@type\":\"ImageObject\",\"inLanguage\":\"es\",\"@id\":\"https:\\\/\\\/techdesign.com.ec\\\/techw\\\/webinar-tornos-fresadores-romi-1\\\/#primaryimage\",\"url\":\"https:\\\/\\\/techdesign.com.ec\\\/techw\\\/wp-content\\\/uploads\\\/2020\\\/07\\\/Webinar-Tornos-Fresadores-Romi-GL-replay.jpg\",\"contentUrl\":\"https:\\\/\\\/techdesign.com.ec\\\/techw\\\/wp-content\\\/uploads\\\/2020\\\/07\\\/Webinar-Tornos-Fresadores-Romi-GL-replay.jpg\",\"width\":800,\"height\":800},{\"@type\":\"BreadcrumbList\",\"@id\":\"https:\\\/\\\/techdesign.com.ec\\\/techw\\\/webinar-tornos-fresadores-romi-1\\\/#breadcrumb\",\"itemListElement\":[{\"@type\":\"ListItem\",\"position\":1,\"name\":\"Portada\",\"item\":\"https:\\\/\\\/techdesign.com.ec\\\/techw\\\/\"},{\"@type\":\"ListItem\",\"position\":2,\"name\":\"Webinar Tornos Fresadores ROMI-1\"}]},{\"@type\":\"WebSite\",\"@id\":\"https:\\\/\\\/techdesign.com.ec\\\/techw\\\/#website\",\"url\":\"https:\\\/\\\/techdesign.com.ec\\\/techw\\\/\",\"name\":\"TechDesign - Automatizaci&oacute;n, PLCs CAD CAM CNC servomotores robots Cursos\",\"description\":\"Automatizaci&oacute;n y Optimizaci&oacute;n de Procesos Industriales, ingenier&iacute;a mecatr&oacute;nica, cad cam cae cnc\",\"publisher\":{\"@id\":\"https:\\\/\\\/techdesign.com.ec\\\/techw\\\/#organization\"},\"potentialAction\":[{\"@type\":\"SearchAction\",\"target\":{\"@type\":\"EntryPoint\",\"urlTemplate\":\"https:\\\/\\\/techdesign.com.ec\\\/techw\\\/?s={search_term_string}\"},\"query-input\":{\"@type\":\"PropertyValueSpecification\",\"valueRequired\":true,\"valueName\":\"search_term_string\"}}],\"inLanguage\":\"es\"},{\"@type\":\"Organization\",\"@id\":\"https:\\\/\\\/techdesign.com.ec\\\/techw\\\/#organization\",\"name\":\"TechDesign - Automatizaci&oacute;n, PLCs CAD CAM CNC servomotores robots Cursos\",\"url\":\"https:\\\/\\\/techdesign.com.ec\\\/techw\\\/\",\"logo\":{\"@type\":\"ImageObject\",\"inLanguage\":\"es\",\"@id\":\"https:\\\/\\\/techdesign.com.ec\\\/techw\\\/#\\\/schema\\\/logo\\\/image\\\/\",\"url\":\"https:\\\/\\\/techdesign.com.ec\\\/techw\\\/wp-content\\\/uploads\\\/2020\\\/01\\\/Logo-TechDesign_new500.png\",\"contentUrl\":\"https:\\\/\\\/techdesign.com.ec\\\/techw\\\/wp-content\\\/uploads\\\/2020\\\/01\\\/Logo-TechDesign_new500.png\",\"width\":515,\"height\":237,\"caption\":\"TechDesign - Automatizaci&oacute;n, PLCs CAD CAM CNC servomotores robots Cursos\"},\"image\":{\"@id\":\"https:\\\/\\\/techdesign.com.ec\\\/techw\\\/#\\\/schema\\\/logo\\\/image\\\/\"}}]}<\/script>\n<!-- \/ Yoast SEO plugin. -->","yoast_head_json":{"title":"Webinar Tornos Fresadores ROMI-1 - TechDesign - Automatizaci&oacute;n, PLCs CAD CAM CNC servomotores robots Cursos","robots":{"index":"index","follow":"follow","max-snippet":"max-snippet:-1","max-image-preview":"max-image-preview:large","max-video-preview":"max-video-preview:-1"},"canonical":"https:\/\/techdesign.com.ec\/techw\/webinar-tornos-fresadores-romi-1\/","og_locale":"es_ES","og_type":"article","og_title":"Webinar Tornos Fresadores ROMI-1 - TechDesign - Automatizaci&oacute;n, PLCs CAD CAM CNC servomotores robots Cursos","og_description":"Seminario de Tornos Fresadores ROMI Presentado por: F\u00e1bio Almeida&nbsp; Gerente de Ventas Am\u00e9rica Latina de Ind\u00fastrias Romi Santa B\u00e1rbara D&#8217;Oeste, S\u00e3o Paulo, Brasil Fernando Carvalho Ingeniero de ventas &#8211; Mercado Externo de Ind\u00fastrias Romi. Americana, S\u00e3o Paulo, Brasil Ingrese sus datos para acceder al Webinar de tornos Fresadores ROMI con informaci\u00f3n de valor","og_url":"https:\/\/techdesign.com.ec\/techw\/webinar-tornos-fresadores-romi-1\/","og_site_name":"TechDesign - Automatizaci&oacute;n, PLCs CAD CAM CNC servomotores robots Cursos","article_modified_time":"2021-05-18T23:55:26+00:00","og_image":[{"width":800,"height":800,"url":"https:\/\/techdesign.com.ec\/techw\/wp-content\/uploads\/2020\/07\/Webinar-Tornos-Fresadores-Romi-GL-replay.jpg","type":"image\/jpeg"}],"twitter_card":"summary_large_image","schema":{"@context":"https:\/\/schema.org","@graph":[{"@type":"WebPage","@id":"https:\/\/techdesign.com.ec\/techw\/webinar-tornos-fresadores-romi-1\/","url":"https:\/\/techdesign.com.ec\/techw\/webinar-tornos-fresadores-romi-1\/","name":"Webinar Tornos Fresadores ROMI-1 - TechDesign - Automatizaci&oacute;n, PLCs CAD CAM CNC servomotores robots Cursos","isPartOf":{"@id":"https:\/\/techdesign.com.ec\/techw\/#website"},"primaryImageOfPage":{"@id":"https:\/\/techdesign.com.ec\/techw\/webinar-tornos-fresadores-romi-1\/#primaryimage"},"image":{"@id":"https:\/\/techdesign.com.ec\/techw\/webinar-tornos-fresadores-romi-1\/#primaryimage"},"thumbnailUrl":"https:\/\/techdesign.com.ec\/techw\/wp-content\/uploads\/2020\/07\/Webinar-Tornos-Fresadores-Romi-GL-replay.jpg","datePublished":"2020-07-02T04:21:56+00:00","dateModified":"2021-05-18T23:55:26+00:00","breadcrumb":{"@id":"https:\/\/techdesign.com.ec\/techw\/webinar-tornos-fresadores-romi-1\/#breadcrumb"},"inLanguage":"es","potentialAction":[{"@type":"ReadAction","target":["https:\/\/techdesign.com.ec\/techw\/webinar-tornos-fresadores-romi-1\/"]}]},{"@type":"ImageObject","inLanguage":"es","@id":"https:\/\/techdesign.com.ec\/techw\/webinar-tornos-fresadores-romi-1\/#primaryimage","url":"https:\/\/techdesign.com.ec\/techw\/wp-content\/uploads\/2020\/07\/Webinar-Tornos-Fresadores-Romi-GL-replay.jpg","contentUrl":"https:\/\/techdesign.com.ec\/techw\/wp-content\/uploads\/2020\/07\/Webinar-Tornos-Fresadores-Romi-GL-replay.jpg","width":800,"height":800},{"@type":"BreadcrumbList","@id":"https:\/\/techdesign.com.ec\/techw\/webinar-tornos-fresadores-romi-1\/#breadcrumb","itemListElement":[{"@type":"ListItem","position":1,"name":"Portada","item":"https:\/\/techdesign.com.ec\/techw\/"},{"@type":"ListItem","position":2,"name":"Webinar Tornos Fresadores ROMI-1"}]},{"@type":"WebSite","@id":"https:\/\/techdesign.com.ec\/techw\/#website","url":"https:\/\/techdesign.com.ec\/techw\/","name":"TechDesign - Automatizaci&oacute;n, PLCs CAD CAM CNC servomotores robots Cursos","description":"Automatizaci&oacute;n y Optimizaci&oacute;n de Procesos Industriales, ingenier&iacute;a mecatr&oacute;nica, cad cam cae cnc","publisher":{"@id":"https:\/\/techdesign.com.ec\/techw\/#organization"},"potentialAction":[{"@type":"SearchAction","target":{"@type":"EntryPoint","urlTemplate":"https:\/\/techdesign.com.ec\/techw\/?s={search_term_string}"},"query-input":{"@type":"PropertyValueSpecification","valueRequired":true,"valueName":"search_term_string"}}],"inLanguage":"es"},{"@type":"Organization","@id":"https:\/\/techdesign.com.ec\/techw\/#organization","name":"TechDesign - Automatizaci&oacute;n, PLCs CAD CAM CNC servomotores robots Cursos","url":"https:\/\/techdesign.com.ec\/techw\/","logo":{"@type":"ImageObject","inLanguage":"es","@id":"https:\/\/techdesign.com.ec\/techw\/#\/schema\/logo\/image\/","url":"https:\/\/techdesign.com.ec\/techw\/wp-content\/uploads\/2020\/01\/Logo-TechDesign_new500.png","contentUrl":"https:\/\/techdesign.com.ec\/techw\/wp-content\/uploads\/2020\/01\/Logo-TechDesign_new500.png","width":515,"height":237,"caption":"TechDesign - Automatizaci&oacute;n, PLCs CAD CAM CNC servomotores robots Cursos"},"image":{"@id":"https:\/\/techdesign.com.ec\/techw\/#\/schema\/logo\/image\/"}}]}},"_links":{"self":[{"href":"https:\/\/techdesign.com.ec\/techw\/wp-json\/wp\/v2\/pages\/4638","targetHints":{"allow":["GET"]}}],"collection":[{"href":"https:\/\/techdesign.com.ec\/techw\/wp-json\/wp\/v2\/pages"}],"about":[{"href":"https:\/\/techdesign.com.ec\/techw\/wp-json\/wp\/v2\/types\/page"}],"author":[{"embeddable":true,"href":"https:\/\/techdesign.com.ec\/techw\/wp-json\/wp\/v2\/users\/1"}],"replies":[{"embeddable":true,"href":"https:\/\/techdesign.com.ec\/techw\/wp-json\/wp\/v2\/comments?post=4638"}],"version-history":[{"count":11,"href":"https:\/\/techdesign.com.ec\/techw\/wp-json\/wp\/v2\/pages\/4638\/revisions"}],"predecessor-version":[{"id":6856,"href":"https:\/\/techdesign.com.ec\/techw\/wp-json\/wp\/v2\/pages\/4638\/revisions\/6856"}],"wp:attachment":[{"href":"https:\/\/techdesign.com.ec\/techw\/wp-json\/wp\/v2\/media?parent=4638"}],"curies":[{"name":"wp","href":"https:\/\/api.w.org\/{rel}","templated":true}]}}