{"id":233,"date":"2015-06-14T19:52:45","date_gmt":"2015-06-15T00:52:45","guid":{"rendered":"https:\/\/techdesign.com.ec\/techw\/?page_id=233"},"modified":"2021-08-05T11:50:07","modified_gmt":"2021-08-05T16:50:07","slug":"clientes","status":"publish","type":"page","link":"https:\/\/techdesign.com.ec\/techw\/clientes\/","title":{"rendered":"Clientes"},"content":{"rendered":"<p><a href=\"https:\/\/techdesign.com.ec\/techw\/wp-content\/uploads\/2021\/08\/Carta-de-Presentaci\u00f3n-TechDesign-2020-A.pdf\">Carta de presentaci\u00f2n:<\/a> <a href=\"https:\/\/techdesign.com.ec\/techw\/wp-content\/uploads\/2021\/08\/Carta-de-Presentaci\u00f3n-TechDesign-2020-A.pdf\">https:\/\/techdesign.com.ec\/techw\/wp-content\/uploads\/2021\/08\/Carta-de-Presentaci\u00f3n-TechDesign-2020-A.pdf<\/a><\/p>\n<ul>\n<li>ATU (Dise\u00f1o de muebles met\u00e1licos-Quito).<\/li>\n<li>Confiteca (Confites-Quito)<\/li>\n<li><iframe loading=\"lazy\"  id=\"_ytid_29342\"  width=\"480\" height=\"360\"  data-origwidth=\"480\" data-origheight=\"360\" src=\"https:\/\/www.youtube.com\/embed\/zguNLQasEVo?enablejsapi=1&origin=https:\/\/techdesign.com.ec&autoplay=0&cc_load_policy=0&cc_lang_pref=&iv_load_policy=1&loop=0&rel=1&fs=1&playsinline=0&autohide=2&theme=dark&color=red&controls=1&disablekb=0&\" class=\"__youtube_prefs__  no-lazyload\" title=\"YouTube player\"  allow=\"fullscreen; accelerometer; autoplay; clipboard-write; encrypted-media; gyroscope; picture-in-picture; web-share\" referrerpolicy=\"strict-origin-when-cross-origin\" allowfullscreen data-no-lazy=\"1\" data-skipgform_ajax_framebjll=\"\"><\/iframe><\/li>\n<li>Iepesa (Plasticos-Quito).<\/li>\n<li>Productos Paraiso (Fundas plasticas-Tambillo).<\/li>\n<li><iframe loading=\"lazy\"  id=\"_ytid_65809\"  width=\"480\" height=\"360\"  data-origwidth=\"480\" data-origheight=\"360\" src=\"https:\/\/www.youtube.com\/embed\/1jZAHgmFsVQ?enablejsapi=1&origin=https:\/\/techdesign.com.ec&autoplay=0&cc_load_policy=0&cc_lang_pref=&iv_load_policy=1&loop=0&rel=1&fs=1&playsinline=0&autohide=2&theme=dark&color=red&controls=1&disablekb=0&\" class=\"__youtube_prefs__  no-lazyload\" title=\"YouTube player\"  allow=\"fullscreen; accelerometer; autoplay; clipboard-write; encrypted-media; gyroscope; picture-in-picture; web-share\" referrerpolicy=\"strict-origin-when-cross-origin\" allowfullscreen data-no-lazy=\"1\" data-skipgform_ajax_framebjll=\"\"><\/iframe><\/li>\n<li>Adhinflex (Etiquetas autoadhesivas-Quito).<\/li>\n<li>ESPE (Escuela Polit\u00e9cnica del Ejercito-Latacunga).<\/li>\n<li>ESPE (Escuela Polit\u00e9cnica del Ejercito-Sangolqui).<\/li>\n<\/ul>\n<ul>\n<li>TANASA (Tabacalera Ecuatoriana).<\/li>\n<li>EPN (Escuela Polit\u00e9cnica Nacional).<\/li>\n<li>METALTRONIC (Estructuras metalicas &#8211; GM).<\/li>\n<li>Jaboner\u00eda Wilson (Jabones lavavajillas).<iframe loading=\"lazy\"  id=\"_ytid_32754\"  width=\"480\" height=\"360\"  data-origwidth=\"480\" data-origheight=\"360\" src=\"https:\/\/www.youtube.com\/embed\/AbcJQlZYSJU?enablejsapi=1&origin=https:\/\/techdesign.com.ec&autoplay=0&cc_load_policy=0&cc_lang_pref=&iv_load_policy=1&loop=0&rel=1&fs=1&playsinline=0&autohide=2&theme=dark&color=red&controls=1&disablekb=0&\" class=\"__youtube_prefs__  no-lazyload\" title=\"YouTube player\"  allow=\"fullscreen; accelerometer; autoplay; clipboard-write; encrypted-media; gyroscope; picture-in-picture; web-share\" referrerpolicy=\"strict-origin-when-cross-origin\" allowfullscreen data-no-lazy=\"1\" data-skipgform_ajax_framebjll=\"\"><\/iframe><\/li>\n<li>INDURAMA.<\/li>\n<li><iframe loading=\"lazy\"  id=\"_ytid_41015\"  width=\"480\" height=\"270\"  data-origwidth=\"480\" data-origheight=\"270\" src=\"https:\/\/www.youtube.com\/embed\/uj-vuz_m4YU\">https:\/\/www.youtube.com\/watch?enablejsapi=1&origin=https:\/\/techdesign.com.ec&autoplay=0&cc_load_policy=0&cc_lang_pref=&iv_load_policy=1&loop=0&rel=1&fs=1&playsinline=0&autohide=2&theme=dark&color=red&controls=1&disablekb=0&\" class=\"__youtube_prefs__  no-lazyload\" title=\"YouTube player\"  allow=\"fullscreen; accelerometer; autoplay; clipboard-write; encrypted-media; gyroscope; picture-in-picture; web-share\" referrerpolicy=\"strict-origin-when-cross-origin\" allowfullscreen data-no-lazy=\"1\" data-skipgform_ajax_framebjll=\"\"><\/iframe><\/li>\n<li>AICO<\/li>\n<li><iframe loading=\"lazy\"  id=\"_ytid_55837\"  width=\"480\" height=\"270\"  data-origwidth=\"480\" data-origheight=\"270\" src=\"https:\/\/www.youtube.com\/embed\/cDJ9Ta2ojQM\">https:\/\/www.youtube.com\/watch?enablejsapi=1&origin=https:\/\/techdesign.com.ec&autoplay=0&cc_load_policy=0&cc_lang_pref=&iv_load_policy=1&loop=0&rel=1&fs=1&playsinline=0&autohide=2&theme=dark&color=red&controls=1&disablekb=0&\" class=\"__youtube_prefs__  no-lazyload\" title=\"YouTube player\"  allow=\"fullscreen; accelerometer; autoplay; clipboard-write; encrypted-media; gyroscope; picture-in-picture; web-share\" referrerpolicy=\"strict-origin-when-cross-origin\" allowfullscreen data-no-lazy=\"1\" data-skipgform_ajax_framebjll=\"\"><\/iframe><\/li>\n<\/ul>\n","protected":false},"excerpt":{"rendered":"<p>Carta de presentaci\u00f2n: https:\/\/techdesign.com.ec\/techw\/wp-content\/uploads\/2021\/08\/Carta-de-Presentaci\u00f3n-TechDesign-2020-A.pdf ATU (Dise\u00f1o de muebles met\u00e1licos-Quito). Confiteca (Confites-Quito) Iepesa (Plasticos-Quito). Productos Paraiso (Fundas plasticas-Tambillo). Adhinflex (Etiquetas autoadhesivas-Quito). ESPE (Escuela Polit\u00e9cnica del Ejercito-Latacunga). ESPE (Escuela Polit\u00e9cnica del Ejercito-Sangolqui). TANASA (Tabacalera Ecuatoriana). EPN (Escuela Polit\u00e9cnica Nacional). METALTRONIC (Estructuras metalicas &#8211; GM). Jaboner\u00eda Wilson (Jabones lavavajillas). INDURAMA. AICO<\/p>\n","protected":false},"author":1,"featured_media":0,"parent":0,"menu_order":0,"comment_status":"closed","ping_status":"open","template":"","meta":{"footnotes":""},"class_list":["post-233","page","type-page","status-publish","hentry"],"yoast_head":"<!-- This site is optimized with the Yoast SEO plugin v27.4 - https:\/\/yoast.com\/product\/yoast-seo-wordpress\/ -->\n<title>Clientes - TechDesign - Automatizaci&oacute;n, PLCs CAD CAM CNC servomotores robots Cursos<\/title>\n<meta name=\"robots\" content=\"index, follow, max-snippet:-1, max-image-preview:large, max-video-preview:-1\" \/>\n<link rel=\"canonical\" href=\"https:\/\/techdesign.com.ec\/techw\/clientes\/\" \/>\n<meta property=\"og:locale\" content=\"es_ES\" \/>\n<meta property=\"og:type\" content=\"article\" \/>\n<meta property=\"og:title\" content=\"Clientes - TechDesign - Automatizaci&oacute;n, PLCs CAD CAM CNC servomotores robots Cursos\" \/>\n<meta property=\"og:description\" content=\"Carta de presentaci\u00f2n: https:\/\/techdesign.com.ec\/techw\/wp-content\/uploads\/2021\/08\/Carta-de-Presentaci\u00f3n-TechDesign-2020-A.pdf ATU (Dise\u00f1o de muebles met\u00e1licos-Quito). Confiteca (Confites-Quito) Iepesa (Plasticos-Quito). Productos Paraiso (Fundas plasticas-Tambillo). Adhinflex (Etiquetas autoadhesivas-Quito). ESPE (Escuela Polit\u00e9cnica del Ejercito-Latacunga). ESPE (Escuela Polit\u00e9cnica del Ejercito-Sangolqui). TANASA (Tabacalera Ecuatoriana). EPN (Escuela Polit\u00e9cnica Nacional). METALTRONIC (Estructuras metalicas &#8211; GM). Jaboner\u00eda Wilson (Jabones lavavajillas). INDURAMA. AICO\" \/>\n<meta property=\"og:url\" content=\"https:\/\/techdesign.com.ec\/techw\/clientes\/\" \/>\n<meta property=\"og:site_name\" content=\"TechDesign - Automatizaci&oacute;n, PLCs CAD CAM CNC servomotores robots Cursos\" \/>\n<meta property=\"article:modified_time\" content=\"2021-08-05T16:50:07+00:00\" \/>\n<meta name=\"twitter:card\" content=\"summary_large_image\" \/>\n<meta name=\"twitter:label1\" content=\"Tiempo de lectura\" \/>\n\t<meta name=\"twitter:data1\" content=\"1 minuto\" \/>\n<script type=\"application\/ld+json\" class=\"yoast-schema-graph\">{\"@context\":\"https:\\\/\\\/schema.org\",\"@graph\":[{\"@type\":\"WebPage\",\"@id\":\"https:\\\/\\\/techdesign.com.ec\\\/techw\\\/clientes\\\/\",\"url\":\"https:\\\/\\\/techdesign.com.ec\\\/techw\\\/clientes\\\/\",\"name\":\"Clientes - TechDesign - Automatizaci&oacute;n, PLCs CAD CAM CNC servomotores robots Cursos\",\"isPartOf\":{\"@id\":\"https:\\\/\\\/techdesign.com.ec\\\/techw\\\/#website\"},\"datePublished\":\"2015-06-15T00:52:45+00:00\",\"dateModified\":\"2021-08-05T16:50:07+00:00\",\"breadcrumb\":{\"@id\":\"https:\\\/\\\/techdesign.com.ec\\\/techw\\\/clientes\\\/#breadcrumb\"},\"inLanguage\":\"es\",\"potentialAction\":[{\"@type\":\"ReadAction\",\"target\":[\"https:\\\/\\\/techdesign.com.ec\\\/techw\\\/clientes\\\/\"]}]},{\"@type\":\"BreadcrumbList\",\"@id\":\"https:\\\/\\\/techdesign.com.ec\\\/techw\\\/clientes\\\/#breadcrumb\",\"itemListElement\":[{\"@type\":\"ListItem\",\"position\":1,\"name\":\"Portada\",\"item\":\"https:\\\/\\\/techdesign.com.ec\\\/techw\\\/\"},{\"@type\":\"ListItem\",\"position\":2,\"name\":\"Clientes\"}]},{\"@type\":\"WebSite\",\"@id\":\"https:\\\/\\\/techdesign.com.ec\\\/techw\\\/#website\",\"url\":\"https:\\\/\\\/techdesign.com.ec\\\/techw\\\/\",\"name\":\"TechDesign - Automatizaci&oacute;n, PLCs CAD CAM CNC servomotores robots Cursos\",\"description\":\"Automatizaci&oacute;n y Optimizaci&oacute;n de Procesos Industriales, ingenier&iacute;a mecatr&oacute;nica, cad cam cae cnc\",\"publisher\":{\"@id\":\"https:\\\/\\\/techdesign.com.ec\\\/techw\\\/#organization\"},\"potentialAction\":[{\"@type\":\"SearchAction\",\"target\":{\"@type\":\"EntryPoint\",\"urlTemplate\":\"https:\\\/\\\/techdesign.com.ec\\\/techw\\\/?s={search_term_string}\"},\"query-input\":{\"@type\":\"PropertyValueSpecification\",\"valueRequired\":true,\"valueName\":\"search_term_string\"}}],\"inLanguage\":\"es\"},{\"@type\":\"Organization\",\"@id\":\"https:\\\/\\\/techdesign.com.ec\\\/techw\\\/#organization\",\"name\":\"TechDesign - Automatizaci&oacute;n, PLCs CAD CAM CNC servomotores robots Cursos\",\"url\":\"https:\\\/\\\/techdesign.com.ec\\\/techw\\\/\",\"logo\":{\"@type\":\"ImageObject\",\"inLanguage\":\"es\",\"@id\":\"https:\\\/\\\/techdesign.com.ec\\\/techw\\\/#\\\/schema\\\/logo\\\/image\\\/\",\"url\":\"https:\\\/\\\/techdesign.com.ec\\\/techw\\\/wp-content\\\/uploads\\\/2020\\\/01\\\/Logo-TechDesign_new500.png\",\"contentUrl\":\"https:\\\/\\\/techdesign.com.ec\\\/techw\\\/wp-content\\\/uploads\\\/2020\\\/01\\\/Logo-TechDesign_new500.png\",\"width\":515,\"height\":237,\"caption\":\"TechDesign - Automatizaci&oacute;n, PLCs CAD CAM CNC servomotores robots Cursos\"},\"image\":{\"@id\":\"https:\\\/\\\/techdesign.com.ec\\\/techw\\\/#\\\/schema\\\/logo\\\/image\\\/\"}}]}<\/script>\n<!-- \/ Yoast SEO plugin. -->","yoast_head_json":{"title":"Clientes - TechDesign - Automatizaci&oacute;n, PLCs CAD CAM CNC servomotores robots Cursos","robots":{"index":"index","follow":"follow","max-snippet":"max-snippet:-1","max-image-preview":"max-image-preview:large","max-video-preview":"max-video-preview:-1"},"canonical":"https:\/\/techdesign.com.ec\/techw\/clientes\/","og_locale":"es_ES","og_type":"article","og_title":"Clientes - TechDesign - Automatizaci&oacute;n, PLCs CAD CAM CNC servomotores robots Cursos","og_description":"Carta de presentaci\u00f2n: https:\/\/techdesign.com.ec\/techw\/wp-content\/uploads\/2021\/08\/Carta-de-Presentaci\u00f3n-TechDesign-2020-A.pdf ATU (Dise\u00f1o de muebles met\u00e1licos-Quito). Confiteca (Confites-Quito) Iepesa (Plasticos-Quito). Productos Paraiso (Fundas plasticas-Tambillo). Adhinflex (Etiquetas autoadhesivas-Quito). ESPE (Escuela Polit\u00e9cnica del Ejercito-Latacunga). ESPE (Escuela Polit\u00e9cnica del Ejercito-Sangolqui). TANASA (Tabacalera Ecuatoriana). EPN (Escuela Polit\u00e9cnica Nacional). METALTRONIC (Estructuras metalicas &#8211; GM). Jaboner\u00eda Wilson (Jabones lavavajillas). INDURAMA. AICO","og_url":"https:\/\/techdesign.com.ec\/techw\/clientes\/","og_site_name":"TechDesign - Automatizaci&oacute;n, PLCs CAD CAM CNC servomotores robots Cursos","article_modified_time":"2021-08-05T16:50:07+00:00","twitter_card":"summary_large_image","twitter_misc":{"Tiempo de lectura":"1 minuto"},"schema":{"@context":"https:\/\/schema.org","@graph":[{"@type":"WebPage","@id":"https:\/\/techdesign.com.ec\/techw\/clientes\/","url":"https:\/\/techdesign.com.ec\/techw\/clientes\/","name":"Clientes - TechDesign - Automatizaci&oacute;n, PLCs CAD CAM CNC servomotores robots Cursos","isPartOf":{"@id":"https:\/\/techdesign.com.ec\/techw\/#website"},"datePublished":"2015-06-15T00:52:45+00:00","dateModified":"2021-08-05T16:50:07+00:00","breadcrumb":{"@id":"https:\/\/techdesign.com.ec\/techw\/clientes\/#breadcrumb"},"inLanguage":"es","potentialAction":[{"@type":"ReadAction","target":["https:\/\/techdesign.com.ec\/techw\/clientes\/"]}]},{"@type":"BreadcrumbList","@id":"https:\/\/techdesign.com.ec\/techw\/clientes\/#breadcrumb","itemListElement":[{"@type":"ListItem","position":1,"name":"Portada","item":"https:\/\/techdesign.com.ec\/techw\/"},{"@type":"ListItem","position":2,"name":"Clientes"}]},{"@type":"WebSite","@id":"https:\/\/techdesign.com.ec\/techw\/#website","url":"https:\/\/techdesign.com.ec\/techw\/","name":"TechDesign - Automatizaci&oacute;n, PLCs CAD CAM CNC servomotores robots Cursos","description":"Automatizaci&oacute;n y Optimizaci&oacute;n de Procesos Industriales, ingenier&iacute;a mecatr&oacute;nica, cad cam cae cnc","publisher":{"@id":"https:\/\/techdesign.com.ec\/techw\/#organization"},"potentialAction":[{"@type":"SearchAction","target":{"@type":"EntryPoint","urlTemplate":"https:\/\/techdesign.com.ec\/techw\/?s={search_term_string}"},"query-input":{"@type":"PropertyValueSpecification","valueRequired":true,"valueName":"search_term_string"}}],"inLanguage":"es"},{"@type":"Organization","@id":"https:\/\/techdesign.com.ec\/techw\/#organization","name":"TechDesign - Automatizaci&oacute;n, PLCs CAD CAM CNC servomotores robots Cursos","url":"https:\/\/techdesign.com.ec\/techw\/","logo":{"@type":"ImageObject","inLanguage":"es","@id":"https:\/\/techdesign.com.ec\/techw\/#\/schema\/logo\/image\/","url":"https:\/\/techdesign.com.ec\/techw\/wp-content\/uploads\/2020\/01\/Logo-TechDesign_new500.png","contentUrl":"https:\/\/techdesign.com.ec\/techw\/wp-content\/uploads\/2020\/01\/Logo-TechDesign_new500.png","width":515,"height":237,"caption":"TechDesign - Automatizaci&oacute;n, PLCs CAD CAM CNC servomotores robots Cursos"},"image":{"@id":"https:\/\/techdesign.com.ec\/techw\/#\/schema\/logo\/image\/"}}]}},"_links":{"self":[{"href":"https:\/\/techdesign.com.ec\/techw\/wp-json\/wp\/v2\/pages\/233","targetHints":{"allow":["GET"]}}],"collection":[{"href":"https:\/\/techdesign.com.ec\/techw\/wp-json\/wp\/v2\/pages"}],"about":[{"href":"https:\/\/techdesign.com.ec\/techw\/wp-json\/wp\/v2\/types\/page"}],"author":[{"embeddable":true,"href":"https:\/\/techdesign.com.ec\/techw\/wp-json\/wp\/v2\/users\/1"}],"replies":[{"embeddable":true,"href":"https:\/\/techdesign.com.ec\/techw\/wp-json\/wp\/v2\/comments?post=233"}],"version-history":[{"count":1,"href":"https:\/\/techdesign.com.ec\/techw\/wp-json\/wp\/v2\/pages\/233\/revisions"}],"predecessor-version":[{"id":7238,"href":"https:\/\/techdesign.com.ec\/techw\/wp-json\/wp\/v2\/pages\/233\/revisions\/7238"}],"wp:attachment":[{"href":"https:\/\/techdesign.com.ec\/techw\/wp-json\/wp\/v2\/media?parent=233"}],"curies":[{"name":"wp","href":"https:\/\/api.w.org\/{rel}","templated":true}]}}