{"id":230,"date":"2015-06-14T19:50:08","date_gmt":"2015-06-15T00:50:08","guid":{"rendered":"https:\/\/techdesign.com.ec\/techw\/?page_id=230"},"modified":"2021-08-05T11:27:35","modified_gmt":"2021-08-05T16:27:35","slug":"quienes-somos","status":"publish","type":"page","link":"https:\/\/techdesign.com.ec\/techw\/quienes-somos\/","title":{"rendered":"Quienes Somos"},"content":{"rendered":"<h2><a href=\"https:\/\/techdesign.com.ec\/techw\/wp-content\/uploads\/2015\/06\/IMG_68121.jpg\"><img loading=\"lazy\" decoding=\"async\" class=\"aligncenter wp-image-643 size-large\" src=\"https:\/\/techdesign.com.ec\/techw\/wp-content\/uploads\/2015\/06\/IMG_68121-1024x768.jpg\" alt=\"IMG_6812[1]\" width=\"1024\" height=\"768\" srcset=\"https:\/\/techdesign.com.ec\/techw\/wp-content\/uploads\/2015\/06\/IMG_68121-1024x768.jpg 1024w, https:\/\/techdesign.com.ec\/techw\/wp-content\/uploads\/2015\/06\/IMG_68121-300x225.jpg 300w\" sizes=\"auto, (max-width: 1024px) 100vw, 1024px\" \/><\/a><\/h2>\n<p><a href=\"https:\/\/techdesign.com.ec\/techw\/wp-content\/uploads\/2021\/08\/Carta-de-Presentaci\u00f3n-TechDesign-2020-A.pdf\">Carta de presentaci\u00f2n:<\/a> <a href=\"https:\/\/techdesign.com.ec\/techw\/wp-content\/uploads\/2021\/08\/Carta-de-Presentaci\u00f3n-TechDesign-2020-A.pdf\">https:\/\/techdesign.com.ec\/techw\/wp-content\/uploads\/2021\/08\/Carta-de-Presentaci\u00f3n-TechDesign-2020-A.pdf<\/a><\/p>\n<h2><strong>Visi\u00f3n<\/strong><\/h2>\n<p>Miramos hacia el futuro para la superaci\u00f3n de todo el conglomerado humano en el Ecuador, permitiendo hacer m\u00e1s humana la tecnolog\u00eda, y optimizar los procesos industriales mediante la mecatr\u00f3nica.<br \/>\nNuestro aporte personal es siempre servir con calidad, eficiencia y oportuno cumplimiento.<\/p>\n<h2><strong>Misi\u00f3n<\/strong><\/h2>\n<p>Proveer de servicios de calidad al mercado ecuatoriano para implementar, adaptar la nueva tecnolog\u00eda mecatr\u00f3nica para mejorar as\u00ed la calidad de <a href=\"https:\/\/techdesign.com.ec\/techw\/\">productos<\/a> y <a href=\"https:\/\/techdesign.com.ec\/techw\/servicios\/\">servicios<\/a> que ofrece la m\u00e1s variada <a href=\"https:\/\/techdesign.com.ec\/techw\/\">industria<\/a> ecuatoriana.<\/p>\n<h1><\/h1>\n<h2><strong>Acerca de Nosotros<\/strong><\/h2>\n<p>TechDesign ( Technology &amp; Design ) tecnolog\u00eda y dise\u00f1o, es una empresa que naci\u00f3 con la idea de dar servicio de dise\u00f1o y fabricaci\u00f3n de maquinaria con alta tecnolog\u00eda, que con el tiempo evolucion\u00f3 en el campo de la mecatr\u00f3nica y la automatizaci\u00f3n industrial, hoy tiene un abanico de servicios y productos para el desarrollo de la Peque\u00f1a, Mediana y Gran Industria, adem\u00e1s de las Universidades e Instituciones Educativas de alta tecnolog\u00eda.<br \/>\nNuestra empresa mantiene un cambio en el paradigma de mercado, asumiendo que el \u00e9xito de una relaci\u00f3n comercial est\u00e1 en el asesoramiento oportuno, esto hace que los productos y servicios cubran las necesidades de manera confortable y agradable, en tres palabras: TechDesign..Amistad y Confianza<\/p>\n<p><strong>TechDesign<\/strong> es distribuidor autorizado\u00a0<a href=\"https:\/\/techdesign.com.ec\/techw\/software\/\"><strong>Siemens PLM Software<\/strong> <\/a>(Gerenciamiento del Ciclo de Vida del Producto NX, Solid Edge, Teamcenter, Tecnomatix), <a href=\"https:\/\/techdesign.com.ec\/techw\/controles-numericos-sinumerik-gsk-fanuc-fagor\/\"><strong>GSK<\/strong> CNC<\/a> Controllers &amp; <a href=\"https:\/\/techdesign.com.ec\/techw\/brazos-robot-industriales-gsk-kuka-fanuc-motoman\/\">Robots<\/a>, <strong><a href=\"https:\/\/techdesign.com.ec\/techw\/plcs-siemens-s7-1200-xinje-mitsubishi\/\">Xinje<\/a><\/strong> (Plc, vfds, servomotores, etc), <strong><a href=\"https:\/\/techdesign.com.ec\/techw\/scada-pulse-afcon\/\">AFCON<\/a><\/strong> (Pulse), <strong>Zuken<\/strong> E3<\/p>\n<h4><a href=\"https:\/\/techdesign.com.ec\/techw\/wp-content\/uploads\/2016\/01\/Logo_GSK_CNC.bmp\"><img loading=\"lazy\" decoding=\"async\" class=\"alignleft wp-image-1655 img-responsive\" src=\"https:\/\/techdesign.com.ec\/techw\/wp-content\/uploads\/2016\/01\/Logo_GSK_CNC.bmp\" alt=\"Logo_GSK_CNC\" width=\"99\" height=\"103\" \/><\/a> <a href=\"https:\/\/techdesign.com.ec\/techw\/wp-content\/uploads\/2015\/06\/siemens_Motion_logo.jpg\"><img loading=\"lazy\" decoding=\"async\" class=\"wp-image-1532 alignleft img-responsive\" src=\"https:\/\/techdesign.com.ec\/techw\/wp-content\/uploads\/2015\/06\/siemens_Motion_logo.jpg\" alt=\"siemens_Motion_logo\" width=\"135\" height=\"76\" \/><\/a><a href=\"https:\/\/techdesign.com.ec\/techw\/wp-content\/uploads\/2015\/06\/Siemens_PLM_solution_partner.jpg\"><img loading=\"lazy\" decoding=\"async\" class=\"wp-image-1652 alignleft img-responsive\" src=\"https:\/\/techdesign.com.ec\/techw\/wp-content\/uploads\/2015\/06\/Siemens_PLM_solution_partner.jpg\" alt=\"Siemens_PLM_solution_partner\" width=\"111\" height=\"64\" \/><\/a>\u00a0<a href=\"https:\/\/techdesign.com.ec\/techw\/wp-content\/uploads\/2016\/01\/Logo_Xinje_PLC.bmp\"><img loading=\"lazy\" decoding=\"async\" class=\"size-full wp-image-1657 alignnone img-responsive\" src=\"https:\/\/techdesign.com.ec\/techw\/wp-content\/uploads\/2016\/01\/Logo_Xinje_PLC.bmp\" alt=\"Logo_Xinje_PLC\" width=\"185\" height=\"61\" \/><\/a><\/h4>\n<div><\/div>\n<div><\/div>\n","protected":false},"excerpt":{"rendered":"<p>Carta de presentaci\u00f2n: https:\/\/techdesign.com.ec\/techw\/wp-content\/uploads\/2021\/08\/Carta-de-Presentaci\u00f3n-TechDesign-2020-A.pdf Visi\u00f3n Miramos hacia el futuro para la superaci\u00f3n de todo el conglomerado humano en el Ecuador, permitiendo hacer m\u00e1s humana la tecnolog\u00eda, y optimizar los procesos industriales mediante la mecatr\u00f3nica. Nuestro aporte personal es siempre servir con calidad, eficiencia y oportuno cumplimiento. Misi\u00f3n Proveer de servicios de calidad al mercado ecuatoriano [&hellip;]<\/p>\n","protected":false},"author":1,"featured_media":0,"parent":0,"menu_order":0,"comment_status":"closed","ping_status":"open","template":"","meta":{"footnotes":""},"class_list":["post-230","page","type-page","status-publish","hentry"],"yoast_head":"<!-- This site is optimized with the Yoast SEO plugin v27.4 - https:\/\/yoast.com\/product\/yoast-seo-wordpress\/ -->\n<title>Quienes Somos - TechDesign - Automatizaci&oacute;n, PLCs CAD CAM CNC servomotores robots Cursos<\/title>\n<meta name=\"robots\" content=\"index, follow, max-snippet:-1, max-image-preview:large, max-video-preview:-1\" \/>\n<link rel=\"canonical\" href=\"https:\/\/techdesign.com.ec\/techw\/quienes-somos\/\" \/>\n<meta property=\"og:locale\" content=\"es_ES\" \/>\n<meta property=\"og:type\" content=\"article\" \/>\n<meta property=\"og:title\" content=\"Quienes Somos - TechDesign - Automatizaci&oacute;n, PLCs CAD CAM CNC servomotores robots Cursos\" \/>\n<meta property=\"og:description\" content=\"Carta de presentaci\u00f2n: https:\/\/techdesign.com.ec\/techw\/wp-content\/uploads\/2021\/08\/Carta-de-Presentaci\u00f3n-TechDesign-2020-A.pdf Visi\u00f3n Miramos hacia el futuro para la superaci\u00f3n de todo el conglomerado humano en el Ecuador, permitiendo hacer m\u00e1s humana la tecnolog\u00eda, y optimizar los procesos industriales mediante la mecatr\u00f3nica. Nuestro aporte personal es siempre servir con calidad, eficiencia y oportuno cumplimiento. Misi\u00f3n Proveer de servicios de calidad al mercado ecuatoriano [&hellip;]\" \/>\n<meta property=\"og:url\" content=\"https:\/\/techdesign.com.ec\/techw\/quienes-somos\/\" \/>\n<meta property=\"og:site_name\" content=\"TechDesign - Automatizaci&oacute;n, PLCs CAD CAM CNC servomotores robots Cursos\" \/>\n<meta property=\"article:modified_time\" content=\"2021-08-05T16:27:35+00:00\" \/>\n<meta property=\"og:image\" content=\"https:\/\/techdesign.com.ec\/techw\/wp-content\/uploads\/2015\/06\/IMG_68121.jpg\" \/>\n\t<meta property=\"og:image:width\" content=\"3264\" \/>\n\t<meta property=\"og:image:height\" content=\"2448\" \/>\n\t<meta property=\"og:image:type\" content=\"image\/jpeg\" \/>\n<meta name=\"twitter:card\" content=\"summary_large_image\" \/>\n<meta name=\"twitter:label1\" content=\"Tiempo de lectura\" \/>\n\t<meta name=\"twitter:data1\" content=\"1 minuto\" \/>\n<script type=\"application\/ld+json\" class=\"yoast-schema-graph\">{\"@context\":\"https:\\\/\\\/schema.org\",\"@graph\":[{\"@type\":\"WebPage\",\"@id\":\"https:\\\/\\\/techdesign.com.ec\\\/techw\\\/quienes-somos\\\/\",\"url\":\"https:\\\/\\\/techdesign.com.ec\\\/techw\\\/quienes-somos\\\/\",\"name\":\"Quienes Somos - TechDesign - Automatizaci&oacute;n, PLCs CAD CAM CNC servomotores robots Cursos\",\"isPartOf\":{\"@id\":\"https:\\\/\\\/techdesign.com.ec\\\/techw\\\/#website\"},\"primaryImageOfPage\":{\"@id\":\"https:\\\/\\\/techdesign.com.ec\\\/techw\\\/quienes-somos\\\/#primaryimage\"},\"image\":{\"@id\":\"https:\\\/\\\/techdesign.com.ec\\\/techw\\\/quienes-somos\\\/#primaryimage\"},\"thumbnailUrl\":\"https:\\\/\\\/techdesign.com.ec\\\/techw\\\/wp-content\\\/uploads\\\/2015\\\/06\\\/IMG_68121-1024x768.jpg\",\"datePublished\":\"2015-06-15T00:50:08+00:00\",\"dateModified\":\"2021-08-05T16:27:35+00:00\",\"breadcrumb\":{\"@id\":\"https:\\\/\\\/techdesign.com.ec\\\/techw\\\/quienes-somos\\\/#breadcrumb\"},\"inLanguage\":\"es\",\"potentialAction\":[{\"@type\":\"ReadAction\",\"target\":[\"https:\\\/\\\/techdesign.com.ec\\\/techw\\\/quienes-somos\\\/\"]}]},{\"@type\":\"ImageObject\",\"inLanguage\":\"es\",\"@id\":\"https:\\\/\\\/techdesign.com.ec\\\/techw\\\/quienes-somos\\\/#primaryimage\",\"url\":\"https:\\\/\\\/techdesign.com.ec\\\/techw\\\/wp-content\\\/uploads\\\/2015\\\/06\\\/IMG_68121.jpg\",\"contentUrl\":\"https:\\\/\\\/techdesign.com.ec\\\/techw\\\/wp-content\\\/uploads\\\/2015\\\/06\\\/IMG_68121.jpg\",\"width\":3264,\"height\":2448},{\"@type\":\"BreadcrumbList\",\"@id\":\"https:\\\/\\\/techdesign.com.ec\\\/techw\\\/quienes-somos\\\/#breadcrumb\",\"itemListElement\":[{\"@type\":\"ListItem\",\"position\":1,\"name\":\"Portada\",\"item\":\"https:\\\/\\\/techdesign.com.ec\\\/techw\\\/\"},{\"@type\":\"ListItem\",\"position\":2,\"name\":\"Quienes Somos\"}]},{\"@type\":\"WebSite\",\"@id\":\"https:\\\/\\\/techdesign.com.ec\\\/techw\\\/#website\",\"url\":\"https:\\\/\\\/techdesign.com.ec\\\/techw\\\/\",\"name\":\"TechDesign - Automatizaci&oacute;n, PLCs CAD CAM CNC servomotores robots Cursos\",\"description\":\"Automatizaci&oacute;n y Optimizaci&oacute;n de Procesos Industriales, ingenier&iacute;a mecatr&oacute;nica, cad cam cae cnc\",\"publisher\":{\"@id\":\"https:\\\/\\\/techdesign.com.ec\\\/techw\\\/#organization\"},\"potentialAction\":[{\"@type\":\"SearchAction\",\"target\":{\"@type\":\"EntryPoint\",\"urlTemplate\":\"https:\\\/\\\/techdesign.com.ec\\\/techw\\\/?s={search_term_string}\"},\"query-input\":{\"@type\":\"PropertyValueSpecification\",\"valueRequired\":true,\"valueName\":\"search_term_string\"}}],\"inLanguage\":\"es\"},{\"@type\":\"Organization\",\"@id\":\"https:\\\/\\\/techdesign.com.ec\\\/techw\\\/#organization\",\"name\":\"TechDesign - Automatizaci&oacute;n, PLCs CAD CAM CNC servomotores robots Cursos\",\"url\":\"https:\\\/\\\/techdesign.com.ec\\\/techw\\\/\",\"logo\":{\"@type\":\"ImageObject\",\"inLanguage\":\"es\",\"@id\":\"https:\\\/\\\/techdesign.com.ec\\\/techw\\\/#\\\/schema\\\/logo\\\/image\\\/\",\"url\":\"https:\\\/\\\/techdesign.com.ec\\\/techw\\\/wp-content\\\/uploads\\\/2020\\\/01\\\/Logo-TechDesign_new500.png\",\"contentUrl\":\"https:\\\/\\\/techdesign.com.ec\\\/techw\\\/wp-content\\\/uploads\\\/2020\\\/01\\\/Logo-TechDesign_new500.png\",\"width\":515,\"height\":237,\"caption\":\"TechDesign - Automatizaci&oacute;n, PLCs CAD CAM CNC servomotores robots Cursos\"},\"image\":{\"@id\":\"https:\\\/\\\/techdesign.com.ec\\\/techw\\\/#\\\/schema\\\/logo\\\/image\\\/\"}}]}<\/script>\n<!-- \/ Yoast SEO plugin. -->","yoast_head_json":{"title":"Quienes Somos - TechDesign - Automatizaci&oacute;n, PLCs CAD CAM CNC servomotores robots Cursos","robots":{"index":"index","follow":"follow","max-snippet":"max-snippet:-1","max-image-preview":"max-image-preview:large","max-video-preview":"max-video-preview:-1"},"canonical":"https:\/\/techdesign.com.ec\/techw\/quienes-somos\/","og_locale":"es_ES","og_type":"article","og_title":"Quienes Somos - TechDesign - Automatizaci&oacute;n, PLCs CAD CAM CNC servomotores robots Cursos","og_description":"Carta de presentaci\u00f2n: https:\/\/techdesign.com.ec\/techw\/wp-content\/uploads\/2021\/08\/Carta-de-Presentaci\u00f3n-TechDesign-2020-A.pdf Visi\u00f3n Miramos hacia el futuro para la superaci\u00f3n de todo el conglomerado humano en el Ecuador, permitiendo hacer m\u00e1s humana la tecnolog\u00eda, y optimizar los procesos industriales mediante la mecatr\u00f3nica. Nuestro aporte personal es siempre servir con calidad, eficiencia y oportuno cumplimiento. Misi\u00f3n Proveer de servicios de calidad al mercado ecuatoriano [&hellip;]","og_url":"https:\/\/techdesign.com.ec\/techw\/quienes-somos\/","og_site_name":"TechDesign - Automatizaci&oacute;n, PLCs CAD CAM CNC servomotores robots Cursos","article_modified_time":"2021-08-05T16:27:35+00:00","og_image":[{"width":3264,"height":2448,"url":"https:\/\/techdesign.com.ec\/techw\/wp-content\/uploads\/2015\/06\/IMG_68121.jpg","type":"image\/jpeg"}],"twitter_card":"summary_large_image","twitter_misc":{"Tiempo de lectura":"1 minuto"},"schema":{"@context":"https:\/\/schema.org","@graph":[{"@type":"WebPage","@id":"https:\/\/techdesign.com.ec\/techw\/quienes-somos\/","url":"https:\/\/techdesign.com.ec\/techw\/quienes-somos\/","name":"Quienes Somos - TechDesign - Automatizaci&oacute;n, PLCs CAD CAM CNC servomotores robots Cursos","isPartOf":{"@id":"https:\/\/techdesign.com.ec\/techw\/#website"},"primaryImageOfPage":{"@id":"https:\/\/techdesign.com.ec\/techw\/quienes-somos\/#primaryimage"},"image":{"@id":"https:\/\/techdesign.com.ec\/techw\/quienes-somos\/#primaryimage"},"thumbnailUrl":"https:\/\/techdesign.com.ec\/techw\/wp-content\/uploads\/2015\/06\/IMG_68121-1024x768.jpg","datePublished":"2015-06-15T00:50:08+00:00","dateModified":"2021-08-05T16:27:35+00:00","breadcrumb":{"@id":"https:\/\/techdesign.com.ec\/techw\/quienes-somos\/#breadcrumb"},"inLanguage":"es","potentialAction":[{"@type":"ReadAction","target":["https:\/\/techdesign.com.ec\/techw\/quienes-somos\/"]}]},{"@type":"ImageObject","inLanguage":"es","@id":"https:\/\/techdesign.com.ec\/techw\/quienes-somos\/#primaryimage","url":"https:\/\/techdesign.com.ec\/techw\/wp-content\/uploads\/2015\/06\/IMG_68121.jpg","contentUrl":"https:\/\/techdesign.com.ec\/techw\/wp-content\/uploads\/2015\/06\/IMG_68121.jpg","width":3264,"height":2448},{"@type":"BreadcrumbList","@id":"https:\/\/techdesign.com.ec\/techw\/quienes-somos\/#breadcrumb","itemListElement":[{"@type":"ListItem","position":1,"name":"Portada","item":"https:\/\/techdesign.com.ec\/techw\/"},{"@type":"ListItem","position":2,"name":"Quienes Somos"}]},{"@type":"WebSite","@id":"https:\/\/techdesign.com.ec\/techw\/#website","url":"https:\/\/techdesign.com.ec\/techw\/","name":"TechDesign - Automatizaci&oacute;n, PLCs CAD CAM CNC servomotores robots Cursos","description":"Automatizaci&oacute;n y Optimizaci&oacute;n de Procesos Industriales, ingenier&iacute;a mecatr&oacute;nica, cad cam cae cnc","publisher":{"@id":"https:\/\/techdesign.com.ec\/techw\/#organization"},"potentialAction":[{"@type":"SearchAction","target":{"@type":"EntryPoint","urlTemplate":"https:\/\/techdesign.com.ec\/techw\/?s={search_term_string}"},"query-input":{"@type":"PropertyValueSpecification","valueRequired":true,"valueName":"search_term_string"}}],"inLanguage":"es"},{"@type":"Organization","@id":"https:\/\/techdesign.com.ec\/techw\/#organization","name":"TechDesign - Automatizaci&oacute;n, PLCs CAD CAM CNC servomotores robots Cursos","url":"https:\/\/techdesign.com.ec\/techw\/","logo":{"@type":"ImageObject","inLanguage":"es","@id":"https:\/\/techdesign.com.ec\/techw\/#\/schema\/logo\/image\/","url":"https:\/\/techdesign.com.ec\/techw\/wp-content\/uploads\/2020\/01\/Logo-TechDesign_new500.png","contentUrl":"https:\/\/techdesign.com.ec\/techw\/wp-content\/uploads\/2020\/01\/Logo-TechDesign_new500.png","width":515,"height":237,"caption":"TechDesign - Automatizaci&oacute;n, PLCs CAD CAM CNC servomotores robots Cursos"},"image":{"@id":"https:\/\/techdesign.com.ec\/techw\/#\/schema\/logo\/image\/"}}]}},"_links":{"self":[{"href":"https:\/\/techdesign.com.ec\/techw\/wp-json\/wp\/v2\/pages\/230","targetHints":{"allow":["GET"]}}],"collection":[{"href":"https:\/\/techdesign.com.ec\/techw\/wp-json\/wp\/v2\/pages"}],"about":[{"href":"https:\/\/techdesign.com.ec\/techw\/wp-json\/wp\/v2\/types\/page"}],"author":[{"embeddable":true,"href":"https:\/\/techdesign.com.ec\/techw\/wp-json\/wp\/v2\/users\/1"}],"replies":[{"embeddable":true,"href":"https:\/\/techdesign.com.ec\/techw\/wp-json\/wp\/v2\/comments?post=230"}],"version-history":[{"count":2,"href":"https:\/\/techdesign.com.ec\/techw\/wp-json\/wp\/v2\/pages\/230\/revisions"}],"predecessor-version":[{"id":7235,"href":"https:\/\/techdesign.com.ec\/techw\/wp-json\/wp\/v2\/pages\/230\/revisions\/7235"}],"wp:attachment":[{"href":"https:\/\/techdesign.com.ec\/techw\/wp-json\/wp\/v2\/media?parent=230"}],"curies":[{"name":"wp","href":"https:\/\/api.w.org\/{rel}","templated":true}]}}