{"id":1609,"date":"2016-03-17T14:23:48","date_gmt":"2016-03-17T19:23:48","guid":{"rendered":"https:\/\/techdesign.com.ec\/techw\/?page_id=1609"},"modified":"2019-02-18T14:32:10","modified_gmt":"2019-02-18T19:32:10","slug":"que-es-automatizacion-industrial","status":"publish","type":"page","link":"https:\/\/techdesign.com.ec\/techw\/blog-foros\/que-es-automatizacion-industrial\/","title":{"rendered":"QUE ES AUTOMATIZACION INDUSTRIAL"},"content":{"rendered":"<h2><strong>Qu\u00e9 es Automatizaci\u00f3n Industrial<\/strong><\/h2>\n<p style=\"text-align: justify;\">La Automatizaci\u00f3n Industrial es la aplicaci\u00f3n de sistemas o elementos computarizados y electromec\u00e1nicos para controlar y monitorear un proceso, maquina o dispositivo que por lo regular cumple funciones o tareas repetitivas, haciendo que opere autom\u00e1ticamente, reduciendo al m\u00ednimo la intervenci\u00f3n humana.<\/p>\n<p style=\"text-align: justify;\">Lo que se busca con la Automatizaci\u00f3n industrial es generar la mayor cantidad de producto, en el menor tiempo posible, con el fin de reducir los costos y garantizar una uniformidad en la calidad. Tambi\u00e9n se podr\u00e1n obtener datos del proceso en forma autom\u00e1tica, los cuales ser\u00e1n m\u00e1s confiables al no depender de acciones humanas. Esto significara para la industria un empleo m\u00e1s eficiente de los recursos e insumos del proceso y finalmente se obtendr\u00e1 una mejor productividad.<\/p>\n<h2 style=\"text-align: justify;\">\u00bfC\u00f3mo implementar un sistema automatizaci\u00f3n?<\/h2>\n<p style=\"text-align: justify;\">El primer paso ser\u00e1 identificar las necesidades, para poder describir lo que se quiere realizar y establecer los resultados que se esperan. De esta forma se podr\u00e1 cuantificar el beneficio de imple-mentar un sistema y, por lo tanto, se estar\u00e1 en condiciones de conocer la cifra que se podr\u00e1 invertir.<\/p>\n<p style=\"text-align: justify;\">Este an\u00e1lisis debe ser realizado por los due\u00f1os del proceso, quienes son los que mejor lo conocen, y s\u00f3lo podr\u00edan requerir de la asesor\u00eda de un experto en sistemas de automatizaci\u00f3n y control, de modo de conocer si es factible realizar las cosas en que est\u00e1n pensando y algunas aproximaciones de su costo.<\/p>\n<p style=\"text-align: justify;\">Ya con una descripci\u00f3n detallada de lo que se requiere, ahora hay que recurrir a los expertos en Automatizaci\u00f3n y Control Industrial, de modo de obtener una propuesta completa. Esto significa normalmente una ingenier\u00eda conceptual, luego una b\u00e1sica, despu\u00e9s una de detalle, suministro del equipamiento y por \u00faltimo la instalaci\u00f3n, configuraci\u00f3n, programaci\u00f3n y puesta en marcha. TechDesign es una empresas que est\u00e1 en capacidad para desarrolla todas las actividades anteriores.<\/p>\n","protected":false},"excerpt":{"rendered":"<p>Qu\u00e9 es Automatizaci\u00f3n Industrial La Automatizaci\u00f3n Industrial es la aplicaci\u00f3n de sistemas o elementos computarizados y electromec\u00e1nicos para controlar y monitorear un proceso, maquina o dispositivo que por lo regular cumple funciones o tareas repetitivas, haciendo que opere autom\u00e1ticamente, reduciendo al m\u00ednimo la intervenci\u00f3n humana. Lo que se busca con la Automatizaci\u00f3n industrial es generar [&hellip;]<\/p>\n","protected":false},"author":1,"featured_media":0,"parent":1641,"menu_order":0,"comment_status":"open","ping_status":"open","template":"automatizacion.php","meta":{"footnotes":""},"class_list":["post-1609","page","type-page","status-publish","hentry"],"yoast_head":"<!-- This site is optimized with the Yoast SEO plugin v27.4 - https:\/\/yoast.com\/product\/yoast-seo-wordpress\/ -->\n<title>QUE ES AUTOMATIZACION INDUSTRIAL - TechDesign - Automatizaci&oacute;n, PLCs CAD CAM CNC servomotores robots Cursos<\/title>\n<meta name=\"robots\" content=\"index, follow, max-snippet:-1, max-image-preview:large, max-video-preview:-1\" \/>\n<link rel=\"canonical\" href=\"https:\/\/techdesign.com.ec\/techw\/blog-foros\/que-es-automatizacion-industrial\/\" \/>\n<meta property=\"og:locale\" content=\"es_ES\" \/>\n<meta property=\"og:type\" content=\"article\" \/>\n<meta property=\"og:title\" content=\"QUE ES AUTOMATIZACION INDUSTRIAL - TechDesign - Automatizaci&oacute;n, PLCs CAD CAM CNC servomotores robots Cursos\" \/>\n<meta property=\"og:description\" content=\"Qu\u00e9 es Automatizaci\u00f3n Industrial La Automatizaci\u00f3n Industrial es la aplicaci\u00f3n de sistemas o elementos computarizados y electromec\u00e1nicos para controlar y monitorear un proceso, maquina o dispositivo que por lo regular cumple funciones o tareas repetitivas, haciendo que opere autom\u00e1ticamente, reduciendo al m\u00ednimo la intervenci\u00f3n humana. Lo que se busca con la Automatizaci\u00f3n industrial es generar [&hellip;]\" \/>\n<meta property=\"og:url\" content=\"https:\/\/techdesign.com.ec\/techw\/blog-foros\/que-es-automatizacion-industrial\/\" \/>\n<meta property=\"og:site_name\" content=\"TechDesign - Automatizaci&oacute;n, PLCs CAD CAM CNC servomotores robots Cursos\" \/>\n<meta property=\"article:modified_time\" content=\"2019-02-18T19:32:10+00:00\" \/>\n<meta name=\"twitter:card\" content=\"summary_large_image\" \/>\n<meta name=\"twitter:label1\" content=\"Tiempo de lectura\" \/>\n\t<meta name=\"twitter:data1\" content=\"2 minutos\" \/>\n<script type=\"application\/ld+json\" class=\"yoast-schema-graph\">{\"@context\":\"https:\\\/\\\/schema.org\",\"@graph\":[{\"@type\":\"WebPage\",\"@id\":\"https:\\\/\\\/techdesign.com.ec\\\/techw\\\/blog-foros\\\/que-es-automatizacion-industrial\\\/\",\"url\":\"https:\\\/\\\/techdesign.com.ec\\\/techw\\\/blog-foros\\\/que-es-automatizacion-industrial\\\/\",\"name\":\"QUE ES AUTOMATIZACION INDUSTRIAL - TechDesign - Automatizaci&oacute;n, PLCs CAD CAM CNC servomotores robots Cursos\",\"isPartOf\":{\"@id\":\"https:\\\/\\\/techdesign.com.ec\\\/techw\\\/#website\"},\"datePublished\":\"2016-03-17T19:23:48+00:00\",\"dateModified\":\"2019-02-18T19:32:10+00:00\",\"breadcrumb\":{\"@id\":\"https:\\\/\\\/techdesign.com.ec\\\/techw\\\/blog-foros\\\/que-es-automatizacion-industrial\\\/#breadcrumb\"},\"inLanguage\":\"es\",\"potentialAction\":[{\"@type\":\"ReadAction\",\"target\":[\"https:\\\/\\\/techdesign.com.ec\\\/techw\\\/blog-foros\\\/que-es-automatizacion-industrial\\\/\"]}]},{\"@type\":\"BreadcrumbList\",\"@id\":\"https:\\\/\\\/techdesign.com.ec\\\/techw\\\/blog-foros\\\/que-es-automatizacion-industrial\\\/#breadcrumb\",\"itemListElement\":[{\"@type\":\"ListItem\",\"position\":1,\"name\":\"Portada\",\"item\":\"https:\\\/\\\/techdesign.com.ec\\\/techw\\\/\"},{\"@type\":\"ListItem\",\"position\":2,\"name\":\"BLOG FOROS\",\"item\":\"https:\\\/\\\/techdesign.com.ec\\\/techw\\\/blog-foros\\\/\"},{\"@type\":\"ListItem\",\"position\":3,\"name\":\"QUE ES AUTOMATIZACION INDUSTRIAL\"}]},{\"@type\":\"WebSite\",\"@id\":\"https:\\\/\\\/techdesign.com.ec\\\/techw\\\/#website\",\"url\":\"https:\\\/\\\/techdesign.com.ec\\\/techw\\\/\",\"name\":\"TechDesign - Automatizaci&oacute;n, PLCs CAD CAM CNC servomotores robots Cursos\",\"description\":\"Automatizaci&oacute;n y Optimizaci&oacute;n de Procesos Industriales, ingenier&iacute;a mecatr&oacute;nica, cad cam cae cnc\",\"publisher\":{\"@id\":\"https:\\\/\\\/techdesign.com.ec\\\/techw\\\/#organization\"},\"potentialAction\":[{\"@type\":\"SearchAction\",\"target\":{\"@type\":\"EntryPoint\",\"urlTemplate\":\"https:\\\/\\\/techdesign.com.ec\\\/techw\\\/?s={search_term_string}\"},\"query-input\":{\"@type\":\"PropertyValueSpecification\",\"valueRequired\":true,\"valueName\":\"search_term_string\"}}],\"inLanguage\":\"es\"},{\"@type\":\"Organization\",\"@id\":\"https:\\\/\\\/techdesign.com.ec\\\/techw\\\/#organization\",\"name\":\"TechDesign - Automatizaci&oacute;n, PLCs CAD CAM CNC servomotores robots Cursos\",\"url\":\"https:\\\/\\\/techdesign.com.ec\\\/techw\\\/\",\"logo\":{\"@type\":\"ImageObject\",\"inLanguage\":\"es\",\"@id\":\"https:\\\/\\\/techdesign.com.ec\\\/techw\\\/#\\\/schema\\\/logo\\\/image\\\/\",\"url\":\"https:\\\/\\\/techdesign.com.ec\\\/techw\\\/wp-content\\\/uploads\\\/2020\\\/01\\\/Logo-TechDesign_new500.png\",\"contentUrl\":\"https:\\\/\\\/techdesign.com.ec\\\/techw\\\/wp-content\\\/uploads\\\/2020\\\/01\\\/Logo-TechDesign_new500.png\",\"width\":515,\"height\":237,\"caption\":\"TechDesign - Automatizaci&oacute;n, PLCs CAD CAM CNC servomotores robots Cursos\"},\"image\":{\"@id\":\"https:\\\/\\\/techdesign.com.ec\\\/techw\\\/#\\\/schema\\\/logo\\\/image\\\/\"}}]}<\/script>\n<!-- \/ Yoast SEO plugin. -->","yoast_head_json":{"title":"QUE ES AUTOMATIZACION INDUSTRIAL - TechDesign - Automatizaci&oacute;n, PLCs CAD CAM CNC servomotores robots Cursos","robots":{"index":"index","follow":"follow","max-snippet":"max-snippet:-1","max-image-preview":"max-image-preview:large","max-video-preview":"max-video-preview:-1"},"canonical":"https:\/\/techdesign.com.ec\/techw\/blog-foros\/que-es-automatizacion-industrial\/","og_locale":"es_ES","og_type":"article","og_title":"QUE ES AUTOMATIZACION INDUSTRIAL - TechDesign - Automatizaci&oacute;n, PLCs CAD CAM CNC servomotores robots Cursos","og_description":"Qu\u00e9 es Automatizaci\u00f3n Industrial La Automatizaci\u00f3n Industrial es la aplicaci\u00f3n de sistemas o elementos computarizados y electromec\u00e1nicos para controlar y monitorear un proceso, maquina o dispositivo que por lo regular cumple funciones o tareas repetitivas, haciendo que opere autom\u00e1ticamente, reduciendo al m\u00ednimo la intervenci\u00f3n humana. Lo que se busca con la Automatizaci\u00f3n industrial es generar [&hellip;]","og_url":"https:\/\/techdesign.com.ec\/techw\/blog-foros\/que-es-automatizacion-industrial\/","og_site_name":"TechDesign - Automatizaci&oacute;n, PLCs CAD CAM CNC servomotores robots Cursos","article_modified_time":"2019-02-18T19:32:10+00:00","twitter_card":"summary_large_image","twitter_misc":{"Tiempo de lectura":"2 minutos"},"schema":{"@context":"https:\/\/schema.org","@graph":[{"@type":"WebPage","@id":"https:\/\/techdesign.com.ec\/techw\/blog-foros\/que-es-automatizacion-industrial\/","url":"https:\/\/techdesign.com.ec\/techw\/blog-foros\/que-es-automatizacion-industrial\/","name":"QUE ES AUTOMATIZACION INDUSTRIAL - TechDesign - Automatizaci&oacute;n, PLCs CAD CAM CNC servomotores robots Cursos","isPartOf":{"@id":"https:\/\/techdesign.com.ec\/techw\/#website"},"datePublished":"2016-03-17T19:23:48+00:00","dateModified":"2019-02-18T19:32:10+00:00","breadcrumb":{"@id":"https:\/\/techdesign.com.ec\/techw\/blog-foros\/que-es-automatizacion-industrial\/#breadcrumb"},"inLanguage":"es","potentialAction":[{"@type":"ReadAction","target":["https:\/\/techdesign.com.ec\/techw\/blog-foros\/que-es-automatizacion-industrial\/"]}]},{"@type":"BreadcrumbList","@id":"https:\/\/techdesign.com.ec\/techw\/blog-foros\/que-es-automatizacion-industrial\/#breadcrumb","itemListElement":[{"@type":"ListItem","position":1,"name":"Portada","item":"https:\/\/techdesign.com.ec\/techw\/"},{"@type":"ListItem","position":2,"name":"BLOG FOROS","item":"https:\/\/techdesign.com.ec\/techw\/blog-foros\/"},{"@type":"ListItem","position":3,"name":"QUE ES AUTOMATIZACION INDUSTRIAL"}]},{"@type":"WebSite","@id":"https:\/\/techdesign.com.ec\/techw\/#website","url":"https:\/\/techdesign.com.ec\/techw\/","name":"TechDesign - Automatizaci&oacute;n, PLCs CAD CAM CNC servomotores robots Cursos","description":"Automatizaci&oacute;n y Optimizaci&oacute;n de Procesos Industriales, ingenier&iacute;a mecatr&oacute;nica, cad cam cae cnc","publisher":{"@id":"https:\/\/techdesign.com.ec\/techw\/#organization"},"potentialAction":[{"@type":"SearchAction","target":{"@type":"EntryPoint","urlTemplate":"https:\/\/techdesign.com.ec\/techw\/?s={search_term_string}"},"query-input":{"@type":"PropertyValueSpecification","valueRequired":true,"valueName":"search_term_string"}}],"inLanguage":"es"},{"@type":"Organization","@id":"https:\/\/techdesign.com.ec\/techw\/#organization","name":"TechDesign - Automatizaci&oacute;n, PLCs CAD CAM CNC servomotores robots Cursos","url":"https:\/\/techdesign.com.ec\/techw\/","logo":{"@type":"ImageObject","inLanguage":"es","@id":"https:\/\/techdesign.com.ec\/techw\/#\/schema\/logo\/image\/","url":"https:\/\/techdesign.com.ec\/techw\/wp-content\/uploads\/2020\/01\/Logo-TechDesign_new500.png","contentUrl":"https:\/\/techdesign.com.ec\/techw\/wp-content\/uploads\/2020\/01\/Logo-TechDesign_new500.png","width":515,"height":237,"caption":"TechDesign - Automatizaci&oacute;n, PLCs CAD CAM CNC servomotores robots Cursos"},"image":{"@id":"https:\/\/techdesign.com.ec\/techw\/#\/schema\/logo\/image\/"}}]}},"_links":{"self":[{"href":"https:\/\/techdesign.com.ec\/techw\/wp-json\/wp\/v2\/pages\/1609","targetHints":{"allow":["GET"]}}],"collection":[{"href":"https:\/\/techdesign.com.ec\/techw\/wp-json\/wp\/v2\/pages"}],"about":[{"href":"https:\/\/techdesign.com.ec\/techw\/wp-json\/wp\/v2\/types\/page"}],"author":[{"embeddable":true,"href":"https:\/\/techdesign.com.ec\/techw\/wp-json\/wp\/v2\/users\/1"}],"replies":[{"embeddable":true,"href":"https:\/\/techdesign.com.ec\/techw\/wp-json\/wp\/v2\/comments?post=1609"}],"version-history":[{"count":0,"href":"https:\/\/techdesign.com.ec\/techw\/wp-json\/wp\/v2\/pages\/1609\/revisions"}],"up":[{"embeddable":true,"href":"https:\/\/techdesign.com.ec\/techw\/wp-json\/wp\/v2\/pages\/1641"}],"wp:attachment":[{"href":"https:\/\/techdesign.com.ec\/techw\/wp-json\/wp\/v2\/media?parent=1609"}],"curies":[{"name":"wp","href":"https:\/\/api.w.org\/{rel}","templated":true}]}}