{"id":1261,"date":"2016-02-29T16:43:05","date_gmt":"2016-02-29T21:43:05","guid":{"rendered":"https:\/\/techdesign.com.ec\/techw\/?page_id=1261"},"modified":"2016-03-18T23:22:53","modified_gmt":"2016-03-19T04:22:53","slug":"como-pueden-los-ingenieros-solucionar-problemas-mecanicos-junto-a-controles-electronicos-en-estos-dias","status":"publish","type":"page","link":"https:\/\/techdesign.com.ec\/techw\/blog-foros\/como-pueden-los-ingenieros-solucionar-problemas-mecanicos-junto-a-controles-electronicos-en-estos-dias\/","title":{"rendered":"\u00bfC\u00f3mo Pueden los ingenieros solucionar problemas mec\u00e1nicos junto a controles electr\u00f3nicos en estos d\u00edas?"},"content":{"rendered":"<p><strong>\u00bfC\u00f3mo Pueden los ingenieros solucionar problemas mec\u00e1nicos junto a controles electr\u00f3nicos en estos d\u00edas?<\/strong><\/p>\n<p style=\"text-align: justify;\"><em><strong> <strong><em><a href=\"https:\/\/techdesign.com.ec\/techw\/nx-mechatronics-concept-designer\/\">NX Mechatronics Concept Designer<\/a><\/em><\/strong>\u00a0 <\/strong><\/em>(Concepto de Dise\u00f1o <strong>Mecatr\u00f3nico<\/strong> en espa\u00f1ol) es una herramienta de simulaci\u00f3n de <em><strong>SIEMENS PLM<\/strong><\/em> que re\u00fane caracter\u00edsticas mec\u00e1nicas, electr\u00f3nicas y de control. <em><strong>MCD<\/strong><\/em> es una soluci\u00f3n nueva y fresca para el dise\u00f1o industrial de m\u00e1quinas y herramientas acerc\u00e1ndose a la realidad de procesos.<\/p>\n<p style=\"text-align: justify;\">\u00a0<a href=\"https:\/\/techdesign.com.ec\/techw\/wp-content\/uploads\/2016\/02\/brazo-robot-GSK-con-prensa-y-gripper.png\"><img loading=\"lazy\" decoding=\"async\" class=\"alignnone size-full wp-image-1263\" src=\"https:\/\/techdesign.com.ec\/techw\/wp-content\/uploads\/2016\/02\/brazo-robot-GSK-con-prensa-y-gripper.png\" alt=\"brazo robot GSK con prensa y gripper\" width=\"453\" height=\"232\" srcset=\"https:\/\/techdesign.com.ec\/techw\/wp-content\/uploads\/2016\/02\/brazo-robot-GSK-con-prensa-y-gripper.png 453w, https:\/\/techdesign.com.ec\/techw\/wp-content\/uploads\/2016\/02\/brazo-robot-GSK-con-prensa-y-gripper-300x154.png 300w\" sizes=\"auto, (max-width: 453px) 100vw, 453px\" \/><\/a><\/p>\n<p style=\"text-align: justify;\">En la actualidad nuevos procesos industriales y de automatizaci\u00f3n es un reto, ya que el costo de implementaci\u00f3n es alto y un error puede costar p\u00e9rdida de tiempo y dinero. Las disciplinas Mec\u00e1nica, Electr\u00f3nica y Control han sido muy dif\u00edciles de conectar al momento de dise\u00f1ar ya que se usan varios programas de simulaci\u00f3n. Por estas razones, <strong><em>Siemens PLM<\/em><\/strong> ha creado una herramienta que concentre el dise\u00f1o e integre las tres disciplinas en un solo programa <strong><em><a href=\"https:\/\/techdesign.com.ec\/techw\/nx-mechatronics-concept-designer\/\">NX Mechatronics Concept Designer<\/a><\/em><\/strong>\u00a0.<\/p>\n<p style=\"text-align: justify;\">Un ejemplo muy cercano ha sido la simulaci\u00f3n de un brazo robot en una empresa de prensado de piezas de bronce. En la actualidad el proceso se lo realiza manualmente, eso quiere decir que una persona est\u00e1 expuesta a una temperatura de 800 grados cent\u00edgrados (temperatura de la pieza prensada) 8 horas al d\u00eda y 7 d\u00edas a la semana como m\u00ednimo. La preocupaci\u00f3n de la empresa es por los riesgos que este proceso puede causar a su operario y las consecuencias que puede causar. Entonces la empresa ve la posibilidad de implementar un <a href=\"https:\/\/techdesign.com.ec\/techw\/brazos-robot-industriales-gsk-kuka-fanuc-motoman\/\">brazo robot industrial<\/a>\u00a0para suplantar el trabajo del operario, pero como tener certeza que esa m\u00e1quina puede igualar el trabajo del operario o superarlo. Y la funcionalidad de la herramienta de <strong><em>Siemens PLM<\/em><\/strong> para dise\u00f1o <strong><em><a href=\"https:\/\/techdesign.com.ec\/techw\/nx-mechatronics-concept-designer\/\">NX Mechatronics Concept Designer<\/a><\/em><\/strong>\u00a0 de procesos entra en acci\u00f3n.<\/p>\n<p style=\"text-align: justify;\">Se inici\u00f3 con el dibujo <strong><em>CAD<\/em><\/strong> del proceso en el cual el brazo robot ser\u00eda implementado, virtual izando la maquinaria y los accesorios usados. Adem\u00e1s, se coloc\u00f3 el dibujo <em><strong>CAD<\/strong><\/em> del <a href=\"https:\/\/techdesign.com.ec\/techw\/brazos-robot-industriales-gsk-kuka-fanuc-motoman\/\">brazo robot industrial<\/a>\u00a0 que el fabricante nos entreg\u00f3 y se complet\u00f3 el ambiente del proceso.<\/p>\n<p style=\"text-align: justify;\">Con el ensamble realizado, se traslad\u00f3 al m\u00f3dulo de Mecatr\u00f3nica. Inicialmente, se define material y peso de los objetos del proceso, agregando la caracter\u00edstica de gravedad. Despu\u00e9s, se colocan restricciones como fijaci\u00f3n en objetos sin movimiento, junturas en cada conexi\u00f3n del <a href=\"https:\/\/techdesign.com.ec\/techw\/brazos-robot-industriales-gsk-kuka-fanuc-motoman\/\">brazo robot industrial<\/a>\u00a0 y movimiento de banda transportadora para la m\u00e1quina que surtir\u00e1 de piezas (materia prima). Y se finaliza con las propiedades mec\u00e1nicas del proceso.<\/p>\n<p style=\"text-align: justify;\">En seguida se crean los actuadores y sensores. El <a href=\"https:\/\/techdesign.com.ec\/techw\/brazos-robot-industriales-gsk-kuka-fanuc-motoman\/\">brazo robot industrial<\/a>\u00a0cuenta con 6 grados de libertad, es decir 6 <a href=\"https:\/\/techdesign.com.ec\/techw\/servomotores-ac-gsk-xinje-siemens-mitsubishi-yaskawa\/\">servomotores<\/a> (actuadores) que le dar\u00e1n el movimiento. Adem\u00e1s, se coloca un sensor de presencia a la salida del surtidor de pieza. Estos motores y sensores son dibujos<strong><em> CAD<\/em><\/strong> a los cuales se les da caracter\u00edsticas de electr\u00f3nicas.<\/p>\n<p style=\"text-align: justify;\">Finalmente, se cre\u00f3 las operaciones que comandan al proceso. Estas operaciones son de<em> tipo secuencial<\/em> y se puede controlar velocidad, posici\u00f3n, aceleraci\u00f3n, l\u00edmite de aceleraci\u00f3n, desaceleraci\u00f3n, e inclusi\u00f3n la variaci\u00f3n de la aceleraci\u00f3n en el tiempo llamado Jerk.<\/p>\n<p style=\"text-align: justify;\"><img loading=\"lazy\" decoding=\"async\" class=\"alignnone size-full wp-image-1262\" src=\"https:\/\/techdesign.com.ec\/techw\/wp-content\/uploads\/2016\/02\/brazo-robot-con-prensa-y-gripper.png\" alt=\"brazo robot con prensa y gripper\" width=\"454\" height=\"199\" srcset=\"https:\/\/techdesign.com.ec\/techw\/wp-content\/uploads\/2016\/02\/brazo-robot-con-prensa-y-gripper.png 454w, https:\/\/techdesign.com.ec\/techw\/wp-content\/uploads\/2016\/02\/brazo-robot-con-prensa-y-gripper-300x131.png 300w\" sizes=\"auto, (max-width: 454px) 100vw, 454px\" \/><\/p>\n<p style=\"text-align: justify;\">La complejidad de este dise\u00f1o de automatizaci\u00f3n hubiese sido muy dif\u00edcil de simular integralmente, pero la herramienta <strong><em><a href=\"https:\/\/techdesign.com.ec\/techw\/nx-mechatronics-concept-designer\/\">NX Mechatronics Concept Designer<\/a><\/em><\/strong>\u00a0ayud\u00f3 a evaluar y analizar conceptos de dise\u00f1o y obtener f\u00e1cilmente informaci\u00f3n necesaria para la toma de decisiones.<\/p>\n<p style=\"text-align: justify;\">Este es un excelente ejemplo de la forma en que en <em><strong>Siemens PLM<\/strong><\/em> ayuda a buscar formas de dise\u00f1o para nuestros clientes, centr\u00e1ndose en sus necesidades espec\u00edficas y el desarrollo de soluciones \u00fanicas para satisfacer esas necesidades.<\/p>\n","protected":false},"excerpt":{"rendered":"<p>\u00bfC\u00f3mo Pueden los ingenieros solucionar problemas mec\u00e1nicos junto a controles electr\u00f3nicos en estos d\u00edas? NX Mechatronics Concept Designer\u00a0 (Concepto de Dise\u00f1o Mecatr\u00f3nico en espa\u00f1ol) es una herramienta de simulaci\u00f3n de SIEMENS PLM que re\u00fane caracter\u00edsticas mec\u00e1nicas, electr\u00f3nicas y de control. MCD es una soluci\u00f3n nueva y fresca para el dise\u00f1o industrial de m\u00e1quinas y herramientas [&hellip;]<\/p>\n","protected":false},"author":1,"featured_media":0,"parent":1641,"menu_order":0,"comment_status":"open","ping_status":"open","template":"automatizacion.php","meta":{"footnotes":""},"class_list":["post-1261","page","type-page","status-publish","hentry"],"yoast_head":"<!-- This site is optimized with the Yoast SEO plugin v27.4 - https:\/\/yoast.com\/product\/yoast-seo-wordpress\/ -->\n<title>\u00bfC\u00f3mo Pueden los ingenieros solucionar problemas mec\u00e1nicos junto a controles electr\u00f3nicos en estos d\u00edas? - TechDesign - Automatizaci&oacute;n, PLCs CAD CAM CNC servomotores robots Cursos<\/title>\n<meta name=\"robots\" content=\"index, follow, max-snippet:-1, max-image-preview:large, max-video-preview:-1\" \/>\n<link rel=\"canonical\" href=\"https:\/\/techdesign.com.ec\/techw\/blog-foros\/como-pueden-los-ingenieros-solucionar-problemas-mecanicos-junto-a-controles-electronicos-en-estos-dias\/\" \/>\n<meta property=\"og:locale\" content=\"es_ES\" \/>\n<meta property=\"og:type\" content=\"article\" \/>\n<meta property=\"og:title\" content=\"\u00bfC\u00f3mo Pueden los ingenieros solucionar problemas mec\u00e1nicos junto a controles electr\u00f3nicos en estos d\u00edas? - TechDesign - Automatizaci&oacute;n, PLCs CAD CAM CNC servomotores robots Cursos\" \/>\n<meta property=\"og:description\" content=\"\u00bfC\u00f3mo Pueden los ingenieros solucionar problemas mec\u00e1nicos junto a controles electr\u00f3nicos en estos d\u00edas? NX Mechatronics Concept Designer\u00a0 (Concepto de Dise\u00f1o Mecatr\u00f3nico en espa\u00f1ol) es una herramienta de simulaci\u00f3n de SIEMENS PLM que re\u00fane caracter\u00edsticas mec\u00e1nicas, electr\u00f3nicas y de control. MCD es una soluci\u00f3n nueva y fresca para el dise\u00f1o industrial de m\u00e1quinas y herramientas [&hellip;]\" \/>\n<meta property=\"og:url\" content=\"https:\/\/techdesign.com.ec\/techw\/blog-foros\/como-pueden-los-ingenieros-solucionar-problemas-mecanicos-junto-a-controles-electronicos-en-estos-dias\/\" \/>\n<meta property=\"og:site_name\" content=\"TechDesign - Automatizaci&oacute;n, PLCs CAD CAM CNC servomotores robots Cursos\" \/>\n<meta property=\"article:modified_time\" content=\"2016-03-19T04:22:53+00:00\" \/>\n<meta property=\"og:image\" content=\"https:\/\/techdesign.com.ec\/techw\/wp-content\/uploads\/2016\/02\/brazo-robot-GSK-con-prensa-y-gripper.png\" \/>\n\t<meta property=\"og:image:width\" content=\"453\" \/>\n\t<meta property=\"og:image:height\" content=\"232\" \/>\n\t<meta property=\"og:image:type\" content=\"image\/png\" \/>\n<meta name=\"twitter:card\" content=\"summary_large_image\" \/>\n<meta name=\"twitter:label1\" content=\"Tiempo de lectura\" \/>\n\t<meta name=\"twitter:data1\" content=\"3 minutos\" \/>\n<script type=\"application\/ld+json\" class=\"yoast-schema-graph\">{\"@context\":\"https:\\\/\\\/schema.org\",\"@graph\":[{\"@type\":\"WebPage\",\"@id\":\"https:\\\/\\\/techdesign.com.ec\\\/techw\\\/blog-foros\\\/como-pueden-los-ingenieros-solucionar-problemas-mecanicos-junto-a-controles-electronicos-en-estos-dias\\\/\",\"url\":\"https:\\\/\\\/techdesign.com.ec\\\/techw\\\/blog-foros\\\/como-pueden-los-ingenieros-solucionar-problemas-mecanicos-junto-a-controles-electronicos-en-estos-dias\\\/\",\"name\":\"\u00bfC\u00f3mo Pueden los ingenieros solucionar problemas mec\u00e1nicos junto a controles electr\u00f3nicos en estos d\u00edas? - TechDesign - Automatizaci&oacute;n, PLCs CAD CAM CNC servomotores robots Cursos\",\"isPartOf\":{\"@id\":\"https:\\\/\\\/techdesign.com.ec\\\/techw\\\/#website\"},\"primaryImageOfPage\":{\"@id\":\"https:\\\/\\\/techdesign.com.ec\\\/techw\\\/blog-foros\\\/como-pueden-los-ingenieros-solucionar-problemas-mecanicos-junto-a-controles-electronicos-en-estos-dias\\\/#primaryimage\"},\"image\":{\"@id\":\"https:\\\/\\\/techdesign.com.ec\\\/techw\\\/blog-foros\\\/como-pueden-los-ingenieros-solucionar-problemas-mecanicos-junto-a-controles-electronicos-en-estos-dias\\\/#primaryimage\"},\"thumbnailUrl\":\"https:\\\/\\\/techdesign.com.ec\\\/techw\\\/wp-content\\\/uploads\\\/2016\\\/02\\\/brazo-robot-GSK-con-prensa-y-gripper.png\",\"datePublished\":\"2016-02-29T21:43:05+00:00\",\"dateModified\":\"2016-03-19T04:22:53+00:00\",\"breadcrumb\":{\"@id\":\"https:\\\/\\\/techdesign.com.ec\\\/techw\\\/blog-foros\\\/como-pueden-los-ingenieros-solucionar-problemas-mecanicos-junto-a-controles-electronicos-en-estos-dias\\\/#breadcrumb\"},\"inLanguage\":\"es\",\"potentialAction\":[{\"@type\":\"ReadAction\",\"target\":[\"https:\\\/\\\/techdesign.com.ec\\\/techw\\\/blog-foros\\\/como-pueden-los-ingenieros-solucionar-problemas-mecanicos-junto-a-controles-electronicos-en-estos-dias\\\/\"]}]},{\"@type\":\"ImageObject\",\"inLanguage\":\"es\",\"@id\":\"https:\\\/\\\/techdesign.com.ec\\\/techw\\\/blog-foros\\\/como-pueden-los-ingenieros-solucionar-problemas-mecanicos-junto-a-controles-electronicos-en-estos-dias\\\/#primaryimage\",\"url\":\"https:\\\/\\\/techdesign.com.ec\\\/techw\\\/wp-content\\\/uploads\\\/2016\\\/02\\\/brazo-robot-GSK-con-prensa-y-gripper.png\",\"contentUrl\":\"https:\\\/\\\/techdesign.com.ec\\\/techw\\\/wp-content\\\/uploads\\\/2016\\\/02\\\/brazo-robot-GSK-con-prensa-y-gripper.png\"},{\"@type\":\"BreadcrumbList\",\"@id\":\"https:\\\/\\\/techdesign.com.ec\\\/techw\\\/blog-foros\\\/como-pueden-los-ingenieros-solucionar-problemas-mecanicos-junto-a-controles-electronicos-en-estos-dias\\\/#breadcrumb\",\"itemListElement\":[{\"@type\":\"ListItem\",\"position\":1,\"name\":\"Portada\",\"item\":\"https:\\\/\\\/techdesign.com.ec\\\/techw\\\/\"},{\"@type\":\"ListItem\",\"position\":2,\"name\":\"BLOG FOROS\",\"item\":\"https:\\\/\\\/techdesign.com.ec\\\/techw\\\/blog-foros\\\/\"},{\"@type\":\"ListItem\",\"position\":3,\"name\":\"\u00bfC\u00f3mo Pueden los ingenieros solucionar problemas mec\u00e1nicos junto a controles electr\u00f3nicos en estos d\u00edas?\"}]},{\"@type\":\"WebSite\",\"@id\":\"https:\\\/\\\/techdesign.com.ec\\\/techw\\\/#website\",\"url\":\"https:\\\/\\\/techdesign.com.ec\\\/techw\\\/\",\"name\":\"TechDesign - Automatizaci&oacute;n, PLCs CAD CAM CNC servomotores robots Cursos\",\"description\":\"Automatizaci&oacute;n y Optimizaci&oacute;n de Procesos Industriales, ingenier&iacute;a mecatr&oacute;nica, cad cam cae cnc\",\"publisher\":{\"@id\":\"https:\\\/\\\/techdesign.com.ec\\\/techw\\\/#organization\"},\"potentialAction\":[{\"@type\":\"SearchAction\",\"target\":{\"@type\":\"EntryPoint\",\"urlTemplate\":\"https:\\\/\\\/techdesign.com.ec\\\/techw\\\/?s={search_term_string}\"},\"query-input\":{\"@type\":\"PropertyValueSpecification\",\"valueRequired\":true,\"valueName\":\"search_term_string\"}}],\"inLanguage\":\"es\"},{\"@type\":\"Organization\",\"@id\":\"https:\\\/\\\/techdesign.com.ec\\\/techw\\\/#organization\",\"name\":\"TechDesign - Automatizaci&oacute;n, PLCs CAD CAM CNC servomotores robots Cursos\",\"url\":\"https:\\\/\\\/techdesign.com.ec\\\/techw\\\/\",\"logo\":{\"@type\":\"ImageObject\",\"inLanguage\":\"es\",\"@id\":\"https:\\\/\\\/techdesign.com.ec\\\/techw\\\/#\\\/schema\\\/logo\\\/image\\\/\",\"url\":\"https:\\\/\\\/techdesign.com.ec\\\/techw\\\/wp-content\\\/uploads\\\/2020\\\/01\\\/Logo-TechDesign_new500.png\",\"contentUrl\":\"https:\\\/\\\/techdesign.com.ec\\\/techw\\\/wp-content\\\/uploads\\\/2020\\\/01\\\/Logo-TechDesign_new500.png\",\"width\":515,\"height\":237,\"caption\":\"TechDesign - Automatizaci&oacute;n, PLCs CAD CAM CNC servomotores robots Cursos\"},\"image\":{\"@id\":\"https:\\\/\\\/techdesign.com.ec\\\/techw\\\/#\\\/schema\\\/logo\\\/image\\\/\"}}]}<\/script>\n<!-- \/ Yoast SEO plugin. -->","yoast_head_json":{"title":"\u00bfC\u00f3mo Pueden los ingenieros solucionar problemas mec\u00e1nicos junto a controles electr\u00f3nicos en estos d\u00edas? - TechDesign - Automatizaci&oacute;n, PLCs CAD CAM CNC servomotores robots Cursos","robots":{"index":"index","follow":"follow","max-snippet":"max-snippet:-1","max-image-preview":"max-image-preview:large","max-video-preview":"max-video-preview:-1"},"canonical":"https:\/\/techdesign.com.ec\/techw\/blog-foros\/como-pueden-los-ingenieros-solucionar-problemas-mecanicos-junto-a-controles-electronicos-en-estos-dias\/","og_locale":"es_ES","og_type":"article","og_title":"\u00bfC\u00f3mo Pueden los ingenieros solucionar problemas mec\u00e1nicos junto a controles electr\u00f3nicos en estos d\u00edas? - TechDesign - Automatizaci&oacute;n, PLCs CAD CAM CNC servomotores robots Cursos","og_description":"\u00bfC\u00f3mo Pueden los ingenieros solucionar problemas mec\u00e1nicos junto a controles electr\u00f3nicos en estos d\u00edas? NX Mechatronics Concept Designer\u00a0 (Concepto de Dise\u00f1o Mecatr\u00f3nico en espa\u00f1ol) es una herramienta de simulaci\u00f3n de SIEMENS PLM que re\u00fane caracter\u00edsticas mec\u00e1nicas, electr\u00f3nicas y de control. MCD es una soluci\u00f3n nueva y fresca para el dise\u00f1o industrial de m\u00e1quinas y herramientas [&hellip;]","og_url":"https:\/\/techdesign.com.ec\/techw\/blog-foros\/como-pueden-los-ingenieros-solucionar-problemas-mecanicos-junto-a-controles-electronicos-en-estos-dias\/","og_site_name":"TechDesign - Automatizaci&oacute;n, PLCs CAD CAM CNC servomotores robots Cursos","article_modified_time":"2016-03-19T04:22:53+00:00","og_image":[{"width":453,"height":232,"url":"https:\/\/techdesign.com.ec\/techw\/wp-content\/uploads\/2016\/02\/brazo-robot-GSK-con-prensa-y-gripper.png","type":"image\/png"}],"twitter_card":"summary_large_image","twitter_misc":{"Tiempo de lectura":"3 minutos"},"schema":{"@context":"https:\/\/schema.org","@graph":[{"@type":"WebPage","@id":"https:\/\/techdesign.com.ec\/techw\/blog-foros\/como-pueden-los-ingenieros-solucionar-problemas-mecanicos-junto-a-controles-electronicos-en-estos-dias\/","url":"https:\/\/techdesign.com.ec\/techw\/blog-foros\/como-pueden-los-ingenieros-solucionar-problemas-mecanicos-junto-a-controles-electronicos-en-estos-dias\/","name":"\u00bfC\u00f3mo Pueden los ingenieros solucionar problemas mec\u00e1nicos junto a controles electr\u00f3nicos en estos d\u00edas? - TechDesign - Automatizaci&oacute;n, PLCs CAD CAM CNC servomotores robots Cursos","isPartOf":{"@id":"https:\/\/techdesign.com.ec\/techw\/#website"},"primaryImageOfPage":{"@id":"https:\/\/techdesign.com.ec\/techw\/blog-foros\/como-pueden-los-ingenieros-solucionar-problemas-mecanicos-junto-a-controles-electronicos-en-estos-dias\/#primaryimage"},"image":{"@id":"https:\/\/techdesign.com.ec\/techw\/blog-foros\/como-pueden-los-ingenieros-solucionar-problemas-mecanicos-junto-a-controles-electronicos-en-estos-dias\/#primaryimage"},"thumbnailUrl":"https:\/\/techdesign.com.ec\/techw\/wp-content\/uploads\/2016\/02\/brazo-robot-GSK-con-prensa-y-gripper.png","datePublished":"2016-02-29T21:43:05+00:00","dateModified":"2016-03-19T04:22:53+00:00","breadcrumb":{"@id":"https:\/\/techdesign.com.ec\/techw\/blog-foros\/como-pueden-los-ingenieros-solucionar-problemas-mecanicos-junto-a-controles-electronicos-en-estos-dias\/#breadcrumb"},"inLanguage":"es","potentialAction":[{"@type":"ReadAction","target":["https:\/\/techdesign.com.ec\/techw\/blog-foros\/como-pueden-los-ingenieros-solucionar-problemas-mecanicos-junto-a-controles-electronicos-en-estos-dias\/"]}]},{"@type":"ImageObject","inLanguage":"es","@id":"https:\/\/techdesign.com.ec\/techw\/blog-foros\/como-pueden-los-ingenieros-solucionar-problemas-mecanicos-junto-a-controles-electronicos-en-estos-dias\/#primaryimage","url":"https:\/\/techdesign.com.ec\/techw\/wp-content\/uploads\/2016\/02\/brazo-robot-GSK-con-prensa-y-gripper.png","contentUrl":"https:\/\/techdesign.com.ec\/techw\/wp-content\/uploads\/2016\/02\/brazo-robot-GSK-con-prensa-y-gripper.png"},{"@type":"BreadcrumbList","@id":"https:\/\/techdesign.com.ec\/techw\/blog-foros\/como-pueden-los-ingenieros-solucionar-problemas-mecanicos-junto-a-controles-electronicos-en-estos-dias\/#breadcrumb","itemListElement":[{"@type":"ListItem","position":1,"name":"Portada","item":"https:\/\/techdesign.com.ec\/techw\/"},{"@type":"ListItem","position":2,"name":"BLOG FOROS","item":"https:\/\/techdesign.com.ec\/techw\/blog-foros\/"},{"@type":"ListItem","position":3,"name":"\u00bfC\u00f3mo Pueden los ingenieros solucionar problemas mec\u00e1nicos junto a controles electr\u00f3nicos en estos d\u00edas?"}]},{"@type":"WebSite","@id":"https:\/\/techdesign.com.ec\/techw\/#website","url":"https:\/\/techdesign.com.ec\/techw\/","name":"TechDesign - Automatizaci&oacute;n, PLCs CAD CAM CNC servomotores robots Cursos","description":"Automatizaci&oacute;n y Optimizaci&oacute;n de Procesos Industriales, ingenier&iacute;a mecatr&oacute;nica, cad cam cae cnc","publisher":{"@id":"https:\/\/techdesign.com.ec\/techw\/#organization"},"potentialAction":[{"@type":"SearchAction","target":{"@type":"EntryPoint","urlTemplate":"https:\/\/techdesign.com.ec\/techw\/?s={search_term_string}"},"query-input":{"@type":"PropertyValueSpecification","valueRequired":true,"valueName":"search_term_string"}}],"inLanguage":"es"},{"@type":"Organization","@id":"https:\/\/techdesign.com.ec\/techw\/#organization","name":"TechDesign - Automatizaci&oacute;n, PLCs CAD CAM CNC servomotores robots Cursos","url":"https:\/\/techdesign.com.ec\/techw\/","logo":{"@type":"ImageObject","inLanguage":"es","@id":"https:\/\/techdesign.com.ec\/techw\/#\/schema\/logo\/image\/","url":"https:\/\/techdesign.com.ec\/techw\/wp-content\/uploads\/2020\/01\/Logo-TechDesign_new500.png","contentUrl":"https:\/\/techdesign.com.ec\/techw\/wp-content\/uploads\/2020\/01\/Logo-TechDesign_new500.png","width":515,"height":237,"caption":"TechDesign - Automatizaci&oacute;n, PLCs CAD CAM CNC servomotores robots Cursos"},"image":{"@id":"https:\/\/techdesign.com.ec\/techw\/#\/schema\/logo\/image\/"}}]}},"_links":{"self":[{"href":"https:\/\/techdesign.com.ec\/techw\/wp-json\/wp\/v2\/pages\/1261","targetHints":{"allow":["GET"]}}],"collection":[{"href":"https:\/\/techdesign.com.ec\/techw\/wp-json\/wp\/v2\/pages"}],"about":[{"href":"https:\/\/techdesign.com.ec\/techw\/wp-json\/wp\/v2\/types\/page"}],"author":[{"embeddable":true,"href":"https:\/\/techdesign.com.ec\/techw\/wp-json\/wp\/v2\/users\/1"}],"replies":[{"embeddable":true,"href":"https:\/\/techdesign.com.ec\/techw\/wp-json\/wp\/v2\/comments?post=1261"}],"version-history":[{"count":1,"href":"https:\/\/techdesign.com.ec\/techw\/wp-json\/wp\/v2\/pages\/1261\/revisions"}],"predecessor-version":[{"id":2073,"href":"https:\/\/techdesign.com.ec\/techw\/wp-json\/wp\/v2\/pages\/1261\/revisions\/2073"}],"up":[{"embeddable":true,"href":"https:\/\/techdesign.com.ec\/techw\/wp-json\/wp\/v2\/pages\/1641"}],"wp:attachment":[{"href":"https:\/\/techdesign.com.ec\/techw\/wp-json\/wp\/v2\/media?parent=1261"}],"curies":[{"name":"wp","href":"https:\/\/api.w.org\/{rel}","templated":true}]}}