{"id":1180,"date":"2016-02-18T14:19:02","date_gmt":"2016-02-18T19:19:02","guid":{"rendered":"https:\/\/techdesign.com.ec\/techw\/?page_id=1180"},"modified":"2019-08-16T12:22:41","modified_gmt":"2019-08-16T17:22:41","slug":"re-potenciacion-de-una-guillotina-polar-usando-servomotores-ac","status":"publish","type":"page","link":"https:\/\/techdesign.com.ec\/techw\/blog-foros\/re-potenciacion-de-una-guillotina-polar-usando-servomotores-ac\/","title":{"rendered":"Re-potenciaci\u00f3n de una Guillotina para cortar papel, Polar para corte de papel usando Servomotores AC"},"content":{"rendered":"<p><a href=\"https:\/\/techdesign.com.ec\/techw\/servomotores-ac-gsk-xinje-siemens-mitsubishi-yaskawa\/\"><img loading=\"lazy\" decoding=\"async\" class=\"alignnone size-full wp-image-1181\" src=\"https:\/\/techdesign.com.ec\/techw\/wp-content\/uploads\/2016\/02\/re_potenciaci\u00f3n_guillotina_polar_usando_servomotores.jpg\" alt=\"re_potenciaci\u00f3n_guillotina_polar_usando_servomotores\" width=\"378\" height=\"284\" srcset=\"https:\/\/techdesign.com.ec\/techw\/wp-content\/uploads\/2016\/02\/re_potenciaci\u00f3n_guillotina_polar_usando_servomotores.jpg 378w, https:\/\/techdesign.com.ec\/techw\/wp-content\/uploads\/2016\/02\/re_potenciaci\u00f3n_guillotina_polar_usando_servomotores-300x225.jpg 300w\" sizes=\"auto, (max-width: 378px) 100vw, 378px\" \/><\/a><\/p>\n<p style=\"text-align: justify;\">Para aquellas personas, t\u00e9cnicos e <a href=\"https:\/\/techdesign.com.ec\/techw\/servomotores-ac-gsk-xinje-siemens-mitsubishi-yaskawa\/\">ingenieros<\/a> interesados en la mediana y grande industria del papel donde es importante contar con la precisi\u00f3n y rapidez en las l\u00edneas de producci\u00f3n, especialmente en la etapa de impresi\u00f3n y corte<\/p>\n<p style=\"text-align: justify;\">Les comparto un proyecto que realice en una empresa que se dedica a la impresi\u00f3n y corte de papeletas. Ellos tienen una <b>Guillotina Polar para corte de papel<\/b> la cual sufri\u00f3 un desperfecto en el motor trif\u00e1sico encargado del movimiento de la bancada mec\u00e1nica o mesa, la misma que establece la medida de corte.<\/p>\n<p style=\"text-align: justify;\">El objetivo de este proyecto fue restablecer el funcionamiento de la <b>Guillotina Polar para corte de <\/b><b>papel<\/b>. De igual forma aumentar la rapidez y precisi\u00f3n en el corte controlando la posici\u00f3jn de la bancada mec\u00e1nica, anteriormente este proceso de medici\u00f3n se lo hac\u00eda de forma manual. Por otro lado se implement\u00f3 una funci\u00f3n de almacenamiento de recetas para la <b>Guillotina Polar para corte de papel<i> <\/i><\/b>con el fin de cortar grandes lotes de <b>papel<\/b> y de diferentes tipos de medidas.<\/p>\n<p style=\"text-align: justify;\">Para la repotenciaci\u00f3n se procedi\u00f3 a cambiar el motor trif\u00e1sico por un <a href=\"https:\/\/techdesign.com.ec\/techw\/servomotores-ac-gsk-xinje-siemens-mitsubishi-yaskawa\/\">servomotor AC<\/a>, para el control de posici\u00f3n se implement\u00f3 un Encoder incremental externo, adicionalmente se us\u00f3 un <a href=\"https:\/\/techdesign.com.ec\/techw\/plcs-siemens-s7-1200-xinje-mitsubishi\/\">PLC XINJE XC3<\/a> el cual cuenta con entradas y salidas r\u00e1pidas ideal para el control del servomotor y la lectura del Encoder.<\/p>\n<p style=\"text-align: justify;\">El <a href=\"https:\/\/techdesign.com.ec\/techw\/plcs-siemens-s7-1200-xinje-mitsubishi\/\">PLC<\/a> adem\u00e1s de controlar la posici\u00f3n de la bancada mec\u00e1nica fue usado tambi\u00e9n para la funci\u00f3n de almacenamiento de las recetas a trav\u00e9s de sus registros de memoria ROM, de esta forma la <b>guillotina cortadora de papel<\/b>\u00a0es capaz de almacenar medidas de corte sin que estas se pierdan frente a la ausencia de energ\u00eda.<\/p>\n<p style=\"text-align: justify;\">En conclusi\u00f3n, se consigui\u00f3 mayor precisi\u00f3n en las medidas de corte, aumento en la producci\u00f3n de los lotes de papel y se aument\u00f3 una funci\u00f3n adicional de recetas a la <b>Guillotina de Corte de Papel<\/b>.<\/p>\n<p style=\"text-align: justify;\">Cualquier duda o inquietud sobre este proyecto no duden en escribir para m\u00e1s informaci\u00f3n.<\/p>\n<p>Link: <a href=\"https:\/\/techdesign.com.ec\/techw\/como-mejorar-la-produccion-en-maquinas-selladoras-de-fundas-plasticas-usando-servomotores-ac\/\">https:\/\/techdesign.com.ec\/techw\/como-mejorar-la-produccion-en-maquinas-selladoras-de-fundas-plasticas-usando-servomotores-ac\/<\/a><\/p>\n<p>Cont\u00e1ctenos en Quito al\u00a00998019575 \/ +593 \u2013 2 \u2013 2922-090\/ 2920-462\u00a0\/ 2431-428<\/p>\n<p><a href=\"http:\/\/www.techdesign.com.ec\">www.techdesign.com.ec<\/a><\/p>\n<p><a href=\"https:\/\/www.youtube.com\/watch?v=PWDl4gW1ud4\">https:\/\/www.youtube.com\/watch?v=PWDl4gW1ud4<\/a><\/p>\n","protected":false},"excerpt":{"rendered":"<p>Para aquellas personas, t\u00e9cnicos e ingenieros interesados en la mediana y grande industria del papel donde es importante contar con la precisi\u00f3n y rapidez en las l\u00edneas de producci\u00f3n, especialmente en la etapa de impresi\u00f3n y corte Les comparto un proyecto que realice en una empresa que se dedica a la impresi\u00f3n y corte de [&hellip;]<\/p>\n","protected":false},"author":1,"featured_media":0,"parent":1641,"menu_order":0,"comment_status":"open","ping_status":"open","template":"automatizacion.php","meta":{"footnotes":""},"class_list":["post-1180","page","type-page","status-publish","hentry"],"yoast_head":"<!-- This site is optimized with the Yoast SEO plugin v27.4 - https:\/\/yoast.com\/product\/yoast-seo-wordpress\/ -->\n<title>Re-potenciaci\u00f3n de una Guillotina para cortar papel, Polar para corte de papel usando Servomotores AC - TechDesign - Automatizaci&oacute;n, PLCs CAD CAM CNC servomotores robots Cursos<\/title>\n<meta name=\"robots\" content=\"index, follow, max-snippet:-1, max-image-preview:large, max-video-preview:-1\" \/>\n<link rel=\"canonical\" href=\"https:\/\/techdesign.com.ec\/techw\/blog-foros\/re-potenciacion-de-una-guillotina-polar-usando-servomotores-ac\/\" \/>\n<meta property=\"og:locale\" content=\"es_ES\" \/>\n<meta property=\"og:type\" content=\"article\" \/>\n<meta property=\"og:title\" content=\"Re-potenciaci\u00f3n de una Guillotina para cortar papel, Polar para corte de papel usando Servomotores AC - TechDesign - Automatizaci&oacute;n, PLCs CAD CAM CNC servomotores robots Cursos\" \/>\n<meta property=\"og:description\" content=\"Para aquellas personas, t\u00e9cnicos e ingenieros interesados en la mediana y grande industria del papel donde es importante contar con la precisi\u00f3n y rapidez en las l\u00edneas de producci\u00f3n, especialmente en la etapa de impresi\u00f3n y corte Les comparto un proyecto que realice en una empresa que se dedica a la impresi\u00f3n y corte de [&hellip;]\" \/>\n<meta property=\"og:url\" content=\"https:\/\/techdesign.com.ec\/techw\/blog-foros\/re-potenciacion-de-una-guillotina-polar-usando-servomotores-ac\/\" \/>\n<meta property=\"og:site_name\" content=\"TechDesign - Automatizaci&oacute;n, PLCs CAD CAM CNC servomotores robots Cursos\" \/>\n<meta property=\"article:modified_time\" content=\"2019-08-16T17:22:41+00:00\" \/>\n<meta name=\"twitter:card\" content=\"summary_large_image\" \/>\n<meta name=\"twitter:label1\" content=\"Tiempo de lectura\" \/>\n\t<meta name=\"twitter:data1\" content=\"2 minutos\" \/>\n<script type=\"application\/ld+json\" class=\"yoast-schema-graph\">{\"@context\":\"https:\\\/\\\/schema.org\",\"@graph\":[{\"@type\":\"WebPage\",\"@id\":\"https:\\\/\\\/techdesign.com.ec\\\/techw\\\/blog-foros\\\/re-potenciacion-de-una-guillotina-polar-usando-servomotores-ac\\\/\",\"url\":\"https:\\\/\\\/techdesign.com.ec\\\/techw\\\/blog-foros\\\/re-potenciacion-de-una-guillotina-polar-usando-servomotores-ac\\\/\",\"name\":\"Re-potenciaci\u00f3n de una Guillotina para cortar papel, Polar para corte de papel usando Servomotores AC - TechDesign - Automatizaci&oacute;n, PLCs CAD CAM CNC servomotores robots Cursos\",\"isPartOf\":{\"@id\":\"https:\\\/\\\/techdesign.com.ec\\\/techw\\\/#website\"},\"datePublished\":\"2016-02-18T19:19:02+00:00\",\"dateModified\":\"2019-08-16T17:22:41+00:00\",\"breadcrumb\":{\"@id\":\"https:\\\/\\\/techdesign.com.ec\\\/techw\\\/blog-foros\\\/re-potenciacion-de-una-guillotina-polar-usando-servomotores-ac\\\/#breadcrumb\"},\"inLanguage\":\"es\",\"potentialAction\":[{\"@type\":\"ReadAction\",\"target\":[\"https:\\\/\\\/techdesign.com.ec\\\/techw\\\/blog-foros\\\/re-potenciacion-de-una-guillotina-polar-usando-servomotores-ac\\\/\"]}]},{\"@type\":\"BreadcrumbList\",\"@id\":\"https:\\\/\\\/techdesign.com.ec\\\/techw\\\/blog-foros\\\/re-potenciacion-de-una-guillotina-polar-usando-servomotores-ac\\\/#breadcrumb\",\"itemListElement\":[{\"@type\":\"ListItem\",\"position\":1,\"name\":\"Portada\",\"item\":\"https:\\\/\\\/techdesign.com.ec\\\/techw\\\/\"},{\"@type\":\"ListItem\",\"position\":2,\"name\":\"BLOG FOROS\",\"item\":\"https:\\\/\\\/techdesign.com.ec\\\/techw\\\/blog-foros\\\/\"},{\"@type\":\"ListItem\",\"position\":3,\"name\":\"Re-potenciaci\u00f3n de una Guillotina para cortar papel, Polar para corte de papel usando Servomotores AC\"}]},{\"@type\":\"WebSite\",\"@id\":\"https:\\\/\\\/techdesign.com.ec\\\/techw\\\/#website\",\"url\":\"https:\\\/\\\/techdesign.com.ec\\\/techw\\\/\",\"name\":\"TechDesign - Automatizaci&oacute;n, PLCs CAD CAM CNC servomotores robots Cursos\",\"description\":\"Automatizaci&oacute;n y Optimizaci&oacute;n de Procesos Industriales, ingenier&iacute;a mecatr&oacute;nica, cad cam cae cnc\",\"publisher\":{\"@id\":\"https:\\\/\\\/techdesign.com.ec\\\/techw\\\/#organization\"},\"potentialAction\":[{\"@type\":\"SearchAction\",\"target\":{\"@type\":\"EntryPoint\",\"urlTemplate\":\"https:\\\/\\\/techdesign.com.ec\\\/techw\\\/?s={search_term_string}\"},\"query-input\":{\"@type\":\"PropertyValueSpecification\",\"valueRequired\":true,\"valueName\":\"search_term_string\"}}],\"inLanguage\":\"es\"},{\"@type\":\"Organization\",\"@id\":\"https:\\\/\\\/techdesign.com.ec\\\/techw\\\/#organization\",\"name\":\"TechDesign - Automatizaci&oacute;n, PLCs CAD CAM CNC servomotores robots Cursos\",\"url\":\"https:\\\/\\\/techdesign.com.ec\\\/techw\\\/\",\"logo\":{\"@type\":\"ImageObject\",\"inLanguage\":\"es\",\"@id\":\"https:\\\/\\\/techdesign.com.ec\\\/techw\\\/#\\\/schema\\\/logo\\\/image\\\/\",\"url\":\"https:\\\/\\\/techdesign.com.ec\\\/techw\\\/wp-content\\\/uploads\\\/2020\\\/01\\\/Logo-TechDesign_new500.png\",\"contentUrl\":\"https:\\\/\\\/techdesign.com.ec\\\/techw\\\/wp-content\\\/uploads\\\/2020\\\/01\\\/Logo-TechDesign_new500.png\",\"width\":515,\"height\":237,\"caption\":\"TechDesign - Automatizaci&oacute;n, PLCs CAD CAM CNC servomotores robots Cursos\"},\"image\":{\"@id\":\"https:\\\/\\\/techdesign.com.ec\\\/techw\\\/#\\\/schema\\\/logo\\\/image\\\/\"}}]}<\/script>\n<!-- \/ Yoast SEO plugin. -->","yoast_head_json":{"title":"Re-potenciaci\u00f3n de una Guillotina para cortar papel, Polar para corte de papel usando Servomotores AC - TechDesign - Automatizaci&oacute;n, PLCs CAD CAM CNC servomotores robots Cursos","robots":{"index":"index","follow":"follow","max-snippet":"max-snippet:-1","max-image-preview":"max-image-preview:large","max-video-preview":"max-video-preview:-1"},"canonical":"https:\/\/techdesign.com.ec\/techw\/blog-foros\/re-potenciacion-de-una-guillotina-polar-usando-servomotores-ac\/","og_locale":"es_ES","og_type":"article","og_title":"Re-potenciaci\u00f3n de una Guillotina para cortar papel, Polar para corte de papel usando Servomotores AC - TechDesign - Automatizaci&oacute;n, PLCs CAD CAM CNC servomotores robots Cursos","og_description":"Para aquellas personas, t\u00e9cnicos e ingenieros interesados en la mediana y grande industria del papel donde es importante contar con la precisi\u00f3n y rapidez en las l\u00edneas de producci\u00f3n, especialmente en la etapa de impresi\u00f3n y corte Les comparto un proyecto que realice en una empresa que se dedica a la impresi\u00f3n y corte de [&hellip;]","og_url":"https:\/\/techdesign.com.ec\/techw\/blog-foros\/re-potenciacion-de-una-guillotina-polar-usando-servomotores-ac\/","og_site_name":"TechDesign - Automatizaci&oacute;n, PLCs CAD CAM CNC servomotores robots Cursos","article_modified_time":"2019-08-16T17:22:41+00:00","twitter_card":"summary_large_image","twitter_misc":{"Tiempo de lectura":"2 minutos"},"schema":{"@context":"https:\/\/schema.org","@graph":[{"@type":"WebPage","@id":"https:\/\/techdesign.com.ec\/techw\/blog-foros\/re-potenciacion-de-una-guillotina-polar-usando-servomotores-ac\/","url":"https:\/\/techdesign.com.ec\/techw\/blog-foros\/re-potenciacion-de-una-guillotina-polar-usando-servomotores-ac\/","name":"Re-potenciaci\u00f3n de una Guillotina para cortar papel, Polar para corte de papel usando Servomotores AC - TechDesign - Automatizaci&oacute;n, PLCs CAD CAM CNC servomotores robots Cursos","isPartOf":{"@id":"https:\/\/techdesign.com.ec\/techw\/#website"},"datePublished":"2016-02-18T19:19:02+00:00","dateModified":"2019-08-16T17:22:41+00:00","breadcrumb":{"@id":"https:\/\/techdesign.com.ec\/techw\/blog-foros\/re-potenciacion-de-una-guillotina-polar-usando-servomotores-ac\/#breadcrumb"},"inLanguage":"es","potentialAction":[{"@type":"ReadAction","target":["https:\/\/techdesign.com.ec\/techw\/blog-foros\/re-potenciacion-de-una-guillotina-polar-usando-servomotores-ac\/"]}]},{"@type":"BreadcrumbList","@id":"https:\/\/techdesign.com.ec\/techw\/blog-foros\/re-potenciacion-de-una-guillotina-polar-usando-servomotores-ac\/#breadcrumb","itemListElement":[{"@type":"ListItem","position":1,"name":"Portada","item":"https:\/\/techdesign.com.ec\/techw\/"},{"@type":"ListItem","position":2,"name":"BLOG FOROS","item":"https:\/\/techdesign.com.ec\/techw\/blog-foros\/"},{"@type":"ListItem","position":3,"name":"Re-potenciaci\u00f3n de una Guillotina para cortar papel, Polar para corte de papel usando Servomotores AC"}]},{"@type":"WebSite","@id":"https:\/\/techdesign.com.ec\/techw\/#website","url":"https:\/\/techdesign.com.ec\/techw\/","name":"TechDesign - Automatizaci&oacute;n, PLCs CAD CAM CNC servomotores robots Cursos","description":"Automatizaci&oacute;n y Optimizaci&oacute;n de Procesos Industriales, ingenier&iacute;a mecatr&oacute;nica, cad cam cae cnc","publisher":{"@id":"https:\/\/techdesign.com.ec\/techw\/#organization"},"potentialAction":[{"@type":"SearchAction","target":{"@type":"EntryPoint","urlTemplate":"https:\/\/techdesign.com.ec\/techw\/?s={search_term_string}"},"query-input":{"@type":"PropertyValueSpecification","valueRequired":true,"valueName":"search_term_string"}}],"inLanguage":"es"},{"@type":"Organization","@id":"https:\/\/techdesign.com.ec\/techw\/#organization","name":"TechDesign - Automatizaci&oacute;n, PLCs CAD CAM CNC servomotores robots Cursos","url":"https:\/\/techdesign.com.ec\/techw\/","logo":{"@type":"ImageObject","inLanguage":"es","@id":"https:\/\/techdesign.com.ec\/techw\/#\/schema\/logo\/image\/","url":"https:\/\/techdesign.com.ec\/techw\/wp-content\/uploads\/2020\/01\/Logo-TechDesign_new500.png","contentUrl":"https:\/\/techdesign.com.ec\/techw\/wp-content\/uploads\/2020\/01\/Logo-TechDesign_new500.png","width":515,"height":237,"caption":"TechDesign - Automatizaci&oacute;n, PLCs CAD CAM CNC servomotores robots Cursos"},"image":{"@id":"https:\/\/techdesign.com.ec\/techw\/#\/schema\/logo\/image\/"}}]}},"_links":{"self":[{"href":"https:\/\/techdesign.com.ec\/techw\/wp-json\/wp\/v2\/pages\/1180","targetHints":{"allow":["GET"]}}],"collection":[{"href":"https:\/\/techdesign.com.ec\/techw\/wp-json\/wp\/v2\/pages"}],"about":[{"href":"https:\/\/techdesign.com.ec\/techw\/wp-json\/wp\/v2\/types\/page"}],"author":[{"embeddable":true,"href":"https:\/\/techdesign.com.ec\/techw\/wp-json\/wp\/v2\/users\/1"}],"replies":[{"embeddable":true,"href":"https:\/\/techdesign.com.ec\/techw\/wp-json\/wp\/v2\/comments?post=1180"}],"version-history":[{"count":2,"href":"https:\/\/techdesign.com.ec\/techw\/wp-json\/wp\/v2\/pages\/1180\/revisions"}],"predecessor-version":[{"id":2072,"href":"https:\/\/techdesign.com.ec\/techw\/wp-json\/wp\/v2\/pages\/1180\/revisions\/2072"}],"up":[{"embeddable":true,"href":"https:\/\/techdesign.com.ec\/techw\/wp-json\/wp\/v2\/pages\/1641"}],"wp:attachment":[{"href":"https:\/\/techdesign.com.ec\/techw\/wp-json\/wp\/v2\/media?parent=1180"}],"curies":[{"name":"wp","href":"https:\/\/api.w.org\/{rel}","templated":true}]}}