{"id":1072,"date":"2016-02-11T14:20:35","date_gmt":"2016-02-11T19:20:35","guid":{"rendered":"https:\/\/techdesign.com.ec\/techw\/?page_id=1072"},"modified":"2016-02-11T15:02:55","modified_gmt":"2016-02-11T20:02:55","slug":"como-mejorar-la-produccion-en-maquinas-selladoras-de-fundas-plasticas-usando-servomotores-ac","status":"publish","type":"page","link":"https:\/\/techdesign.com.ec\/techw\/como-mejorar-la-produccion-en-maquinas-selladoras-de-fundas-plasticas-usando-servomotores-ac\/","title":{"rendered":"C\u00f3mo mejorar la producci\u00f3n en m\u00e1quinas selladoras de fundas pl\u00e1sticas usando Servomotores AC"},"content":{"rendered":"<p><strong><u>C\u00f3mo mejorar la producci\u00f3n en m\u00e1quinas selladoras de fundas pl\u00e1sticas usando <a href=\"https:\/\/techdesign.com.ec\/techw\/servomotores\/\" target=\"_blank\">Servomotores AC<\/a><\/u><\/strong><\/p>\n<p><a href=\"https:\/\/techdesign.com.ec\/techw\/servomotores\/\"><img loading=\"lazy\" decoding=\"async\" class=\"alignnone wp-image-1076 size-large\" src=\"https:\/\/techdesign.com.ec\/techw\/wp-content\/uploads\/2016\/02\/DSC04397-1024x768.jpg\" alt=\"Maquina selladora de fundas pl\u00e1sticas\" width=\"1024\" height=\"768\" srcset=\"https:\/\/techdesign.com.ec\/techw\/wp-content\/uploads\/2016\/02\/DSC04397-1024x768.jpg 1024w, https:\/\/techdesign.com.ec\/techw\/wp-content\/uploads\/2016\/02\/DSC04397-300x225.jpg 300w\" sizes=\"auto, (max-width: 1024px) 100vw, 1024px\" \/><\/a><\/p>\n<p>En momentos de crisis es necesario mejorar nuestros procesos de manufactura, en las f\u00e1bricas de fundas pl\u00e1sticas, y si no podemos comprar m\u00e1quinas nuevas, lo m\u00e1s recomendable es usar las mismas m\u00e1quinas, pero mejorar el desempe\u00f1o de nuestras m\u00e1quinas, para ello usamos los <a href=\"https:\/\/techdesign.com.ec\/techw\/servomotores\/\" target=\"_blank\">servomotores<\/a> que brindan altas velocidades de giro, gran torque para movimientos de avance y precisi\u00f3n en los cortes.<\/p>\n<p>Con el uso de <a href=\"https:\/\/techdesign.com.ec\/techw\/servomotores\/\" target=\"_blank\">servomotores<\/a> podemos mejorar la producci\u00f3n un 30% m\u00e1s que con sistemas de freno y embrague, que son muy caros, se desgastan y no son muy precisos.\u00e7<\/p>\n<p><a href=\"https:\/\/techdesign.com.ec\/techw\/servomotores\/\"><img loading=\"lazy\" decoding=\"async\" class=\"alignnone wp-image-1075 size-large\" src=\"https:\/\/techdesign.com.ec\/techw\/wp-content\/uploads\/2016\/02\/DSC04395-1024x768.jpg\" alt=\"Servomotor GSK\" width=\"1024\" height=\"768\" srcset=\"https:\/\/techdesign.com.ec\/techw\/wp-content\/uploads\/2016\/02\/DSC04395-1024x768.jpg 1024w, https:\/\/techdesign.com.ec\/techw\/wp-content\/uploads\/2016\/02\/DSC04395-300x225.jpg 300w\" sizes=\"auto, (max-width: 1024px) 100vw, 1024px\" \/><\/a><\/p>\n<p>En nuestros proyectos hemos usado <a href=\"https:\/\/techdesign.com.ec\/techw\/servomotores\/\" target=\"_blank\">servomotores GSK y XINJE<\/a> con <a href=\"https:\/\/techdesign.com.ec\/techw\/plcs\/\" target=\"_blank\">plcs XC3<\/a> y <a href=\"https:\/\/techdesign.com.ec\/techw\/pantallas-tactiles-touch-panel-hmi\/\" target=\"_blank\">pantallas touch HMI<\/a> de color que permiten guardar recetas para que el operador saque los datos de producci\u00f3n , configure las dimensiones de las fundas y controle todo el proceso de sellado.<\/p>\n","protected":false},"excerpt":{"rendered":"<p>C\u00f3mo mejorar la producci\u00f3n en m\u00e1quinas selladoras de fundas pl\u00e1sticas usando Servomotores AC En momentos de crisis es necesario mejorar nuestros procesos de manufactura, en las f\u00e1bricas de fundas pl\u00e1sticas, y si no podemos comprar m\u00e1quinas nuevas, lo m\u00e1s recomendable es usar las mismas m\u00e1quinas, pero mejorar el desempe\u00f1o de nuestras m\u00e1quinas, para ello usamos [&hellip;]<\/p>\n","protected":false},"author":1,"featured_media":0,"parent":0,"menu_order":0,"comment_status":"open","ping_status":"open","template":"automatizacion.php","meta":{"footnotes":""},"class_list":["post-1072","page","type-page","status-publish","hentry"],"yoast_head":"<!-- This site is optimized with the Yoast SEO plugin v27.4 - https:\/\/yoast.com\/product\/yoast-seo-wordpress\/ -->\n<title>C\u00f3mo mejorar la producci\u00f3n en m\u00e1quinas selladoras de fundas pl\u00e1sticas usando Servomotores AC - TechDesign - Automatizaci&oacute;n, PLCs CAD CAM CNC servomotores robots Cursos<\/title>\n<meta name=\"robots\" content=\"index, follow, max-snippet:-1, max-image-preview:large, max-video-preview:-1\" \/>\n<link rel=\"canonical\" href=\"https:\/\/techdesign.com.ec\/techw\/como-mejorar-la-produccion-en-maquinas-selladoras-de-fundas-plasticas-usando-servomotores-ac\/\" \/>\n<meta property=\"og:locale\" content=\"es_ES\" \/>\n<meta property=\"og:type\" content=\"article\" \/>\n<meta property=\"og:title\" content=\"C\u00f3mo mejorar la producci\u00f3n en m\u00e1quinas selladoras de fundas pl\u00e1sticas usando Servomotores AC - TechDesign - Automatizaci&oacute;n, PLCs CAD CAM CNC servomotores robots Cursos\" \/>\n<meta property=\"og:description\" content=\"C\u00f3mo mejorar la producci\u00f3n en m\u00e1quinas selladoras de fundas pl\u00e1sticas usando Servomotores AC En momentos de crisis es necesario mejorar nuestros procesos de manufactura, en las f\u00e1bricas de fundas pl\u00e1sticas, y si no podemos comprar m\u00e1quinas nuevas, lo m\u00e1s recomendable es usar las mismas m\u00e1quinas, pero mejorar el desempe\u00f1o de nuestras m\u00e1quinas, para ello usamos [&hellip;]\" \/>\n<meta property=\"og:url\" content=\"https:\/\/techdesign.com.ec\/techw\/como-mejorar-la-produccion-en-maquinas-selladoras-de-fundas-plasticas-usando-servomotores-ac\/\" \/>\n<meta property=\"og:site_name\" content=\"TechDesign - Automatizaci&oacute;n, PLCs CAD CAM CNC servomotores robots Cursos\" \/>\n<meta property=\"article:modified_time\" content=\"2016-02-11T20:02:55+00:00\" \/>\n<meta property=\"og:image\" content=\"https:\/\/techdesign.com.ec\/techw\/wp-content\/uploads\/2016\/02\/DSC04397-1024x768.jpg\" \/>\n\t<meta property=\"og:image:width\" content=\"1024\" \/>\n\t<meta property=\"og:image:height\" content=\"768\" \/>\n\t<meta property=\"og:image:type\" content=\"image\/jpeg\" \/>\n<meta name=\"twitter:card\" content=\"summary_large_image\" \/>\n<meta name=\"twitter:label1\" content=\"Tiempo de lectura\" \/>\n\t<meta name=\"twitter:data1\" content=\"1 minuto\" \/>\n<script type=\"application\/ld+json\" class=\"yoast-schema-graph\">{\"@context\":\"https:\\\/\\\/schema.org\",\"@graph\":[{\"@type\":\"WebPage\",\"@id\":\"https:\\\/\\\/techdesign.com.ec\\\/techw\\\/como-mejorar-la-produccion-en-maquinas-selladoras-de-fundas-plasticas-usando-servomotores-ac\\\/\",\"url\":\"https:\\\/\\\/techdesign.com.ec\\\/techw\\\/como-mejorar-la-produccion-en-maquinas-selladoras-de-fundas-plasticas-usando-servomotores-ac\\\/\",\"name\":\"C\u00f3mo mejorar la producci\u00f3n en m\u00e1quinas selladoras de fundas pl\u00e1sticas usando Servomotores AC - TechDesign - Automatizaci&oacute;n, PLCs CAD CAM CNC servomotores robots Cursos\",\"isPartOf\":{\"@id\":\"https:\\\/\\\/techdesign.com.ec\\\/techw\\\/#website\"},\"primaryImageOfPage\":{\"@id\":\"https:\\\/\\\/techdesign.com.ec\\\/techw\\\/como-mejorar-la-produccion-en-maquinas-selladoras-de-fundas-plasticas-usando-servomotores-ac\\\/#primaryimage\"},\"image\":{\"@id\":\"https:\\\/\\\/techdesign.com.ec\\\/techw\\\/como-mejorar-la-produccion-en-maquinas-selladoras-de-fundas-plasticas-usando-servomotores-ac\\\/#primaryimage\"},\"thumbnailUrl\":\"https:\\\/\\\/techdesign.com.ec\\\/techw\\\/wp-content\\\/uploads\\\/2016\\\/02\\\/DSC04397-1024x768.jpg\",\"datePublished\":\"2016-02-11T19:20:35+00:00\",\"dateModified\":\"2016-02-11T20:02:55+00:00\",\"breadcrumb\":{\"@id\":\"https:\\\/\\\/techdesign.com.ec\\\/techw\\\/como-mejorar-la-produccion-en-maquinas-selladoras-de-fundas-plasticas-usando-servomotores-ac\\\/#breadcrumb\"},\"inLanguage\":\"es\",\"potentialAction\":[{\"@type\":\"ReadAction\",\"target\":[\"https:\\\/\\\/techdesign.com.ec\\\/techw\\\/como-mejorar-la-produccion-en-maquinas-selladoras-de-fundas-plasticas-usando-servomotores-ac\\\/\"]}]},{\"@type\":\"ImageObject\",\"inLanguage\":\"es\",\"@id\":\"https:\\\/\\\/techdesign.com.ec\\\/techw\\\/como-mejorar-la-produccion-en-maquinas-selladoras-de-fundas-plasticas-usando-servomotores-ac\\\/#primaryimage\",\"url\":\"https:\\\/\\\/techdesign.com.ec\\\/techw\\\/wp-content\\\/uploads\\\/2016\\\/02\\\/DSC04397.jpg\",\"contentUrl\":\"https:\\\/\\\/techdesign.com.ec\\\/techw\\\/wp-content\\\/uploads\\\/2016\\\/02\\\/DSC04397.jpg\",\"width\":3072,\"height\":2304},{\"@type\":\"BreadcrumbList\",\"@id\":\"https:\\\/\\\/techdesign.com.ec\\\/techw\\\/como-mejorar-la-produccion-en-maquinas-selladoras-de-fundas-plasticas-usando-servomotores-ac\\\/#breadcrumb\",\"itemListElement\":[{\"@type\":\"ListItem\",\"position\":1,\"name\":\"Portada\",\"item\":\"https:\\\/\\\/techdesign.com.ec\\\/techw\\\/\"},{\"@type\":\"ListItem\",\"position\":2,\"name\":\"C\u00f3mo mejorar la producci\u00f3n en m\u00e1quinas selladoras de fundas pl\u00e1sticas usando Servomotores AC\"}]},{\"@type\":\"WebSite\",\"@id\":\"https:\\\/\\\/techdesign.com.ec\\\/techw\\\/#website\",\"url\":\"https:\\\/\\\/techdesign.com.ec\\\/techw\\\/\",\"name\":\"TechDesign - Automatizaci&oacute;n, PLCs CAD CAM CNC servomotores robots Cursos\",\"description\":\"Automatizaci&oacute;n y Optimizaci&oacute;n de Procesos Industriales, ingenier&iacute;a mecatr&oacute;nica, cad cam cae cnc\",\"publisher\":{\"@id\":\"https:\\\/\\\/techdesign.com.ec\\\/techw\\\/#organization\"},\"potentialAction\":[{\"@type\":\"SearchAction\",\"target\":{\"@type\":\"EntryPoint\",\"urlTemplate\":\"https:\\\/\\\/techdesign.com.ec\\\/techw\\\/?s={search_term_string}\"},\"query-input\":{\"@type\":\"PropertyValueSpecification\",\"valueRequired\":true,\"valueName\":\"search_term_string\"}}],\"inLanguage\":\"es\"},{\"@type\":\"Organization\",\"@id\":\"https:\\\/\\\/techdesign.com.ec\\\/techw\\\/#organization\",\"name\":\"TechDesign - Automatizaci&oacute;n, PLCs CAD CAM CNC servomotores robots Cursos\",\"url\":\"https:\\\/\\\/techdesign.com.ec\\\/techw\\\/\",\"logo\":{\"@type\":\"ImageObject\",\"inLanguage\":\"es\",\"@id\":\"https:\\\/\\\/techdesign.com.ec\\\/techw\\\/#\\\/schema\\\/logo\\\/image\\\/\",\"url\":\"https:\\\/\\\/techdesign.com.ec\\\/techw\\\/wp-content\\\/uploads\\\/2020\\\/01\\\/Logo-TechDesign_new500.png\",\"contentUrl\":\"https:\\\/\\\/techdesign.com.ec\\\/techw\\\/wp-content\\\/uploads\\\/2020\\\/01\\\/Logo-TechDesign_new500.png\",\"width\":515,\"height\":237,\"caption\":\"TechDesign - Automatizaci&oacute;n, PLCs CAD CAM CNC servomotores robots Cursos\"},\"image\":{\"@id\":\"https:\\\/\\\/techdesign.com.ec\\\/techw\\\/#\\\/schema\\\/logo\\\/image\\\/\"}}]}<\/script>\n<!-- \/ Yoast SEO plugin. -->","yoast_head_json":{"title":"C\u00f3mo mejorar la producci\u00f3n en m\u00e1quinas selladoras de fundas pl\u00e1sticas usando Servomotores AC - TechDesign - Automatizaci&oacute;n, PLCs CAD CAM CNC servomotores robots Cursos","robots":{"index":"index","follow":"follow","max-snippet":"max-snippet:-1","max-image-preview":"max-image-preview:large","max-video-preview":"max-video-preview:-1"},"canonical":"https:\/\/techdesign.com.ec\/techw\/como-mejorar-la-produccion-en-maquinas-selladoras-de-fundas-plasticas-usando-servomotores-ac\/","og_locale":"es_ES","og_type":"article","og_title":"C\u00f3mo mejorar la producci\u00f3n en m\u00e1quinas selladoras de fundas pl\u00e1sticas usando Servomotores AC - TechDesign - Automatizaci&oacute;n, PLCs CAD CAM CNC servomotores robots Cursos","og_description":"C\u00f3mo mejorar la producci\u00f3n en m\u00e1quinas selladoras de fundas pl\u00e1sticas usando Servomotores AC En momentos de crisis es necesario mejorar nuestros procesos de manufactura, en las f\u00e1bricas de fundas pl\u00e1sticas, y si no podemos comprar m\u00e1quinas nuevas, lo m\u00e1s recomendable es usar las mismas m\u00e1quinas, pero mejorar el desempe\u00f1o de nuestras m\u00e1quinas, para ello usamos [&hellip;]","og_url":"https:\/\/techdesign.com.ec\/techw\/como-mejorar-la-produccion-en-maquinas-selladoras-de-fundas-plasticas-usando-servomotores-ac\/","og_site_name":"TechDesign - Automatizaci&oacute;n, PLCs CAD CAM CNC servomotores robots Cursos","article_modified_time":"2016-02-11T20:02:55+00:00","og_image":[{"width":1024,"height":768,"url":"https:\/\/techdesign.com.ec\/techw\/wp-content\/uploads\/2016\/02\/DSC04397-1024x768.jpg","type":"image\/jpeg"}],"twitter_card":"summary_large_image","twitter_misc":{"Tiempo de lectura":"1 minuto"},"schema":{"@context":"https:\/\/schema.org","@graph":[{"@type":"WebPage","@id":"https:\/\/techdesign.com.ec\/techw\/como-mejorar-la-produccion-en-maquinas-selladoras-de-fundas-plasticas-usando-servomotores-ac\/","url":"https:\/\/techdesign.com.ec\/techw\/como-mejorar-la-produccion-en-maquinas-selladoras-de-fundas-plasticas-usando-servomotores-ac\/","name":"C\u00f3mo mejorar la producci\u00f3n en m\u00e1quinas selladoras de fundas pl\u00e1sticas usando Servomotores AC - TechDesign - Automatizaci&oacute;n, PLCs CAD CAM CNC servomotores robots Cursos","isPartOf":{"@id":"https:\/\/techdesign.com.ec\/techw\/#website"},"primaryImageOfPage":{"@id":"https:\/\/techdesign.com.ec\/techw\/como-mejorar-la-produccion-en-maquinas-selladoras-de-fundas-plasticas-usando-servomotores-ac\/#primaryimage"},"image":{"@id":"https:\/\/techdesign.com.ec\/techw\/como-mejorar-la-produccion-en-maquinas-selladoras-de-fundas-plasticas-usando-servomotores-ac\/#primaryimage"},"thumbnailUrl":"https:\/\/techdesign.com.ec\/techw\/wp-content\/uploads\/2016\/02\/DSC04397-1024x768.jpg","datePublished":"2016-02-11T19:20:35+00:00","dateModified":"2016-02-11T20:02:55+00:00","breadcrumb":{"@id":"https:\/\/techdesign.com.ec\/techw\/como-mejorar-la-produccion-en-maquinas-selladoras-de-fundas-plasticas-usando-servomotores-ac\/#breadcrumb"},"inLanguage":"es","potentialAction":[{"@type":"ReadAction","target":["https:\/\/techdesign.com.ec\/techw\/como-mejorar-la-produccion-en-maquinas-selladoras-de-fundas-plasticas-usando-servomotores-ac\/"]}]},{"@type":"ImageObject","inLanguage":"es","@id":"https:\/\/techdesign.com.ec\/techw\/como-mejorar-la-produccion-en-maquinas-selladoras-de-fundas-plasticas-usando-servomotores-ac\/#primaryimage","url":"https:\/\/techdesign.com.ec\/techw\/wp-content\/uploads\/2016\/02\/DSC04397.jpg","contentUrl":"https:\/\/techdesign.com.ec\/techw\/wp-content\/uploads\/2016\/02\/DSC04397.jpg","width":3072,"height":2304},{"@type":"BreadcrumbList","@id":"https:\/\/techdesign.com.ec\/techw\/como-mejorar-la-produccion-en-maquinas-selladoras-de-fundas-plasticas-usando-servomotores-ac\/#breadcrumb","itemListElement":[{"@type":"ListItem","position":1,"name":"Portada","item":"https:\/\/techdesign.com.ec\/techw\/"},{"@type":"ListItem","position":2,"name":"C\u00f3mo mejorar la producci\u00f3n en m\u00e1quinas selladoras de fundas pl\u00e1sticas usando Servomotores AC"}]},{"@type":"WebSite","@id":"https:\/\/techdesign.com.ec\/techw\/#website","url":"https:\/\/techdesign.com.ec\/techw\/","name":"TechDesign - Automatizaci&oacute;n, PLCs CAD CAM CNC servomotores robots Cursos","description":"Automatizaci&oacute;n y Optimizaci&oacute;n de Procesos Industriales, ingenier&iacute;a mecatr&oacute;nica, cad cam cae cnc","publisher":{"@id":"https:\/\/techdesign.com.ec\/techw\/#organization"},"potentialAction":[{"@type":"SearchAction","target":{"@type":"EntryPoint","urlTemplate":"https:\/\/techdesign.com.ec\/techw\/?s={search_term_string}"},"query-input":{"@type":"PropertyValueSpecification","valueRequired":true,"valueName":"search_term_string"}}],"inLanguage":"es"},{"@type":"Organization","@id":"https:\/\/techdesign.com.ec\/techw\/#organization","name":"TechDesign - Automatizaci&oacute;n, PLCs CAD CAM CNC servomotores robots Cursos","url":"https:\/\/techdesign.com.ec\/techw\/","logo":{"@type":"ImageObject","inLanguage":"es","@id":"https:\/\/techdesign.com.ec\/techw\/#\/schema\/logo\/image\/","url":"https:\/\/techdesign.com.ec\/techw\/wp-content\/uploads\/2020\/01\/Logo-TechDesign_new500.png","contentUrl":"https:\/\/techdesign.com.ec\/techw\/wp-content\/uploads\/2020\/01\/Logo-TechDesign_new500.png","width":515,"height":237,"caption":"TechDesign - Automatizaci&oacute;n, PLCs CAD CAM CNC servomotores robots Cursos"},"image":{"@id":"https:\/\/techdesign.com.ec\/techw\/#\/schema\/logo\/image\/"}}]}},"_links":{"self":[{"href":"https:\/\/techdesign.com.ec\/techw\/wp-json\/wp\/v2\/pages\/1072","targetHints":{"allow":["GET"]}}],"collection":[{"href":"https:\/\/techdesign.com.ec\/techw\/wp-json\/wp\/v2\/pages"}],"about":[{"href":"https:\/\/techdesign.com.ec\/techw\/wp-json\/wp\/v2\/types\/page"}],"author":[{"embeddable":true,"href":"https:\/\/techdesign.com.ec\/techw\/wp-json\/wp\/v2\/users\/1"}],"replies":[{"embeddable":true,"href":"https:\/\/techdesign.com.ec\/techw\/wp-json\/wp\/v2\/comments?post=1072"}],"version-history":[{"count":0,"href":"https:\/\/techdesign.com.ec\/techw\/wp-json\/wp\/v2\/pages\/1072\/revisions"}],"wp:attachment":[{"href":"https:\/\/techdesign.com.ec\/techw\/wp-json\/wp\/v2\/media?parent=1072"}],"curies":[{"name":"wp","href":"https:\/\/api.w.org\/{rel}","templated":true}]}}